{"id":336319,"date":"2026-01-21T16:00:09","date_gmt":"2026-01-21T13:00:09","guid":{"rendered":"https:\/\/vbd.dev.sumena.ee\/?post_type=product&#038;p=336319"},"modified":"2026-02-12T18:50:10","modified_gmt":"2026-02-12T15:50:10","slug":"maisikropsud-american-turkey-cheetos-50-g","status":"publish","type":"product","link":"https:\/\/vbd.dev.sumena.ee\/en\/product-2\/maisikropsud-american-turkey-cheetos-50-g\/","title":{"rendered":"Maisikr\u00f5psud American Turkey, CHEETOS, 50 g"},"content":{"rendered":"<p><strong>Koostisosad<\/strong>: Maisit\u00e4rklis, taime\u00f5li, Ameerika v\u00fcrtsika kalkuni maitseaine (suhkur, gl\u00fckoos, SOJAKASTME pulber (SOJAKASTE, E965), NISU, SOJAUBA, sool, sibulapulber, v\u00fcrtsid, E330, E228, E262, E635, E150a, E951.<\/p>","protected":false},"excerpt":{"rendered":"<p>Koostisosad: Maisit\u00e4rklis, taime\u00f5li, Ameerika v\u00fcrtsika kalkuni maitseaine (suhkur, gl\u00fckoos, SOJAKASTME pulber (SOJAKASTE, E965), NISU, SOJAUBA, sool, sibulapulber, v\u00fcrtsid, E330, E228, E262, E635, E150a, E951.<\/p>","protected":false},"featured_media":336320,"comment_status":"open","ping_status":"closed","template":"","meta":{"_acf_changed":false},"product_brand":[],"product_cat":[80,81],"product_tag":[],"class_list":{"0":"post-336319","1":"product","2":"type-product","3":"status-publish","4":"has-post-thumbnail","6":"product_cat-snakid","7":"product_cat-kropsud","9":"first","10":"instock","11":"sale","12":"taxable","13":"shipping-taxable","14":"purchasable","15":"product-type-simple"},"supplier_id":null,"supplier_sku":"","barcode":null,"atum_controlled":true,"out_stock_date":null,"out_stock_threshold":null,"inheritable":false,"inbound_stock":0,"stock_on_hold":82,"sold_today":120,"sales_last_days":1047,"reserved_stock":0,"customer_returns":0,"warehouse_damage":0,"lost_in_post":0,"other_logs":0,"out_stock_days":0,"lost_sales":0,"has_location":false,"update_date":"2026-02-12T15:51:56","atum_locations":[],"atum_stock_status":"instock","restock_status":true,"low_stock_amount":"","sales_update_date":"2026-02-12T15:51:48","calc_backorders":null,"acf":[],"_links":{"self":[{"href":"https:\/\/vbd.dev.sumena.ee\/en\/wp-json\/wp\/v2\/product\/336319","targetHints":{"allow":["GET"]}}],"collection":[{"href":"https:\/\/vbd.dev.sumena.ee\/en\/wp-json\/wp\/v2\/product"}],"about":[{"href":"https:\/\/vbd.dev.sumena.ee\/en\/wp-json\/wp\/v2\/types\/product"}],"replies":[{"embeddable":true,"href":"https:\/\/vbd.dev.sumena.ee\/en\/wp-json\/wp\/v2\/comments?post=336319"}],"wp:featuredmedia":[{"embeddable":true,"href":"https:\/\/vbd.dev.sumena.ee\/en\/wp-json\/wp\/v2\/media\/336320"}],"wp:attachment":[{"href":"https:\/\/vbd.dev.sumena.ee\/en\/wp-json\/wp\/v2\/media?parent=336319"}],"wp:term":[{"taxonomy":"product_brand","embeddable":true,"href":"https:\/\/vbd.dev.sumena.ee\/en\/wp-json\/wp\/v2\/product_brand?post=336319"},{"taxonomy":"product_cat","embeddable":true,"href":"https:\/\/vbd.dev.sumena.ee\/en\/wp-json\/wp\/v2\/product_cat?post=336319"},{"taxonomy":"product_tag","embeddable":true,"href":"https:\/\/vbd.dev.sumena.ee\/en\/wp-json\/wp\/v2\/product_tag?post=336319"}],"curies":[{"name":"wp","href":"https:\/\/api.w.org\/{rel}","templated":true}]}}