{"id":334585,"date":"2026-01-19T20:25:50","date_gmt":"2026-01-19T17:25:50","guid":{"rendered":"https:\/\/vbd.dev.sumena.ee\/?post_type=product&#038;p=334585"},"modified":"2026-02-12T16:06:11","modified_gmt":"2026-02-12T13:06:11","slug":"niisked-salvratid-sensitive-mayeri-28-tk","status":"publish","type":"product","link":"https:\/\/vbd.dev.sumena.ee\/en\/product-2\/niisked-salvratid-sensitive-mayeri-28-tk\/","title":{"rendered":"Niisked salvr\u00e4tid Sensitive, MAYERI, 28 tk"},"content":{"rendered":"<p>Tootjapoolne kinnitus on, et salvr\u00e4tid on endiselt niisked, ei ole aegumise t\u00f5ttu \u00e4ra kuivanud.<\/p>\n<p>Universaalsed niisutatud puhastuslapid Mayeri Sensitive. Niisutatud salvr\u00e4tikud k\u00f5igi veekindlate pindade puhastamiseks. Ei sisalda l\u00f5hna- ega v\u00e4rvaineid. Eemaldab t\u00f5husalt rasva ja mustuse. Ei vaja t\u00e4iendavat loputamist.d ning on sobilik kasutamiseks allergikutele v\u00f5i tundliku nahat\u00fc\u00fcbiga tarbijatele.<\/p>","protected":false},"excerpt":{"rendered":"<p>Tootjapoolne kinnitus on, et salvr\u00e4tid on endiselt niisked, ei ole aegumise t\u00f5ttu \u00e4ra kuivanud. Universaalsed niisutatud puhastuslapid Mayeri Sensitive. Niisutatud salvr\u00e4tikud k\u00f5igi veekindlate pindade puhastamiseks. Ei sisalda l\u00f5hna- ega v\u00e4rvaineid. Eemaldab t\u00f5husalt rasva ja mustuse. Ei vaja t\u00e4iendavat loputamist.d ning on sobilik kasutamiseks allergikutele v\u00f5i tundliku nahat\u00fc\u00fcbiga tarbijatele.<\/p>","protected":false},"featured_media":334586,"comment_status":"open","ping_status":"closed","template":"","meta":{"_acf_changed":false},"product_brand":[],"product_cat":[158,104],"product_tag":[],"class_list":{"0":"post-334585","1":"product","2":"type-product","3":"status-publish","4":"has-post-thumbnail","6":"product_cat-kehahooldus","7":"product_cat-enesehooldus","9":"first","10":"instock","11":"sale","12":"taxable","13":"shipping-taxable","14":"purchasable","15":"product-type-simple"},"supplier_id":null,"supplier_sku":"","barcode":null,"atum_controlled":true,"out_stock_date":null,"out_stock_threshold":null,"inheritable":false,"inbound_stock":0,"stock_on_hold":55,"sold_today":45,"sales_last_days":633,"reserved_stock":0,"customer_returns":0,"warehouse_damage":0,"lost_in_post":0,"other_logs":0,"out_stock_days":0,"lost_sales":0,"has_location":false,"update_date":"2026-02-12T14:55:41","atum_locations":[],"atum_stock_status":"instock","restock_status":false,"low_stock_amount":"","sales_update_date":"2026-02-12T14:55:32","calc_backorders":null,"acf":[],"_links":{"self":[{"href":"https:\/\/vbd.dev.sumena.ee\/en\/wp-json\/wp\/v2\/product\/334585","targetHints":{"allow":["GET"]}}],"collection":[{"href":"https:\/\/vbd.dev.sumena.ee\/en\/wp-json\/wp\/v2\/product"}],"about":[{"href":"https:\/\/vbd.dev.sumena.ee\/en\/wp-json\/wp\/v2\/types\/product"}],"replies":[{"embeddable":true,"href":"https:\/\/vbd.dev.sumena.ee\/en\/wp-json\/wp\/v2\/comments?post=334585"}],"wp:featuredmedia":[{"embeddable":true,"href":"https:\/\/vbd.dev.sumena.ee\/en\/wp-json\/wp\/v2\/media\/334586"}],"wp:attachment":[{"href":"https:\/\/vbd.dev.sumena.ee\/en\/wp-json\/wp\/v2\/media?parent=334585"}],"wp:term":[{"taxonomy":"product_brand","embeddable":true,"href":"https:\/\/vbd.dev.sumena.ee\/en\/wp-json\/wp\/v2\/product_brand?post=334585"},{"taxonomy":"product_cat","embeddable":true,"href":"https:\/\/vbd.dev.sumena.ee\/en\/wp-json\/wp\/v2\/product_cat?post=334585"},{"taxonomy":"product_tag","embeddable":true,"href":"https:\/\/vbd.dev.sumena.ee\/en\/wp-json\/wp\/v2\/product_tag?post=334585"}],"curies":[{"name":"wp","href":"https:\/\/api.w.org\/{rel}","templated":true}]}}