{"id":334081,"date":"2025-11-26T23:38:08","date_gmt":"2025-11-26T20:38:08","guid":{"rendered":"https:\/\/vbd.dev.sumena.ee\/?post_type=product&#038;p=334081"},"modified":"2026-02-10T18:29:12","modified_gmt":"2026-02-10T15:29:12","slug":"iconfit-cardicon-n30","status":"publish","type":"product","link":"https:\/\/vbd.dev.sumena.ee\/en\/product-2\/iconfit-cardicon-n30\/","title":{"rendered":"ICONFIT Cardicon, N30"},"content":{"rendered":"<div class=\"sc-57154a31-1 bxWYVV\" data-test-id=\"product-info-description\">\n<div>\n<div class=\"sc-57154a31-2 iJVmTs\">\n<p>ICONFIT CARDICON. Toidulisand. Tiamiin aitab kaasa normaalsele s\u00fcdametalitlusele. Vitamiin C aitab kaasa kollageeni normaalsele mood ustumisele veresoonte normaalseks talitluseks.<\/p>\n<\/div>\n<\/div>\n<\/div>\n<div class=\"sc-57154a31-1 bxWYVV\" data-test-id=\"product-info-country\">\n<div>\n<h3 class=\"izDEqE llpRim gZSiXk kvXNxI lgoqEg fygOE ijAptY\">Valmistajariik<\/h3>\n<div class=\"sc-57154a31-2 iJVmTs\">Eesti<\/div>\n<\/div>\n<\/div>\n<div class=\"sc-57154a31-1 bxWYVV\" data-test-id=\"product-info-ingredients\">\n<div>\n<h3 class=\"izDEqE llpRim gZSiXk kvXNxI lgoqEg fygOE ijAptY\">Koostisosad<\/h3>\n<div class=\"sc-57154a31-2 iJVmTs\">\n<p>C vitamiin (L-askorbiinhape), oliivilehe (Olea europaea) ekstrakt, bergamoti (Citrus bergamia) puuviljade ekstrakt, B vitamiinide ko mpleks (B3 (nikotiinamiid), B5 (D-kaltsiumpantotenaat), B6 (p\u00fcridoksiinvesinikkloriid), B1 (tiamiinmononitraat), B2 (riboflaviin), B 12 (ts\u00fcanokobalamiin, maltodekstriin), B9 (ptero\u00fc\u00fclmonoglutamiinhape), B7 (D-biotiin)), rohelise tee (Camellia sinensis) lehtede eks trakt, viirpuu (Crataegus pinnatifida) viljade ekstrakt, koens\u00fc\u00fcm Q10 (ubikinoon), taimne kapsel (glaseeraine pullulaan).<\/p>\n<\/div>\n<\/div>\n<\/div>","protected":false},"excerpt":{"rendered":"<p>ICONFIT CARDICON. Toidulisand. Tiamiin aitab kaasa normaalsele s\u00fcdametalitlusele. Vitamiin C aitab kaasa kollageeni normaalsele mood ustumisele veresoonte normaalseks talitluseks. Valmistajariik Eesti Koostisosad C vitamiin (L-askorbiinhape), oliivilehe (Olea europaea) ekstrakt, bergamoti (Citrus bergamia) puuviljade ekstrakt, B vitamiinide ko mpleks (B3 (nikotiinamiid), B5 (D-kaltsiumpantotenaat), B6 (p\u00fcridoksiinvesinikkloriid), B1 (tiamiinmononitraat), B2 (riboflaviin), B 12 (ts\u00fcanokobalamiin, maltodekstriin), B9 (ptero\u00fc\u00fclmonoglutamiinhape), B7 [&hellip;]<\/p>","protected":false},"featured_media":334082,"comment_status":"open","ping_status":"closed","template":"","meta":{"_acf_changed":false},"product_brand":[],"product_cat":[160,104],"product_tag":[],"class_list":{"0":"post-334081","1":"product","2":"type-product","3":"status-publish","4":"has-post-thumbnail","6":"product_cat-tervisekaubad","7":"product_cat-enesehooldus","9":"first","10":"instock","11":"sale","12":"taxable","13":"shipping-taxable","14":"purchasable","15":"product-type-simple"},"supplier_id":null,"supplier_sku":"","barcode":null,"atum_controlled":true,"out_stock_date":null,"out_stock_threshold":null,"inheritable":false,"inbound_stock":0,"stock_on_hold":0,"sold_today":0,"sales_last_days":7,"reserved_stock":0,"customer_returns":0,"warehouse_damage":0,"lost_in_post":0,"other_logs":0,"out_stock_days":0,"lost_sales":0,"has_location":false,"update_date":"2026-02-12T12:07:50","atum_locations":[],"atum_stock_status":"instock","restock_status":false,"low_stock_amount":"","sales_update_date":"2026-02-12T12:07:42","calc_backorders":null,"acf":[],"_links":{"self":[{"href":"https:\/\/vbd.dev.sumena.ee\/en\/wp-json\/wp\/v2\/product\/334081","targetHints":{"allow":["GET"]}}],"collection":[{"href":"https:\/\/vbd.dev.sumena.ee\/en\/wp-json\/wp\/v2\/product"}],"about":[{"href":"https:\/\/vbd.dev.sumena.ee\/en\/wp-json\/wp\/v2\/types\/product"}],"replies":[{"embeddable":true,"href":"https:\/\/vbd.dev.sumena.ee\/en\/wp-json\/wp\/v2\/comments?post=334081"}],"wp:featuredmedia":[{"embeddable":true,"href":"https:\/\/vbd.dev.sumena.ee\/en\/wp-json\/wp\/v2\/media\/334082"}],"wp:attachment":[{"href":"https:\/\/vbd.dev.sumena.ee\/en\/wp-json\/wp\/v2\/media?parent=334081"}],"wp:term":[{"taxonomy":"product_brand","embeddable":true,"href":"https:\/\/vbd.dev.sumena.ee\/en\/wp-json\/wp\/v2\/product_brand?post=334081"},{"taxonomy":"product_cat","embeddable":true,"href":"https:\/\/vbd.dev.sumena.ee\/en\/wp-json\/wp\/v2\/product_cat?post=334081"},{"taxonomy":"product_tag","embeddable":true,"href":"https:\/\/vbd.dev.sumena.ee\/en\/wp-json\/wp\/v2\/product_tag?post=334081"}],"curies":[{"name":"wp","href":"https:\/\/api.w.org\/{rel}","templated":true}]}}