{"id":333717,"date":"2026-02-03T22:10:00","date_gmt":"2026-02-03T19:10:00","guid":{"rendered":"https:\/\/vbd.dev.sumena.ee\/?post_type=product&#038;p=333717"},"modified":"2026-02-12T16:37:21","modified_gmt":"2026-02-12T13:37:21","slug":"taffel-juustosnacks-juustumaitselised-maisisnakid-105g","status":"publish","type":"product","link":"https:\/\/vbd.dev.sumena.ee\/en\/product-2\/taffel-juustosnacks-juustumaitselised-maisisnakid-105g\/","title":{"rendered":"Taffel Juustosnacks juustumaitselised maisisn\u00e4kid 105g"},"content":{"rendered":"<p>Taffel Juustosnacks juustumaitselised maisisn\u00e4kid 105g on kaasahaaramiseks m\u00f5eldud ja sobivad ideaalselt igaks hetkeks! Need kr\u00f5mpsuvad ja maitsvad maisisn\u00e4kid on juustus\u00f5prade suur lemmik, pakkudes rikkalikku ja autentset juustumaitset, mis rahuldab ka k\u00f5ige n\u00f5udlikumaid maitsemeeli. 105g pakk on ideaalne iseendale nautimiseks v\u00f5i s\u00f5braga jagamiseks, muutes selle asendamatuks kaaslaseks kui soovid kiiret vahepala v\u00f5i sn\u00e4kki koduseks filmi\u00f5htuks.<\/p>\n<p>&nbsp;<\/p>\n<p>Koostisosad: Maisijahu, taime\u00f5lid (p\u00e4evalille-, rapsi\u00f5li), <b>juustupulber <\/b>13%, sool, <b>piimapulber,<\/b> toiduv\u00e4rvid (beetakaroteen, paprikaekstrakt), kartulit\u00e4rklis, maltodekstriin (mais), <b>petipiimapulber, <\/b>dekstroos. V\u00f5ib sisaldada v\u00e4hesel m\u00e4\u00e4ral gluteeni.<\/p>\n<p>100 g \u00dchiku kohtaEnergiasisaldus, kJ2295Energiasisaldus, kcal550Rasvad, g33millest k\u00fcllastunud rasvhapped, g6.2S\u00fcsivesikud, g51millest suhkrud, g3.6Valgud, g10Sool, g1.8<\/p>","protected":false},"excerpt":{"rendered":"<p>Taffel Juustosnacks juustumaitselised maisisn\u00e4kid 105g on kaasahaaramiseks m\u00f5eldud ja sobivad ideaalselt igaks hetkeks! Need kr\u00f5mpsuvad ja maitsvad maisisn\u00e4kid on juustus\u00f5prade suur lemmik, pakkudes rikkalikku ja autentset juustumaitset, mis rahuldab ka k\u00f5ige n\u00f5udlikumaid maitsemeeli. 105g pakk on ideaalne iseendale nautimiseks v\u00f5i s\u00f5braga jagamiseks, muutes selle asendamatuks kaaslaseks kui soovid kiiret vahepala v\u00f5i sn\u00e4kki koduseks filmi\u00f5htuks. &nbsp; [&hellip;]<\/p>","protected":false},"featured_media":333719,"comment_status":"open","ping_status":"closed","template":"","meta":{"_acf_changed":false},"product_brand":[],"product_cat":[80,81],"product_tag":[],"class_list":{"0":"post-333717","1":"product","2":"type-product","3":"status-publish","4":"has-post-thumbnail","6":"product_cat-snakid","7":"product_cat-kropsud","9":"first","10":"instock","11":"sale","12":"taxable","13":"shipping-taxable","14":"purchasable","15":"product-type-simple"},"supplier_id":null,"supplier_sku":"","barcode":null,"atum_controlled":true,"out_stock_date":null,"out_stock_threshold":null,"inheritable":false,"inbound_stock":0,"stock_on_hold":30,"sold_today":13,"sales_last_days":608,"reserved_stock":0,"customer_returns":0,"warehouse_damage":0,"lost_in_post":0,"other_logs":0,"out_stock_days":0,"lost_sales":0,"has_location":false,"update_date":"2026-02-12T15:43:11","atum_locations":[],"atum_stock_status":"instock","restock_status":false,"low_stock_amount":"","sales_update_date":"2026-02-12T15:43:01","calc_backorders":null,"acf":[],"_links":{"self":[{"href":"https:\/\/vbd.dev.sumena.ee\/en\/wp-json\/wp\/v2\/product\/333717","targetHints":{"allow":["GET"]}}],"collection":[{"href":"https:\/\/vbd.dev.sumena.ee\/en\/wp-json\/wp\/v2\/product"}],"about":[{"href":"https:\/\/vbd.dev.sumena.ee\/en\/wp-json\/wp\/v2\/types\/product"}],"replies":[{"embeddable":true,"href":"https:\/\/vbd.dev.sumena.ee\/en\/wp-json\/wp\/v2\/comments?post=333717"}],"wp:featuredmedia":[{"embeddable":true,"href":"https:\/\/vbd.dev.sumena.ee\/en\/wp-json\/wp\/v2\/media\/333719"}],"wp:attachment":[{"href":"https:\/\/vbd.dev.sumena.ee\/en\/wp-json\/wp\/v2\/media?parent=333717"}],"wp:term":[{"taxonomy":"product_brand","embeddable":true,"href":"https:\/\/vbd.dev.sumena.ee\/en\/wp-json\/wp\/v2\/product_brand?post=333717"},{"taxonomy":"product_cat","embeddable":true,"href":"https:\/\/vbd.dev.sumena.ee\/en\/wp-json\/wp\/v2\/product_cat?post=333717"},{"taxonomy":"product_tag","embeddable":true,"href":"https:\/\/vbd.dev.sumena.ee\/en\/wp-json\/wp\/v2\/product_tag?post=333717"}],"curies":[{"name":"wp","href":"https:\/\/api.w.org\/{rel}","templated":true}]}}