{"id":333669,"date":"2025-11-25T15:14:43","date_gmt":"2025-11-25T12:14:43","guid":{"rendered":"https:\/\/vbd.dev.sumena.ee\/?post_type=product&#038;p=333669"},"modified":"2026-02-12T18:17:48","modified_gmt":"2026-02-12T15:17:48","slug":"looduslik-mineraalvesi-ekstra-karboniseeritud-haage-200-ml","status":"publish","type":"product","link":"https:\/\/vbd.dev.sumena.ee\/en\/product-2\/looduslik-mineraalvesi-ekstra-karboniseeritud-haage-200-ml\/","title":{"rendered":"Looduslik mineraalvesi ekstra karboniseeritud, HAAGE, 200 ml"},"content":{"rendered":"<p>Haage Ekstra karboniseeritud vesi \u2013 tugeva mulliga vesi on t\u00e4iuslik lisand kokteilidele, r\u00f5hutades nende v\u00e4rskust ja tasakaalu. Ekstra loodi spetsiaalselt kokteilide pikendamiseks, pakkudes maitseelamust ja j\u00e4ttes keelele m\u00f5nusalt m\u00e4ngleva mulli. Minimalistlikus pudelis vesi j\u00f5uab Sinuni puutumatul kujul L\u00f5una-Eesti maap\u00f5ue s\u00fcgavusest, et v\u00e4rskendada ja varustada Sind mineraalainetega.<\/p>","protected":false},"excerpt":{"rendered":"<p>Haage Ekstra karboniseeritud vesi \u2013 tugeva mulliga vesi on t\u00e4iuslik lisand kokteilidele, r\u00f5hutades nende v\u00e4rskust ja tasakaalu. Ekstra loodi spetsiaalselt kokteilide pikendamiseks, pakkudes maitseelamust ja j\u00e4ttes keelele m\u00f5nusalt m\u00e4ngleva mulli. Minimalistlikus pudelis vesi j\u00f5uab Sinuni puutumatul kujul L\u00f5una-Eesti maap\u00f5ue s\u00fcgavusest, et v\u00e4rskendada ja varustada Sind mineraalainetega.<\/p>","protected":false},"featured_media":333670,"comment_status":"open","ping_status":"closed","template":"","meta":{"_acf_changed":false},"product_brand":[],"product_cat":[176,79],"product_tag":[],"class_list":{"0":"post-333669","1":"product","2":"type-product","3":"status-publish","4":"has-post-thumbnail","6":"product_cat-veed-mahlad-smuutid","7":"product_cat-joogid","9":"first","10":"instock","11":"sale","12":"taxable","13":"shipping-taxable","14":"purchasable","15":"product-type-simple"},"supplier_id":null,"supplier_sku":"","barcode":null,"atum_controlled":true,"out_stock_date":null,"out_stock_threshold":null,"inheritable":false,"inbound_stock":0,"stock_on_hold":7,"sold_today":28,"sales_last_days":219,"reserved_stock":0,"customer_returns":0,"warehouse_damage":0,"lost_in_post":0,"other_logs":0,"out_stock_days":0,"lost_sales":0,"has_location":false,"update_date":"2026-02-12T15:18:28","atum_locations":[],"atum_stock_status":"instock","restock_status":false,"low_stock_amount":"","sales_update_date":"2026-02-12T15:18:19","calc_backorders":null,"acf":[],"_links":{"self":[{"href":"https:\/\/vbd.dev.sumena.ee\/en\/wp-json\/wp\/v2\/product\/333669","targetHints":{"allow":["GET"]}}],"collection":[{"href":"https:\/\/vbd.dev.sumena.ee\/en\/wp-json\/wp\/v2\/product"}],"about":[{"href":"https:\/\/vbd.dev.sumena.ee\/en\/wp-json\/wp\/v2\/types\/product"}],"replies":[{"embeddable":true,"href":"https:\/\/vbd.dev.sumena.ee\/en\/wp-json\/wp\/v2\/comments?post=333669"}],"wp:featuredmedia":[{"embeddable":true,"href":"https:\/\/vbd.dev.sumena.ee\/en\/wp-json\/wp\/v2\/media\/333670"}],"wp:attachment":[{"href":"https:\/\/vbd.dev.sumena.ee\/en\/wp-json\/wp\/v2\/media?parent=333669"}],"wp:term":[{"taxonomy":"product_brand","embeddable":true,"href":"https:\/\/vbd.dev.sumena.ee\/en\/wp-json\/wp\/v2\/product_brand?post=333669"},{"taxonomy":"product_cat","embeddable":true,"href":"https:\/\/vbd.dev.sumena.ee\/en\/wp-json\/wp\/v2\/product_cat?post=333669"},{"taxonomy":"product_tag","embeddable":true,"href":"https:\/\/vbd.dev.sumena.ee\/en\/wp-json\/wp\/v2\/product_tag?post=333669"}],"curies":[{"name":"wp","href":"https:\/\/api.w.org\/{rel}","templated":true}]}}