{"id":333241,"date":"2025-11-24T11:34:05","date_gmt":"2025-11-24T08:34:05","guid":{"rendered":"https:\/\/vbd.dev.sumena.ee\/?post_type=product&#038;p=333241"},"modified":"2026-02-12T17:10:17","modified_gmt":"2026-02-12T14:10:17","slug":"tumeda-sokolaadi-ruudud-soolakaramelliga-lindt-144-g","status":"publish","type":"product","link":"https:\/\/vbd.dev.sumena.ee\/en\/product-2\/tumeda-sokolaadi-ruudud-soolakaramelliga-lindt-144-g\/","title":{"rendered":"Tumeda \u0161okolaadi ruudud soolakaramelliga, LINDT, 144 g"},"content":{"rendered":"<p data-start=\"29\" data-end=\"102\"><strong data-start=\"29\" data-end=\"102\">Tume \u0161okolaad karamellit\u00e4idisega (30%) ja meresoolaga (0,3%).<\/strong><\/p>\n<p data-start=\"104\" data-end=\"393\"><strong data-start=\"104\" data-end=\"120\">Ingredients:<\/strong> suhkur, kakaomass, kakaov\u00f5i, gl\u00fckoosisiirup, v\u00f5i, kondenspiim, laktoos, veevaba piimarasv, l\u00f5ssipulber, meresool, emulgaator: soja letsitiin, looduslikud maitseained (vanill ja karamell), l\u00f5hnaaine: vanilliin, t\u00e4ispiimapulber, odralinnaseekstrakt, sarapuup\u00e4hklid, mandlid.<\/p>\n<p data-start=\"395\" data-end=\"449\" data-is-last-node=\"\" data-is-only-node=\"\"><strong data-start=\"395\" data-end=\"411\">Allergeenid:<\/strong> v\u00f5ib sisaldada teiste p\u00e4hklite j\u00e4\u00e4ke.<\/p>","protected":false},"excerpt":{"rendered":"<p>Tume \u0161okolaad karamellit\u00e4idisega (30%) ja meresoolaga (0,3%). Koostisosad: suhkur, kakaomass, kakaov\u00f5i, gl\u00fckoosisiirup, v\u00f5i, kondenspiim, laktoos, veevaba piimarasv, l\u00f5ssipulber, meresool, emulgaator: soja letsitiin, looduslikud maitseained (vanill ja karamell), l\u00f5hnaaine: vanilliin, t\u00e4ispiimapulber, odralinnaseekstrakt, sarapuup\u00e4hklid, mandlid. Allergeenid: v\u00f5ib sisaldada teiste p\u00e4hklite j\u00e4\u00e4ke.<\/p>","protected":false},"featured_media":333243,"comment_status":"open","ping_status":"closed","template":"","meta":{"_acf_changed":false},"product_brand":[],"product_cat":[77,84],"product_tag":[],"class_list":{"0":"post-333241","1":"product","2":"type-product","3":"status-publish","4":"has-post-thumbnail","6":"product_cat-maiustused","7":"product_cat-sokolaad","9":"first","10":"instock","11":"sale","12":"taxable","13":"shipping-taxable","14":"purchasable","15":"product-type-simple"},"supplier_id":null,"supplier_sku":"","barcode":null,"atum_controlled":true,"out_stock_date":null,"out_stock_threshold":null,"inheritable":false,"inbound_stock":0,"stock_on_hold":4,"sold_today":4,"sales_last_days":33,"reserved_stock":0,"customer_returns":0,"warehouse_damage":0,"lost_in_post":0,"other_logs":0,"out_stock_days":0,"lost_sales":0,"has_location":false,"update_date":"2026-02-12T14:11:17","atum_locations":[],"atum_stock_status":"instock","restock_status":false,"low_stock_amount":"","sales_update_date":"2026-02-12T14:11:08","calc_backorders":null,"acf":[],"_links":{"self":[{"href":"https:\/\/vbd.dev.sumena.ee\/en\/wp-json\/wp\/v2\/product\/333241","targetHints":{"allow":["GET"]}}],"collection":[{"href":"https:\/\/vbd.dev.sumena.ee\/en\/wp-json\/wp\/v2\/product"}],"about":[{"href":"https:\/\/vbd.dev.sumena.ee\/en\/wp-json\/wp\/v2\/types\/product"}],"replies":[{"embeddable":true,"href":"https:\/\/vbd.dev.sumena.ee\/en\/wp-json\/wp\/v2\/comments?post=333241"}],"wp:featuredmedia":[{"embeddable":true,"href":"https:\/\/vbd.dev.sumena.ee\/en\/wp-json\/wp\/v2\/media\/333243"}],"wp:attachment":[{"href":"https:\/\/vbd.dev.sumena.ee\/en\/wp-json\/wp\/v2\/media?parent=333241"}],"wp:term":[{"taxonomy":"product_brand","embeddable":true,"href":"https:\/\/vbd.dev.sumena.ee\/en\/wp-json\/wp\/v2\/product_brand?post=333241"},{"taxonomy":"product_cat","embeddable":true,"href":"https:\/\/vbd.dev.sumena.ee\/en\/wp-json\/wp\/v2\/product_cat?post=333241"},{"taxonomy":"product_tag","embeddable":true,"href":"https:\/\/vbd.dev.sumena.ee\/en\/wp-json\/wp\/v2\/product_tag?post=333241"}],"curies":[{"name":"wp","href":"https:\/\/api.w.org\/{rel}","templated":true}]}}