{"id":333236,"date":"2025-11-24T11:24:05","date_gmt":"2025-11-24T08:24:05","guid":{"rendered":"https:\/\/vbd.dev.sumena.ee\/?post_type=product&#038;p=333236"},"modified":"2026-02-12T14:56:03","modified_gmt":"2026-02-12T11:56:03","slug":"narimiskumm-center-shock-cola-4-g","status":"publish","type":"product","link":"https:\/\/vbd.dev.sumena.ee\/en\/product-2\/narimiskumm-center-shock-cola-4-g\/","title":{"rendered":"N\u00e4rimiskumm Center Shock Cola, 4 g"},"content":{"rendered":"<p>N\u00e4rimiskumm koolamaitselise t\u00e4idisega.<\/p>","protected":false},"excerpt":{"rendered":"<p>N\u00e4rimiskumm koolamaitselise t\u00e4idisega.<\/p>","protected":false},"featured_media":333237,"comment_status":"open","ping_status":"closed","template":"","meta":{"_acf_changed":false},"product_brand":[],"product_cat":[87,80,82],"product_tag":[],"class_list":{"0":"post-333236","1":"product","2":"type-product","3":"status-publish","4":"has-post-thumbnail","6":"product_cat-meie-lemmikud","7":"product_cat-snakid","8":"product_cat-muu-hea","10":"first","11":"instock","12":"sale","13":"taxable","14":"shipping-taxable","15":"purchasable","16":"product-type-simple"},"supplier_id":null,"supplier_sku":"","barcode":null,"atum_controlled":true,"out_stock_date":null,"out_stock_threshold":null,"inheritable":false,"inbound_stock":0,"stock_on_hold":341,"sold_today":210,"sales_last_days":3032,"reserved_stock":0,"customer_returns":0,"warehouse_damage":0,"lost_in_post":0,"other_logs":0,"out_stock_days":0,"lost_sales":0,"has_location":false,"update_date":"2026-02-12T12:39:59","atum_locations":[],"atum_stock_status":"instock","restock_status":false,"low_stock_amount":"","sales_update_date":"2026-02-12T12:39:50","calc_backorders":null,"acf":[],"_links":{"self":[{"href":"https:\/\/vbd.dev.sumena.ee\/en\/wp-json\/wp\/v2\/product\/333236","targetHints":{"allow":["GET"]}}],"collection":[{"href":"https:\/\/vbd.dev.sumena.ee\/en\/wp-json\/wp\/v2\/product"}],"about":[{"href":"https:\/\/vbd.dev.sumena.ee\/en\/wp-json\/wp\/v2\/types\/product"}],"replies":[{"embeddable":true,"href":"https:\/\/vbd.dev.sumena.ee\/en\/wp-json\/wp\/v2\/comments?post=333236"}],"wp:featuredmedia":[{"embeddable":true,"href":"https:\/\/vbd.dev.sumena.ee\/en\/wp-json\/wp\/v2\/media\/333237"}],"wp:attachment":[{"href":"https:\/\/vbd.dev.sumena.ee\/en\/wp-json\/wp\/v2\/media?parent=333236"}],"wp:term":[{"taxonomy":"product_brand","embeddable":true,"href":"https:\/\/vbd.dev.sumena.ee\/en\/wp-json\/wp\/v2\/product_brand?post=333236"},{"taxonomy":"product_cat","embeddable":true,"href":"https:\/\/vbd.dev.sumena.ee\/en\/wp-json\/wp\/v2\/product_cat?post=333236"},{"taxonomy":"product_tag","embeddable":true,"href":"https:\/\/vbd.dev.sumena.ee\/en\/wp-json\/wp\/v2\/product_tag?post=333236"}],"curies":[{"name":"wp","href":"https:\/\/api.w.org\/{rel}","templated":true}]}}