{"id":332918,"date":"2025-11-23T14:00:07","date_gmt":"2025-11-23T11:00:07","guid":{"rendered":"https:\/\/vbd.dev.sumena.ee\/?post_type=product&#038;p=332918"},"modified":"2026-02-09T17:02:47","modified_gmt":"2026-02-09T14:02:47","slug":"puksmahkmed-pampers-premium-care-s3-28tk","status":"publish","type":"product","link":"https:\/\/vbd.dev.sumena.ee\/en\/product-2\/puksmahkmed-pampers-premium-care-s3-28tk\/","title":{"rendered":"P\u00fcksm\u00e4hkmed PAMPERS Premium Care S3 28tk"},"content":{"rendered":"<p>Paku oma lapsele Pampersi suurimat mugavust ja kaitset Pampers Premium Care p\u00fcksm\u00e4hkmetega! N\u00fc\u00fcd ainulaadse Stop &amp; Protect taskuga, mis ennetab lekkeid seljalt kuni 12 tundi, et laps oleks t\u00e4ielikult lekete eest kaitstud. Kui sinu laps muutub aktiivsemaks, vajad iga liigutuse puhul mugavalt istuvat m\u00e4het, mis pakub ka usaldusv\u00e4\u00e4rset kaitset. Just seet\u00f5ttu pakuvad Pampers Premium Care p\u00fcksm\u00e4hkmed Pampersi suurimat mugavust ja kaitset t\u00e4nu 360\u00b0 Comfort Fitile ning \u00fclipehmetele ja venivatele materjalidele, mis j\u00e4rgivad siputava beebi asendeid. Nagu teisigi meie m\u00e4hkmeid, on ka Pampers Premium Care p\u00fcksm\u00e4hkmeid kerge vahetada: need tuleb jalgapanekuks ainult jalga t\u00f5mmata, lihtsaks eemaldamiseks k\u00fcljelt lahti rebida ning h\u00f5lpsaks \u00e4raviskamiseks kokku rullida ja teibiga kinnitada. Sulle on k\u00f5ige t\u00e4htsam sinu beebi ohutus. Pampersile samuti. Pampers Premium Care p\u00fcksm\u00e4hkmed on dermatoloogiliselt testitud ja sisaldavad 0% EL-is m\u00e4\u00e4ratletud l\u00f5hnaallergeene (vastavalt EL-i kosmeetikatoodete m\u00e4\u00e4rusele nr 1223\/2009). Need on saanud Skin Health Alliance\u2019i dermatoloogide heakskiidu, et nende kokkupuude beebi nahaga on ohutu. Kas soovid Pampersi kasutatavate koostisosade kohta rohkem teada saada? K\u00fclasta veebisaiti pampers.com (kohandada kohalike oludega)<\/p>","protected":false},"excerpt":{"rendered":"<p>Paku oma lapsele Pampersi suurimat mugavust ja kaitset Pampers Premium Care p\u00fcksm\u00e4hkmetega! N\u00fc\u00fcd ainulaadse Stop &amp; Protect taskuga, mis ennetab lekkeid seljalt kuni 12 tundi, et laps oleks t\u00e4ielikult lekete eest kaitstud. Kui sinu laps muutub aktiivsemaks, vajad iga liigutuse puhul mugavalt istuvat m\u00e4het, mis pakub ka usaldusv\u00e4\u00e4rset kaitset. Just seet\u00f5ttu pakuvad Pampers Premium Care [&hellip;]<\/p>","protected":false},"featured_media":332919,"comment_status":"open","ping_status":"closed","template":"","meta":{"_acf_changed":false},"product_brand":[],"product_cat":[186,88],"product_tag":[],"class_list":{"0":"post-332918","1":"product","2":"type-product","3":"status-publish","4":"has-post-thumbnail","6":"product_cat-kodukaubad","7":"product_cat-tarbekaubad-tooted","9":"first","10":"instock","11":"sale","12":"taxable","13":"shipping-taxable","14":"purchasable","15":"product-type-simple"},"supplier_id":null,"supplier_sku":"","barcode":null,"atum_controlled":true,"out_stock_date":null,"out_stock_threshold":null,"inheritable":false,"inbound_stock":0,"stock_on_hold":0,"sold_today":0,"sales_last_days":6,"reserved_stock":0,"customer_returns":0,"warehouse_damage":0,"lost_in_post":0,"other_logs":0,"out_stock_days":0,"lost_sales":0,"has_location":false,"update_date":"2026-02-11T17:42:47","atum_locations":[],"atum_stock_status":"instock","restock_status":false,"low_stock_amount":"","sales_update_date":"2026-02-11T17:42:40","calc_backorders":null,"acf":[],"_links":{"self":[{"href":"https:\/\/vbd.dev.sumena.ee\/en\/wp-json\/wp\/v2\/product\/332918","targetHints":{"allow":["GET"]}}],"collection":[{"href":"https:\/\/vbd.dev.sumena.ee\/en\/wp-json\/wp\/v2\/product"}],"about":[{"href":"https:\/\/vbd.dev.sumena.ee\/en\/wp-json\/wp\/v2\/types\/product"}],"replies":[{"embeddable":true,"href":"https:\/\/vbd.dev.sumena.ee\/en\/wp-json\/wp\/v2\/comments?post=332918"}],"wp:featuredmedia":[{"embeddable":true,"href":"https:\/\/vbd.dev.sumena.ee\/en\/wp-json\/wp\/v2\/media\/332919"}],"wp:attachment":[{"href":"https:\/\/vbd.dev.sumena.ee\/en\/wp-json\/wp\/v2\/media?parent=332918"}],"wp:term":[{"taxonomy":"product_brand","embeddable":true,"href":"https:\/\/vbd.dev.sumena.ee\/en\/wp-json\/wp\/v2\/product_brand?post=332918"},{"taxonomy":"product_cat","embeddable":true,"href":"https:\/\/vbd.dev.sumena.ee\/en\/wp-json\/wp\/v2\/product_cat?post=332918"},{"taxonomy":"product_tag","embeddable":true,"href":"https:\/\/vbd.dev.sumena.ee\/en\/wp-json\/wp\/v2\/product_tag?post=332918"}],"curies":[{"name":"wp","href":"https:\/\/api.w.org\/{rel}","templated":true}]}}