{"id":332650,"date":"2025-11-23T13:43:53","date_gmt":"2025-11-23T10:43:53","guid":{"rendered":"https:\/\/vbd.dev.sumena.ee\/?post_type=product&#038;p=332650"},"modified":"2026-01-13T00:14:49","modified_gmt":"2026-01-12T21:14:49","slug":"teipmahkmed-pampers-premium-care-s6-38tk","status":"publish","type":"product","link":"https:\/\/vbd.dev.sumena.ee\/en\/product-2\/teipmahkmed-pampers-premium-care-s6-38tk\/","title":{"rendered":"Teipm\u00e4hkmed PAMPERS Premium Care S6 38tk"},"content":{"rendered":"<div>Pampersi parim kaitse beebide tundlikule nahale. Pikaajaline kokkupuude uriini ja v\u00e4ljaheitega v\u00f5ib halvendada beebi tundliku naha seisundit ja p\u00f5hjustada beebile ebamugavustunnet v\u00f5i vaevusi.<\/div>\n<div><\/div>\n<div>M\u00e4hkmed Pampers Premium Care on spetsiaalselt loodud pehmeima ja hoolivaima kaitse tagamiseks t\u00e4nu j\u00e4rgmisele.<\/div>\n<div>1) Ainulaadne DERMACOMFORT-kiht imavate pooridega, mis silmapilkselt t\u00f5mbab niiskuse ja mustuse nahalt eemale ja lukustab m\u00e4hkme sisse. Nii on beebi \u00f5rn nahk kuiv ja kaitstud.<\/div>\n<div>2) Valitud sulgpehmed materjalid on eriti \u00f5rnad beebi naha vastu.<\/div>\n<div>3) Ainulaadne kolmesuunaline kaitses\u00fcsteem, mis imab kiiresti vedelikku ja aitab v\u00e4ltida lekkeid v\u00f6\u00f6kohalt ja jalgade \u00fcmbert.<\/div>\n<div>M\u00e4hkmed Pampers Premium Care, mida soovitab Skin Health Alliance, on beebi naha jaoks 100% ohutud: m\u00e4hkmed on dermatoloogiliselt testitud ega sisalda \u00fchtegi\u00a0 allergiat p\u00f5hjustavat EU26 l\u00f5hnaainet.<\/div>","protected":false},"excerpt":{"rendered":"<p>Pampersi parim kaitse beebide tundlikule nahale. Pikaajaline kokkupuude uriini ja v\u00e4ljaheitega v\u00f5ib halvendada beebi tundliku naha seisundit ja p\u00f5hjustada beebile ebamugavustunnet v\u00f5i vaevusi. M\u00e4hkmed Pampers Premium Care on spetsiaalselt loodud pehmeima ja hoolivaima kaitse tagamiseks t\u00e4nu j\u00e4rgmisele. 1) Ainulaadne DERMACOMFORT-kiht imavate pooridega, mis silmapilkselt t\u00f5mbab niiskuse ja mustuse nahalt eemale ja lukustab m\u00e4hkme sisse. Nii [&hellip;]<\/p>","protected":false},"featured_media":332910,"comment_status":"open","ping_status":"closed","template":"","meta":{"_acf_changed":false},"product_brand":[],"product_cat":[186,88],"product_tag":[],"class_list":{"0":"post-332650","1":"product","2":"type-product","3":"status-publish","4":"has-post-thumbnail","6":"product_cat-kodukaubad","7":"product_cat-tarbekaubad-tooted","9":"first","10":"instock","11":"sale","12":"taxable","13":"shipping-taxable","14":"purchasable","15":"product-type-simple"},"supplier_id":null,"supplier_sku":"","barcode":null,"atum_controlled":true,"out_stock_date":null,"out_stock_threshold":null,"inheritable":false,"inbound_stock":0,"stock_on_hold":0,"sold_today":0,"sales_last_days":0,"reserved_stock":0,"customer_returns":0,"warehouse_damage":0,"lost_in_post":0,"other_logs":0,"out_stock_days":0,"lost_sales":0,"has_location":false,"update_date":"2026-02-09T12:51:03","atum_locations":[],"atum_stock_status":"instock","restock_status":false,"low_stock_amount":"","sales_update_date":"2026-02-09T12:51:03","calc_backorders":null,"acf":[],"_links":{"self":[{"href":"https:\/\/vbd.dev.sumena.ee\/en\/wp-json\/wp\/v2\/product\/332650","targetHints":{"allow":["GET"]}}],"collection":[{"href":"https:\/\/vbd.dev.sumena.ee\/en\/wp-json\/wp\/v2\/product"}],"about":[{"href":"https:\/\/vbd.dev.sumena.ee\/en\/wp-json\/wp\/v2\/types\/product"}],"replies":[{"embeddable":true,"href":"https:\/\/vbd.dev.sumena.ee\/en\/wp-json\/wp\/v2\/comments?post=332650"}],"wp:featuredmedia":[{"embeddable":true,"href":"https:\/\/vbd.dev.sumena.ee\/en\/wp-json\/wp\/v2\/media\/332910"}],"wp:attachment":[{"href":"https:\/\/vbd.dev.sumena.ee\/en\/wp-json\/wp\/v2\/media?parent=332650"}],"wp:term":[{"taxonomy":"product_brand","embeddable":true,"href":"https:\/\/vbd.dev.sumena.ee\/en\/wp-json\/wp\/v2\/product_brand?post=332650"},{"taxonomy":"product_cat","embeddable":true,"href":"https:\/\/vbd.dev.sumena.ee\/en\/wp-json\/wp\/v2\/product_cat?post=332650"},{"taxonomy":"product_tag","embeddable":true,"href":"https:\/\/vbd.dev.sumena.ee\/en\/wp-json\/wp\/v2\/product_tag?post=332650"}],"curies":[{"name":"wp","href":"https:\/\/api.w.org\/{rel}","templated":true}]}}