{"id":332642,"date":"2025-11-22T16:55:30","date_gmt":"2025-11-22T13:55:30","guid":{"rendered":"https:\/\/vbd.dev.sumena.ee\/?post_type=product&#038;p=332642"},"modified":"2026-01-27T17:07:45","modified_gmt":"2026-01-27T14:07:45","slug":"puksmahkmed-pampers-premium-care-s7-17kg-36tk","status":"publish","type":"product","link":"https:\/\/vbd.dev.sumena.ee\/en\/product-2\/puksmahkmed-pampers-premium-care-s7-17kg-36tk\/","title":{"rendered":"P\u00fcksm\u00e4hkmed PAMPERS Premium Care S7 17+kg 36tk"},"content":{"rendered":"<div class=\"Accordion AttributeAccordion\" data-v-28ef612e=\"\">\n<div class=\"Accordion__content\">\n<div class=\"AttributeAccordion__content\" data-v-28ef612e=\"\">Kui teie laps hakkab aktiivsemalt tegutsema, vajate m\u00e4hkmeid, mis istuvad talle mugavalt ja kaitsevad teda iga liigutuse korral. Seet\u00f5ttu pakuvad Pampers Premium Care p\u00fcksm\u00e4hkmed parimat mugavust ja 360\u00b0 mugavat kaitset t\u00e4nu \u00fclipehmetele ja painduvatele materjalidele, mis kohanduvad teie rahutu beebi kehakujuga. Pampers Premium Care p\u00fcksm\u00e4hkmed, nagu k\u00f5iki Pampersi p\u00fcksm\u00e4hkmeid, on lihtne vahetada: saate need \u00fche t\u00f5mbega jalga panna ja k\u00fcljest \u00e4ra v\u00f5tta, isegi kui laps on rahutu.<\/div>\n<\/div>\n<\/div>\n<div class=\"Accordion AttributeAccordion\" data-v-28ef612e=\"\"><\/div>","protected":false},"excerpt":{"rendered":"<p>Kui teie laps hakkab aktiivsemalt tegutsema, vajate m\u00e4hkmeid, mis istuvad talle mugavalt ja kaitsevad teda iga liigutuse korral. Seet\u00f5ttu pakuvad Pampers Premium Care p\u00fcksm\u00e4hkmed parimat mugavust ja 360\u00b0 mugavat kaitset t\u00e4nu \u00fclipehmetele ja painduvatele materjalidele, mis kohanduvad teie rahutu beebi kehakujuga. Pampers Premium Care p\u00fcksm\u00e4hkmed, nagu k\u00f5iki Pampersi p\u00fcksm\u00e4hkmeid, on lihtne vahetada: saate need \u00fche [&hellip;]<\/p>","protected":false},"featured_media":332643,"comment_status":"open","ping_status":"closed","template":"","meta":{"_acf_changed":false},"product_brand":[],"product_cat":[186,76,88],"product_tag":[],"class_list":{"0":"post-332642","1":"product","2":"type-product","3":"status-publish","4":"has-post-thumbnail","6":"product_cat-kodukaubad","7":"product_cat-tooted","8":"product_cat-tarbekaubad-tooted","10":"first","11":"instock","12":"sale","13":"taxable","14":"shipping-taxable","15":"purchasable","16":"product-type-simple"},"supplier_id":null,"supplier_sku":"","barcode":null,"atum_controlled":true,"out_stock_date":null,"out_stock_threshold":null,"inheritable":false,"inbound_stock":0,"stock_on_hold":0,"sold_today":0,"sales_last_days":5,"reserved_stock":0,"customer_returns":0,"warehouse_damage":0,"lost_in_post":0,"other_logs":0,"out_stock_days":0,"lost_sales":0,"has_location":false,"update_date":"2026-02-09T12:51:04","atum_locations":[],"atum_stock_status":"instock","restock_status":true,"low_stock_amount":"","sales_update_date":"2026-02-09T12:51:04","calc_backorders":null,"acf":[],"_links":{"self":[{"href":"https:\/\/vbd.dev.sumena.ee\/en\/wp-json\/wp\/v2\/product\/332642","targetHints":{"allow":["GET"]}}],"collection":[{"href":"https:\/\/vbd.dev.sumena.ee\/en\/wp-json\/wp\/v2\/product"}],"about":[{"href":"https:\/\/vbd.dev.sumena.ee\/en\/wp-json\/wp\/v2\/types\/product"}],"replies":[{"embeddable":true,"href":"https:\/\/vbd.dev.sumena.ee\/en\/wp-json\/wp\/v2\/comments?post=332642"}],"wp:featuredmedia":[{"embeddable":true,"href":"https:\/\/vbd.dev.sumena.ee\/en\/wp-json\/wp\/v2\/media\/332643"}],"wp:attachment":[{"href":"https:\/\/vbd.dev.sumena.ee\/en\/wp-json\/wp\/v2\/media?parent=332642"}],"wp:term":[{"taxonomy":"product_brand","embeddable":true,"href":"https:\/\/vbd.dev.sumena.ee\/en\/wp-json\/wp\/v2\/product_brand?post=332642"},{"taxonomy":"product_cat","embeddable":true,"href":"https:\/\/vbd.dev.sumena.ee\/en\/wp-json\/wp\/v2\/product_cat?post=332642"},{"taxonomy":"product_tag","embeddable":true,"href":"https:\/\/vbd.dev.sumena.ee\/en\/wp-json\/wp\/v2\/product_tag?post=332642"}],"curies":[{"name":"wp","href":"https:\/\/api.w.org\/{rel}","templated":true}]}}