{"id":332071,"date":"2025-11-20T21:10:47","date_gmt":"2025-11-20T18:10:47","guid":{"rendered":"https:\/\/vbd.dev.sumena.ee\/?post_type=product&#038;p=332071"},"modified":"2026-02-10T22:14:15","modified_gmt":"2026-02-10T19:14:15","slug":"naopuhastusgeel-jeanne-en-provence-oun-150ml","status":"publish","type":"product","link":"https:\/\/vbd.dev.sumena.ee\/en\/product-2\/naopuhastusgeel-jeanne-en-provence-oun-150ml\/","title":{"rendered":"N\u00e4opuhastusgeel Jeanne en Provence \u00d5un 150ml"},"content":{"rendered":"<div class=\"product-desc\">\n<p>Spetsiaalselt normaalsele ja kombineeritud nahale loodud Jeanne en Provence\u00b4i orgaanilise sertifikaadiga n\u00e4opuhastusgeel, mis sisaldab \u00f5unavett ja orgaanilist gl\u00fctseriini, puhastab ja pehmendab nahka, et saada klaarim ja s\u00e4ravam jume.<\/p>\n<\/div>\n<div class=\"price-box\"><\/div>","protected":false},"excerpt":{"rendered":"<p>Spetsiaalselt normaalsele ja kombineeritud nahale loodud Jeanne en Provence\u00b4i orgaanilise sertifikaadiga n\u00e4opuhastusgeel, mis sisaldab \u00f5unavett ja orgaanilist gl\u00fctseriini, puhastab ja pehmendab nahka, et saada klaarim ja s\u00e4ravam jume.<\/p>","protected":false},"featured_media":332072,"comment_status":"open","ping_status":"closed","template":"","meta":{"_acf_changed":false},"product_brand":[],"product_cat":[156,104],"product_tag":[],"class_list":{"0":"post-332071","1":"product","2":"type-product","3":"status-publish","4":"has-post-thumbnail","6":"product_cat-naohooldus","7":"product_cat-enesehooldus","9":"first","10":"instock","11":"sale","12":"taxable","13":"shipping-taxable","14":"purchasable","15":"product-type-simple"},"supplier_id":null,"supplier_sku":"","barcode":null,"atum_controlled":true,"out_stock_date":null,"out_stock_threshold":null,"inheritable":false,"inbound_stock":0,"stock_on_hold":0,"sold_today":0,"sales_last_days":8,"reserved_stock":0,"customer_returns":0,"warehouse_damage":0,"lost_in_post":0,"other_logs":0,"out_stock_days":0,"lost_sales":0,"has_location":false,"update_date":"2026-02-12T15:32:00","atum_locations":[],"atum_stock_status":"instock","restock_status":false,"low_stock_amount":"","sales_update_date":"2026-02-12T15:31:51","calc_backorders":null,"acf":[],"_links":{"self":[{"href":"https:\/\/vbd.dev.sumena.ee\/en\/wp-json\/wp\/v2\/product\/332071","targetHints":{"allow":["GET"]}}],"collection":[{"href":"https:\/\/vbd.dev.sumena.ee\/en\/wp-json\/wp\/v2\/product"}],"about":[{"href":"https:\/\/vbd.dev.sumena.ee\/en\/wp-json\/wp\/v2\/types\/product"}],"replies":[{"embeddable":true,"href":"https:\/\/vbd.dev.sumena.ee\/en\/wp-json\/wp\/v2\/comments?post=332071"}],"wp:featuredmedia":[{"embeddable":true,"href":"https:\/\/vbd.dev.sumena.ee\/en\/wp-json\/wp\/v2\/media\/332072"}],"wp:attachment":[{"href":"https:\/\/vbd.dev.sumena.ee\/en\/wp-json\/wp\/v2\/media?parent=332071"}],"wp:term":[{"taxonomy":"product_brand","embeddable":true,"href":"https:\/\/vbd.dev.sumena.ee\/en\/wp-json\/wp\/v2\/product_brand?post=332071"},{"taxonomy":"product_cat","embeddable":true,"href":"https:\/\/vbd.dev.sumena.ee\/en\/wp-json\/wp\/v2\/product_cat?post=332071"},{"taxonomy":"product_tag","embeddable":true,"href":"https:\/\/vbd.dev.sumena.ee\/en\/wp-json\/wp\/v2\/product_tag?post=332071"}],"curies":[{"name":"wp","href":"https:\/\/api.w.org\/{rel}","templated":true}]}}