{"id":332049,"date":"2025-11-20T20:22:34","date_gmt":"2025-11-20T17:22:34","guid":{"rendered":"https:\/\/vbd.dev.sumena.ee\/?post_type=product&#038;p=332049"},"modified":"2026-02-07T09:05:52","modified_gmt":"2026-02-07T06:05:52","slug":"kinkekomplekt-pan-aroma-aroomioli-3x10ml","status":"publish","type":"product","link":"https:\/\/vbd.dev.sumena.ee\/en\/product-2\/kinkekomplekt-pan-aroma-aroomioli-3x10ml\/","title":{"rendered":"Kinkekomplekt Pan Aroma Aroomi\u00f5li 3x10ml"},"content":{"rendered":"<div class=\"ama-single-product__content\">\n<div class=\"classic-editor\">\n<p>Aroomiteraapiline \u00f5li on ideaalne kasutamiseks kodus, aitab t\u00f5sta meeleolu ning saavutada keha ja hinge heaolutunnet. Pelargoonil on rahustav toime ja see on looduslik antidepressant.<br \/>\nMaksimaalse efekti saavutamiseks kasutage vannis, kehal v\u00f5i aroomilampides.<\/p>\n<p>Kasutamine. Massaa\u017eiks lahjendage 5 tilka 10 ml baas\u00f5lis. Vannis lahjendage 4-6 tilka voolava vee all. Aroomilampides kasutamiseks lahjendage 5-6 tilka veega.<\/p>\n<p>Hoiatus. Hoida lastele k\u00e4ttesaamatus kohas! Ainult v\u00e4lispidiseks kasutamiseks. Mitte kasutada katkisel ja \u00e4rritunud nahal. V\u00f5ib p\u00f5hjustada tundliku naha \u00e4rritust. Kui olete rase, toidate last rinnaga v\u00f5i tarvitate ravimeid, pidage n\u00f5u arstiga.<\/p>\n<\/div>\n<\/div>\n<div class=\"pwb-single-product-brands pwb-clearfix\"><\/div>","protected":false},"excerpt":{"rendered":"<p>Aroomiteraapiline \u00f5li on ideaalne kasutamiseks kodus, aitab t\u00f5sta meeleolu ning saavutada keha ja hinge heaolutunnet. Pelargoonil on rahustav toime ja see on looduslik antidepressant. Maksimaalse efekti saavutamiseks kasutage vannis, kehal v\u00f5i aroomilampides. Kasutamine. Massaa\u017eiks lahjendage 5 tilka 10 ml baas\u00f5lis. Vannis lahjendage 4-6 tilka voolava vee all. Aroomilampides kasutamiseks lahjendage 5-6 tilka veega. Hoiatus. Hoida [&hellip;]<\/p>","protected":false},"featured_media":332050,"comment_status":"open","ping_status":"closed","template":"","meta":{"_acf_changed":false},"product_brand":[],"product_cat":[186,88],"product_tag":[],"class_list":{"0":"post-332049","1":"product","2":"type-product","3":"status-publish","4":"has-post-thumbnail","6":"product_cat-kodukaubad","7":"product_cat-tarbekaubad-tooted","9":"first","10":"instock","11":"sale","12":"taxable","13":"shipping-taxable","14":"purchasable","15":"product-type-simple"},"supplier_id":null,"supplier_sku":"","barcode":null,"atum_controlled":true,"out_stock_date":null,"out_stock_threshold":null,"inheritable":false,"inbound_stock":0,"stock_on_hold":0,"sold_today":0,"sales_last_days":3,"reserved_stock":0,"customer_returns":0,"warehouse_damage":0,"lost_in_post":0,"other_logs":0,"out_stock_days":0,"lost_sales":0,"has_location":false,"update_date":"2026-02-09T19:47:55","atum_locations":[],"atum_stock_status":"instock","restock_status":false,"low_stock_amount":"","sales_update_date":"2026-02-09T19:47:48","calc_backorders":null,"acf":[],"_links":{"self":[{"href":"https:\/\/vbd.dev.sumena.ee\/en\/wp-json\/wp\/v2\/product\/332049","targetHints":{"allow":["GET"]}}],"collection":[{"href":"https:\/\/vbd.dev.sumena.ee\/en\/wp-json\/wp\/v2\/product"}],"about":[{"href":"https:\/\/vbd.dev.sumena.ee\/en\/wp-json\/wp\/v2\/types\/product"}],"replies":[{"embeddable":true,"href":"https:\/\/vbd.dev.sumena.ee\/en\/wp-json\/wp\/v2\/comments?post=332049"}],"wp:featuredmedia":[{"embeddable":true,"href":"https:\/\/vbd.dev.sumena.ee\/en\/wp-json\/wp\/v2\/media\/332050"}],"wp:attachment":[{"href":"https:\/\/vbd.dev.sumena.ee\/en\/wp-json\/wp\/v2\/media?parent=332049"}],"wp:term":[{"taxonomy":"product_brand","embeddable":true,"href":"https:\/\/vbd.dev.sumena.ee\/en\/wp-json\/wp\/v2\/product_brand?post=332049"},{"taxonomy":"product_cat","embeddable":true,"href":"https:\/\/vbd.dev.sumena.ee\/en\/wp-json\/wp\/v2\/product_cat?post=332049"},{"taxonomy":"product_tag","embeddable":true,"href":"https:\/\/vbd.dev.sumena.ee\/en\/wp-json\/wp\/v2\/product_tag?post=332049"}],"curies":[{"name":"wp","href":"https:\/\/api.w.org\/{rel}","templated":true}]}}