{"id":332037,"date":"2025-12-30T16:40:37","date_gmt":"2025-12-30T13:40:37","guid":{"rendered":"https:\/\/vbd.dev.sumena.ee\/?post_type=product&#038;p=332037"},"modified":"2026-02-07T07:52:09","modified_gmt":"2026-02-07T04:52:09","slug":"teekuunal-pan-aroma-orange-spice-18tk","status":"publish","type":"product","link":"https:\/\/vbd.dev.sumena.ee\/en\/product-2\/teekuunal-pan-aroma-orange-spice-18tk\/","title":{"rendered":"Teek\u00fc\u00fcnal Pan Aroma ORANGE SPICE 18tk"},"content":{"rendered":"<div class=\"ama-single-product__content\">\n<div class=\"classic-editor\">\n<p>\u00d5rn apelsin ja mahlane mandariin, millele on puistatud soojad v\u00fcrtsid ja lisatud granaat\u00f5una.<\/p>\n<p>Hoiatus: K\u00fc\u00fcnlad v\u00f5ivad p\u00f5hjustada tulekahju. Eemalda pakend ja etiketid enne s\u00fc\u00fctamist. \u00c4ra j\u00e4ta p\u00f5levat k\u00fc\u00fcnalt t\u00e4helepanuta. Aseta p\u00f5lev k\u00fc\u00fcnal lastele ja koduloomadele k\u00e4ttesaamatusse kohta. P\u00f5letada ainult tasasel kindlal, mittepoorsel ja kuumakindlal pinnal. J\u00e4ta p\u00f5levate k\u00fc\u00fcnalde vahele alati v\u00e4hemalt 10 cm. \u00c4ra p\u00f5leta k\u00fc\u00fcnalt s\u00fcttivate materjalide l\u00e4hedal. Kustuta k\u00fc\u00fcnal, kui see suitseb, vilgub korduvalt, v\u00f5i leek on liiga k\u00f5rge.<\/p>\n<\/div>\n<\/div>","protected":false},"excerpt":{"rendered":"<p>\u00d5rn apelsin ja mahlane mandariin, millele on puistatud soojad v\u00fcrtsid ja lisatud granaat\u00f5una. Hoiatus: K\u00fc\u00fcnlad v\u00f5ivad p\u00f5hjustada tulekahju. Eemalda pakend ja etiketid enne s\u00fc\u00fctamist. \u00c4ra j\u00e4ta p\u00f5levat k\u00fc\u00fcnalt t\u00e4helepanuta. Aseta p\u00f5lev k\u00fc\u00fcnal lastele ja koduloomadele k\u00e4ttesaamatusse kohta. P\u00f5letada ainult tasasel kindlal, mittepoorsel ja kuumakindlal pinnal. J\u00e4ta p\u00f5levate k\u00fc\u00fcnalde vahele alati v\u00e4hemalt 10 cm. \u00c4ra p\u00f5leta [&hellip;]<\/p>","protected":false},"featured_media":332038,"comment_status":"open","ping_status":"closed","template":"","meta":{"_acf_changed":false},"product_brand":[],"product_cat":[186,88],"product_tag":[],"class_list":{"0":"post-332037","1":"product","2":"type-product","3":"status-publish","4":"has-post-thumbnail","6":"product_cat-kodukaubad","7":"product_cat-tarbekaubad-tooted","9":"first","10":"instock","11":"sale","12":"taxable","13":"shipping-taxable","14":"purchasable","15":"product-type-simple"},"supplier_id":null,"supplier_sku":"","barcode":null,"atum_controlled":true,"out_stock_date":null,"out_stock_threshold":null,"inheritable":false,"inbound_stock":0,"stock_on_hold":0,"sold_today":0,"sales_last_days":12,"reserved_stock":0,"customer_returns":0,"warehouse_damage":0,"lost_in_post":0,"other_logs":0,"out_stock_days":0,"lost_sales":0,"has_location":false,"update_date":"2026-02-09T08:46:24","atum_locations":[],"atum_stock_status":"instock","restock_status":false,"low_stock_amount":"","sales_update_date":"2026-02-09T08:46:18","calc_backorders":null,"acf":[],"_links":{"self":[{"href":"https:\/\/vbd.dev.sumena.ee\/en\/wp-json\/wp\/v2\/product\/332037","targetHints":{"allow":["GET"]}}],"collection":[{"href":"https:\/\/vbd.dev.sumena.ee\/en\/wp-json\/wp\/v2\/product"}],"about":[{"href":"https:\/\/vbd.dev.sumena.ee\/en\/wp-json\/wp\/v2\/types\/product"}],"replies":[{"embeddable":true,"href":"https:\/\/vbd.dev.sumena.ee\/en\/wp-json\/wp\/v2\/comments?post=332037"}],"wp:featuredmedia":[{"embeddable":true,"href":"https:\/\/vbd.dev.sumena.ee\/en\/wp-json\/wp\/v2\/media\/332038"}],"wp:attachment":[{"href":"https:\/\/vbd.dev.sumena.ee\/en\/wp-json\/wp\/v2\/media?parent=332037"}],"wp:term":[{"taxonomy":"product_brand","embeddable":true,"href":"https:\/\/vbd.dev.sumena.ee\/en\/wp-json\/wp\/v2\/product_brand?post=332037"},{"taxonomy":"product_cat","embeddable":true,"href":"https:\/\/vbd.dev.sumena.ee\/en\/wp-json\/wp\/v2\/product_cat?post=332037"},{"taxonomy":"product_tag","embeddable":true,"href":"https:\/\/vbd.dev.sumena.ee\/en\/wp-json\/wp\/v2\/product_tag?post=332037"}],"curies":[{"name":"wp","href":"https:\/\/api.w.org\/{rel}","templated":true}]}}