{"id":332015,"date":"2025-11-20T19:19:47","date_gmt":"2025-11-20T16:19:47","guid":{"rendered":"https:\/\/vbd.dev.sumena.ee\/?post_type=product&#038;p=332015"},"modified":"2026-02-09T14:28:43","modified_gmt":"2026-02-09T11:28:43","slug":"ruumilohnastaja-pan-aroma-jouluvana-cinnamon-pine-cone-50ml","status":"publish","type":"product","link":"https:\/\/vbd.dev.sumena.ee\/en\/product-2\/ruumilohnastaja-pan-aroma-jouluvana-cinnamon-pine-cone-50ml\/","title":{"rendered":"Ruumil\u00f5hnastaja Pan Aroma J\u00f5uluvana CINNAMON &#038; PINE CONE 50ml"},"content":{"rendered":"<div class=\"ama-single-product__content\">\n<div class=\"classic-editor\">\n<p>Kasutamine: 1.Hoidke pudelit p\u00fcstises asendis. Eemaldage ettevaatlikult plastkork, asetades pudeli tasasele pinnale. 2. Sisestage pilliroog l\u00e4bi korgi keskosa. Laske neil m\u00f5ni minut l\u00f5hnastuda. Eemaldage pilliroog ja p\u00f6\u00f6rake neid nii, et l\u00f5hnastunud otsad oleksid pudelist v\u00e4ljas. 3. L\u00f5hna v\u00e4rskendamiseks keerake pilliroogu perioodiliselt.<\/p>\n<p>Hoiatus: \u00c4rge asetage v\u00e4rvitud, toostevabast terasest, puidust v\u00f5i lakitud pindadele. Hoida lastele k\u00e4ttesaamatus kohas. Pesta k\u00e4si p\u00e4rast kokkupuudet tootega. Kui esineb naha\u00e4rritust, p\u00f6\u00f6rdu arsti poole.<\/p>\n<\/div>\n<\/div>\n<div class=\"pwb-single-product-brands pwb-clearfix\"><\/div>","protected":false},"excerpt":{"rendered":"<p>Kasutamine: 1.Hoidke pudelit p\u00fcstises asendis. Eemaldage ettevaatlikult plastkork, asetades pudeli tasasele pinnale. 2. Sisestage pilliroog l\u00e4bi korgi keskosa. Laske neil m\u00f5ni minut l\u00f5hnastuda. Eemaldage pilliroog ja p\u00f6\u00f6rake neid nii, et l\u00f5hnastunud otsad oleksid pudelist v\u00e4ljas. 3. L\u00f5hna v\u00e4rskendamiseks keerake pilliroogu perioodiliselt. Hoiatus: \u00c4rge asetage v\u00e4rvitud, toostevabast terasest, puidust v\u00f5i lakitud pindadele. Hoida lastele k\u00e4ttesaamatus kohas. [&hellip;]<\/p>","protected":false},"featured_media":332019,"comment_status":"open","ping_status":"closed","template":"","meta":{"_acf_changed":false},"product_brand":[],"product_cat":[186,88],"product_tag":[],"class_list":{"0":"post-332015","1":"product","2":"type-product","3":"status-publish","4":"has-post-thumbnail","6":"product_cat-kodukaubad","7":"product_cat-tarbekaubad-tooted","9":"first","10":"instock","11":"sale","12":"taxable","13":"shipping-taxable","14":"purchasable","15":"product-type-simple"},"supplier_id":null,"supplier_sku":"","barcode":null,"atum_controlled":true,"out_stock_date":null,"out_stock_threshold":null,"inheritable":false,"inbound_stock":0,"stock_on_hold":0,"sold_today":0,"sales_last_days":5,"reserved_stock":0,"customer_returns":0,"warehouse_damage":0,"lost_in_post":0,"other_logs":0,"out_stock_days":0,"lost_sales":0,"has_location":false,"update_date":"2026-02-10T13:12:40","atum_locations":[],"atum_stock_status":"instock","restock_status":false,"low_stock_amount":"","sales_update_date":"2026-02-10T13:12:22","calc_backorders":null,"acf":[],"_links":{"self":[{"href":"https:\/\/vbd.dev.sumena.ee\/en\/wp-json\/wp\/v2\/product\/332015","targetHints":{"allow":["GET"]}}],"collection":[{"href":"https:\/\/vbd.dev.sumena.ee\/en\/wp-json\/wp\/v2\/product"}],"about":[{"href":"https:\/\/vbd.dev.sumena.ee\/en\/wp-json\/wp\/v2\/types\/product"}],"replies":[{"embeddable":true,"href":"https:\/\/vbd.dev.sumena.ee\/en\/wp-json\/wp\/v2\/comments?post=332015"}],"wp:featuredmedia":[{"embeddable":true,"href":"https:\/\/vbd.dev.sumena.ee\/en\/wp-json\/wp\/v2\/media\/332019"}],"wp:attachment":[{"href":"https:\/\/vbd.dev.sumena.ee\/en\/wp-json\/wp\/v2\/media?parent=332015"}],"wp:term":[{"taxonomy":"product_brand","embeddable":true,"href":"https:\/\/vbd.dev.sumena.ee\/en\/wp-json\/wp\/v2\/product_brand?post=332015"},{"taxonomy":"product_cat","embeddable":true,"href":"https:\/\/vbd.dev.sumena.ee\/en\/wp-json\/wp\/v2\/product_cat?post=332015"},{"taxonomy":"product_tag","embeddable":true,"href":"https:\/\/vbd.dev.sumena.ee\/en\/wp-json\/wp\/v2\/product_tag?post=332015"}],"curies":[{"name":"wp","href":"https:\/\/api.w.org\/{rel}","templated":true}]}}