{"id":331232,"date":"2026-01-23T17:31:16","date_gmt":"2026-01-23T14:31:16","guid":{"rendered":"https:\/\/vbd.dev.sumena.ee\/?post_type=product&#038;p=331232"},"modified":"2026-02-12T17:13:11","modified_gmt":"2026-02-12T14:13:11","slug":"piimakorred-moomin-sokolaad-36-g","status":"publish","type":"product","link":"https:\/\/vbd.dev.sumena.ee\/en\/product-2\/piimakorred-moomin-sokolaad-36-g\/","title":{"rendered":"Piimak\u00f5rred Moomin \u0160okolaad 36 g"},"content":{"rendered":"<p>Piimak\u00f5rred Moomin \u0160okolaad 36 g<\/p>\n<p>Koostis:<\/p>\n<p>suhkur, fruktoos, v\u00e4hendatud rasvasisaldusega kakaopulber, gl\u00fckoosisiirup, looduslik l\u00f5hna- ja maitseaine.<\/p>","protected":false},"excerpt":{"rendered":"<p>Piimak\u00f5rred Moomin \u0160okolaad 36 g Koostis: suhkur, fruktoos, v\u00e4hendatud rasvasisaldusega kakaopulber, gl\u00fckoosisiirup, looduslik l\u00f5hna- ja maitseaine.<\/p>","protected":false},"featured_media":331233,"comment_status":"open","ping_status":"closed","template":"","meta":{"_acf_changed":false},"product_brand":[],"product_cat":[77,78,80,82],"product_tag":[],"class_list":{"0":"post-331232","1":"product","2":"type-product","3":"status-publish","4":"has-post-thumbnail","6":"product_cat-maiustused","7":"product_cat-kommid","8":"product_cat-snakid","9":"product_cat-muu-hea","11":"first","12":"instock","13":"sale","14":"taxable","15":"shipping-taxable","16":"purchasable","17":"product-type-simple"},"supplier_id":null,"supplier_sku":"","barcode":null,"atum_controlled":true,"out_stock_date":null,"out_stock_threshold":null,"inheritable":false,"inbound_stock":0,"stock_on_hold":93,"sold_today":76,"sales_last_days":1416,"reserved_stock":0,"customer_returns":0,"warehouse_damage":0,"lost_in_post":0,"other_logs":0,"out_stock_days":0,"lost_sales":0,"has_location":false,"update_date":"2026-02-12T15:48:27","atum_locations":[],"atum_stock_status":"instock","restock_status":false,"low_stock_amount":"","sales_update_date":"2026-02-12T15:48:17","calc_backorders":null,"acf":[],"_links":{"self":[{"href":"https:\/\/vbd.dev.sumena.ee\/en\/wp-json\/wp\/v2\/product\/331232","targetHints":{"allow":["GET"]}}],"collection":[{"href":"https:\/\/vbd.dev.sumena.ee\/en\/wp-json\/wp\/v2\/product"}],"about":[{"href":"https:\/\/vbd.dev.sumena.ee\/en\/wp-json\/wp\/v2\/types\/product"}],"replies":[{"embeddable":true,"href":"https:\/\/vbd.dev.sumena.ee\/en\/wp-json\/wp\/v2\/comments?post=331232"}],"wp:featuredmedia":[{"embeddable":true,"href":"https:\/\/vbd.dev.sumena.ee\/en\/wp-json\/wp\/v2\/media\/331233"}],"wp:attachment":[{"href":"https:\/\/vbd.dev.sumena.ee\/en\/wp-json\/wp\/v2\/media?parent=331232"}],"wp:term":[{"taxonomy":"product_brand","embeddable":true,"href":"https:\/\/vbd.dev.sumena.ee\/en\/wp-json\/wp\/v2\/product_brand?post=331232"},{"taxonomy":"product_cat","embeddable":true,"href":"https:\/\/vbd.dev.sumena.ee\/en\/wp-json\/wp\/v2\/product_cat?post=331232"},{"taxonomy":"product_tag","embeddable":true,"href":"https:\/\/vbd.dev.sumena.ee\/en\/wp-json\/wp\/v2\/product_tag?post=331232"}],"curies":[{"name":"wp","href":"https:\/\/api.w.org\/{rel}","templated":true}]}}