{"id":330798,"date":"2025-11-24T16:20:19","date_gmt":"2025-11-24T13:20:19","guid":{"rendered":"https:\/\/vbd.dev.sumena.ee\/?post_type=product&#038;p=330798"},"modified":"2026-02-11T19:37:10","modified_gmt":"2026-02-11T16:37:10","slug":"satay-kaste-200g","status":"publish","type":"product","link":"https:\/\/vbd.dev.sumena.ee\/en\/product-2\/satay-kaste-200g\/","title":{"rendered":"Satay kaste 200g"},"content":{"rendered":"<div class=\"woocommerce-product-details__short-description\">\n<p data-start=\"0\" data-end=\"391\">Satay kaste on inspireeriv Aasia stiilis wokikaste, mis \u00fchendab endast pehme p\u00e4hklise maitse ja kerge v\u00fcrtsikuse, pakkudes kodukokale lihtsat v\u00f5imalust tuua eksootiline elamus igap\u00e4evasesse s\u00f6\u00f6gikorda. Kaste on valmistatud looduslikest koostisosadest, olles seejuures t\u00e4iesti glutenivaba ning sobilik ka veganitele.<\/p>\n<p data-start=\"0\" data-end=\"391\">Satay kaste ei sisalda kunstlikke v\u00e4rvaineid ega maitsetugevdajaid, mis teeb sellest puhta ja teadliku valiku igas k\u00f6\u00f6gis.<\/p>\n<p data-start=\"698\" data-end=\"933\">Sobib suurep\u00e4raselt kiireteks wokiroogadeks, marinaadiks lihale v\u00f5i tofule ning ka kastmeks riisi- ja nuudliroogade k\u00f5rvale. See valmib kiiresti \u2013 k\u00f5igest m\u00f5ne minutiga on sul valmis t\u00e4isv\u00e4\u00e4rtuslik eine, millel on ehe Aasia h\u00f5ng.<\/p>\n<p data-start=\"935\" data-end=\"1100\" data-is-last-node=\"\" data-is-only-node=\"\">T\u00e4nu oma tasakaalustatud maitsele ja kvaliteetsetele koostisosadele on Satay kaste ideaalne lahendus neile, kes hindavad maitsek\u00fcllast toitu ja kiiret valmistusaega.<\/p>\n<p data-start=\"935\" data-end=\"1100\" data-is-last-node=\"\" data-is-only-node=\"\">Koostis: Vesi,suhkur, sibul, maap\u00e4hklid(8%), maisit\u00e4rklis, sool, maitseained, ingver, naturaalsed v\u00e4rvained(Karamell, kurkum), naturaalsed maitseained, sidrunhape, emulgaator(ksantaankumm)<\/p>\n<\/div>","protected":false},"excerpt":{"rendered":"<p>Satay kaste on inspireeriv Aasia stiilis wokikaste, mis \u00fchendab endast pehme p\u00e4hklise maitse ja kerge v\u00fcrtsikuse, pakkudes kodukokale lihtsat v\u00f5imalust tuua eksootiline elamus igap\u00e4evasesse s\u00f6\u00f6gikorda. Kaste on valmistatud looduslikest koostisosadest, olles seejuures t\u00e4iesti glutenivaba ning sobilik ka veganitele. Satay kaste ei sisalda kunstlikke v\u00e4rvaineid ega maitsetugevdajaid, mis teeb sellest puhta ja teadliku valiku igas k\u00f6\u00f6gis. [&hellip;]<\/p>","protected":false},"featured_media":330799,"comment_status":"open","ping_status":"closed","template":"","meta":{"_acf_changed":false},"product_brand":[],"product_cat":[83],"product_tag":[],"class_list":{"0":"post-330798","1":"product","2":"type-product","3":"status-publish","4":"has-post-thumbnail","6":"product_cat-kastmed-olid","8":"first","9":"instock","10":"sale","11":"taxable","12":"shipping-taxable","13":"purchasable","14":"product-type-simple"},"supplier_id":null,"supplier_sku":"","barcode":null,"atum_controlled":true,"out_stock_date":null,"out_stock_threshold":null,"inheritable":false,"inbound_stock":0,"stock_on_hold":1,"sold_today":0,"sales_last_days":21,"reserved_stock":0,"customer_returns":0,"warehouse_damage":0,"lost_in_post":0,"other_logs":0,"out_stock_days":0,"lost_sales":0,"has_location":false,"update_date":"2026-02-12T08:45:50","atum_locations":[],"atum_stock_status":"instock","restock_status":true,"low_stock_amount":"","sales_update_date":"2026-02-12T08:45:42","calc_backorders":null,"acf":[],"_links":{"self":[{"href":"https:\/\/vbd.dev.sumena.ee\/en\/wp-json\/wp\/v2\/product\/330798","targetHints":{"allow":["GET"]}}],"collection":[{"href":"https:\/\/vbd.dev.sumena.ee\/en\/wp-json\/wp\/v2\/product"}],"about":[{"href":"https:\/\/vbd.dev.sumena.ee\/en\/wp-json\/wp\/v2\/types\/product"}],"replies":[{"embeddable":true,"href":"https:\/\/vbd.dev.sumena.ee\/en\/wp-json\/wp\/v2\/comments?post=330798"}],"wp:featuredmedia":[{"embeddable":true,"href":"https:\/\/vbd.dev.sumena.ee\/en\/wp-json\/wp\/v2\/media\/330799"}],"wp:attachment":[{"href":"https:\/\/vbd.dev.sumena.ee\/en\/wp-json\/wp\/v2\/media?parent=330798"}],"wp:term":[{"taxonomy":"product_brand","embeddable":true,"href":"https:\/\/vbd.dev.sumena.ee\/en\/wp-json\/wp\/v2\/product_brand?post=330798"},{"taxonomy":"product_cat","embeddable":true,"href":"https:\/\/vbd.dev.sumena.ee\/en\/wp-json\/wp\/v2\/product_cat?post=330798"},{"taxonomy":"product_tag","embeddable":true,"href":"https:\/\/vbd.dev.sumena.ee\/en\/wp-json\/wp\/v2\/product_tag?post=330798"}],"curies":[{"name":"wp","href":"https:\/\/api.w.org\/{rel}","templated":true}]}}