{"id":327120,"date":"2025-12-18T16:20:05","date_gmt":"2025-12-18T13:20:05","guid":{"rendered":"https:\/\/vbd.dev.sumena.ee\/?post_type=product&#038;p=327120"},"modified":"2026-02-12T11:58:26","modified_gmt":"2026-02-12T08:58:26","slug":"narimispulk-koerale-dogman-100tk-s-900g","status":"publish","type":"product","link":"https:\/\/vbd.dev.sumena.ee\/en\/product-2\/narimispulk-koerale-dogman-100tk-s-900g\/","title":{"rendered":"N\u00e4rimispulk Koerale DOGMAN 100tk S 900g"},"content":{"rendered":"<div id=\"cgkit-tab-description\" class=\"woocommerce-Tabs-panel commercekit-Tabs-panel--description panel entry-content\">\n<p>T\u00e4iends\u00f6\u00f6t koerale<br \/>\nPehmed n\u00e4rimispulgad on sobivad ka v\u00e4iksematele koertele. Rahuldab teie koera loomulikku n\u00e4rimisvajadust, parandab halba hinge\u00f5hku ja hambaid. Pidage alati meeles hoida oma lemmikule k\u00e4ttesaadavas kohas v\u00e4rsket vett. J\u00e4lgige alati ettevaatusabin\u00f5una oma lemmikut, kui annate talle n\u00e4rimiseks m\u00f5eldud toote.<\/p>\n<\/div>\n<div id=\"cgkit-tab-tgp_ingredients_tab\" class=\"woocommerce-Tabs-panel commercekit-Tabs-panel--tgp_ingredients_tab panel entry-content\">\n<div id=\"ingredients\">\n<h2>Koostis<\/h2>\n<p>Loomsed saadused (86% veise- ja seanahk), riis. Sisaldab s\u00e4ilitusaineid. Anal\u00fc\u00fctilised andmed: toorvalgud 50,0%, toorrasvad 10,0%, toorkiud 5,0%, toortuhk 10,0%, niiskusesisaldus 14,0%.<\/p>\n<\/div>\n<\/div>","protected":false},"excerpt":{"rendered":"<p>T\u00e4iends\u00f6\u00f6t koerale Pehmed n\u00e4rimispulgad on sobivad ka v\u00e4iksematele koertele. Rahuldab teie koera loomulikku n\u00e4rimisvajadust, parandab halba hinge\u00f5hku ja hambaid. Pidage alati meeles hoida oma lemmikule k\u00e4ttesaadavas kohas v\u00e4rsket vett. J\u00e4lgige alati ettevaatusabin\u00f5una oma lemmikut, kui annate talle n\u00e4rimiseks m\u00f5eldud toote. Koostis Loomsed saadused (86% veise- ja seanahk), riis. Sisaldab s\u00e4ilitusaineid. Anal\u00fc\u00fctilised andmed: toorvalgud 50,0%, toorrasvad [&hellip;]<\/p>","protected":false},"featured_media":327123,"comment_status":"open","ping_status":"closed","template":"","meta":{"_acf_changed":false},"product_brand":[],"product_cat":[91],"product_tag":[],"class_list":{"0":"post-327120","1":"product","2":"type-product","3":"status-publish","4":"has-post-thumbnail","6":"product_cat-loomatoit","8":"first","9":"instock","10":"sale","11":"taxable","12":"shipping-taxable","13":"purchasable","14":"product-type-simple"},"supplier_id":null,"supplier_sku":"","barcode":null,"atum_controlled":true,"out_stock_date":null,"out_stock_threshold":null,"inheritable":false,"inbound_stock":0,"stock_on_hold":6,"sold_today":6,"sales_last_days":71,"reserved_stock":0,"customer_returns":0,"warehouse_damage":0,"lost_in_post":0,"other_logs":0,"out_stock_days":0,"lost_sales":0,"has_location":false,"update_date":"2026-02-12T12:42:20","atum_locations":[],"atum_stock_status":"instock","restock_status":false,"low_stock_amount":"","sales_update_date":"2026-02-12T12:42:10","calc_backorders":null,"acf":[],"_links":{"self":[{"href":"https:\/\/vbd.dev.sumena.ee\/en\/wp-json\/wp\/v2\/product\/327120","targetHints":{"allow":["GET"]}}],"collection":[{"href":"https:\/\/vbd.dev.sumena.ee\/en\/wp-json\/wp\/v2\/product"}],"about":[{"href":"https:\/\/vbd.dev.sumena.ee\/en\/wp-json\/wp\/v2\/types\/product"}],"replies":[{"embeddable":true,"href":"https:\/\/vbd.dev.sumena.ee\/en\/wp-json\/wp\/v2\/comments?post=327120"}],"wp:featuredmedia":[{"embeddable":true,"href":"https:\/\/vbd.dev.sumena.ee\/en\/wp-json\/wp\/v2\/media\/327123"}],"wp:attachment":[{"href":"https:\/\/vbd.dev.sumena.ee\/en\/wp-json\/wp\/v2\/media?parent=327120"}],"wp:term":[{"taxonomy":"product_brand","embeddable":true,"href":"https:\/\/vbd.dev.sumena.ee\/en\/wp-json\/wp\/v2\/product_brand?post=327120"},{"taxonomy":"product_cat","embeddable":true,"href":"https:\/\/vbd.dev.sumena.ee\/en\/wp-json\/wp\/v2\/product_cat?post=327120"},{"taxonomy":"product_tag","embeddable":true,"href":"https:\/\/vbd.dev.sumena.ee\/en\/wp-json\/wp\/v2\/product_tag?post=327120"}],"curies":[{"name":"wp","href":"https:\/\/api.w.org\/{rel}","templated":true}]}}