{"id":326699,"date":"2026-01-28T14:55:41","date_gmt":"2026-01-28T11:55:41","guid":{"rendered":"https:\/\/vbd.dev.sumena.ee\/?post_type=product&#038;p=326699"},"modified":"2026-02-12T18:23:17","modified_gmt":"2026-02-12T15:23:17","slug":"lainelised-kartulikropsud-lays-tzatziki-maitselised-120g","status":"publish","type":"product","link":"https:\/\/vbd.dev.sumena.ee\/en\/product-2\/lainelised-kartulikropsud-lays-tzatziki-maitselised-120g\/","title":{"rendered":"Lainelised Kartulikr\u00f5psud LAY&#8217;S Tzatziki-maitselised 120g"},"content":{"rendered":"<h3 class=\"izDEqE llpRim gZSiXk kvXNxI lgoqEg fygOE ijAptY\">Koostisosad<\/h3>\n<div class=\"sc-57154a31-2 iJVmTs\">\n<p>Koostisosad: kartulid, taimsed \u00f5lid (maisi-, p\u00e4evalille-, rapsiseemne\u00f5li muutuvas suhtes), vadakupulber piimast, sool, k\u00fc\u00fcslaugupulb er, l\u00f5hna- ja maitsetugevdajad (naatriumvesinikglutamaat, dinaatrium-5#-ribonukleotiidid), kaaliumkloriid, suhkur, l\u00f5hna- ja maitsea ined, sibulapulber, jogurtipulber piimast, maitsetaimed (petersell, m\u00fcnt, till), happesuse regulaatorid (\u00f5unhape, sidrunhape, piimha pe).<\/p>\n<\/div>","protected":false},"excerpt":{"rendered":"<p>Koostisosad Koostisosad: kartulid, taimsed \u00f5lid (maisi-, p\u00e4evalille-, rapsiseemne\u00f5li muutuvas suhtes), vadakupulber piimast, sool, k\u00fc\u00fcslaugupulb er, l\u00f5hna- ja maitsetugevdajad (naatriumvesinikglutamaat, dinaatrium-5#-ribonukleotiidid), kaaliumkloriid, suhkur, l\u00f5hna- ja maitsea ined, sibulapulber, jogurtipulber piimast, maitsetaimed (petersell, m\u00fcnt, till), happesuse regulaatorid (\u00f5unhape, sidrunhape, piimha pe).<\/p>","protected":false},"featured_media":326700,"comment_status":"open","ping_status":"closed","template":"","meta":{"_acf_changed":false},"product_brand":[],"product_cat":[80,81],"product_tag":[],"class_list":{"0":"post-326699","1":"product","2":"type-product","3":"status-publish","4":"has-post-thumbnail","6":"product_cat-snakid","7":"product_cat-kropsud","9":"first","10":"instock","11":"sale","12":"taxable","13":"shipping-taxable","14":"purchasable","15":"product-type-simple"},"supplier_id":null,"supplier_sku":"","barcode":null,"atum_controlled":true,"out_stock_date":null,"out_stock_threshold":null,"inheritable":false,"inbound_stock":0,"stock_on_hold":50,"sold_today":55,"sales_last_days":861,"reserved_stock":0,"customer_returns":0,"warehouse_damage":0,"lost_in_post":0,"other_logs":0,"out_stock_days":0,"lost_sales":0,"has_location":false,"update_date":"2026-02-12T15:33:53","atum_locations":[],"atum_stock_status":"instock","restock_status":true,"low_stock_amount":"","sales_update_date":"2026-02-12T15:33:44","calc_backorders":null,"acf":[],"_links":{"self":[{"href":"https:\/\/vbd.dev.sumena.ee\/en\/wp-json\/wp\/v2\/product\/326699","targetHints":{"allow":["GET"]}}],"collection":[{"href":"https:\/\/vbd.dev.sumena.ee\/en\/wp-json\/wp\/v2\/product"}],"about":[{"href":"https:\/\/vbd.dev.sumena.ee\/en\/wp-json\/wp\/v2\/types\/product"}],"replies":[{"embeddable":true,"href":"https:\/\/vbd.dev.sumena.ee\/en\/wp-json\/wp\/v2\/comments?post=326699"}],"wp:featuredmedia":[{"embeddable":true,"href":"https:\/\/vbd.dev.sumena.ee\/en\/wp-json\/wp\/v2\/media\/326700"}],"wp:attachment":[{"href":"https:\/\/vbd.dev.sumena.ee\/en\/wp-json\/wp\/v2\/media?parent=326699"}],"wp:term":[{"taxonomy":"product_brand","embeddable":true,"href":"https:\/\/vbd.dev.sumena.ee\/en\/wp-json\/wp\/v2\/product_brand?post=326699"},{"taxonomy":"product_cat","embeddable":true,"href":"https:\/\/vbd.dev.sumena.ee\/en\/wp-json\/wp\/v2\/product_cat?post=326699"},{"taxonomy":"product_tag","embeddable":true,"href":"https:\/\/vbd.dev.sumena.ee\/en\/wp-json\/wp\/v2\/product_tag?post=326699"}],"curies":[{"name":"wp","href":"https:\/\/api.w.org\/{rel}","templated":true}]}}