{"id":326688,"date":"2025-11-05T14:49:24","date_gmt":"2025-11-05T11:49:24","guid":{"rendered":"https:\/\/vbd.dev.sumena.ee\/?post_type=product&#038;p=326688"},"modified":"2026-02-12T12:09:35","modified_gmt":"2026-02-12T09:09:35","slug":"kaste-askania-habanero-200g","status":"publish","type":"product","link":"https:\/\/vbd.dev.sumena.ee\/en\/product-2\/kaste-askania-habanero-200g\/","title":{"rendered":"Kaste Askania Habanero 200g"},"content":{"rendered":"<p><strong data-start=\"0\" data-end=\"18\" data-is-only-node=\"\">Habanero kaste<\/strong> on ideaalne valik t\u00f5elistele tuliste maitsete armastajatele!<br data-start=\"79\" data-end=\"82\" \/>Kasuta seda <strong data-start=\"94\" data-end=\"113\">marineerimiseks<\/strong>, <strong data-start=\"115\" data-end=\"148\">salatikastmete valmistamiseks<\/strong> v\u00f5i <strong data-start=\"153\" data-end=\"219\">maitsvaks lisandiks grillitud lihale, kalale ja k\u00f6\u00f6giviljadele<\/strong>.<\/p>\n<p><strong data-start=\"0\" data-end=\"12\" data-is-only-node=\"\">Koostis:<\/strong> vesi, rafineeritud ja deodoriseeritud p\u00e4evalille\u00f5li, suhkur, alkohol\u00e4\u00e4dikas, paksendajad (muundt\u00e4rklis, ksantaankummi), mango, tomatipasta, sool, munakollase pulber, muundt\u00e4rklis (emulgaatorina), v\u00fcrtsid (sisaldavad sinepit), kuivatatud k\u00f6\u00f6giviljad, happesuse regulaator: piimhape, s\u00e4ilitusaine: kaaliumsorbaat, habanero pipar 0,1%, paprikate ekstrakt, vadakupulber (sisaldab piima), maitseained, v\u00e4rvaine E160a, antioks\u00fcdant E385.<\/p>","protected":false},"excerpt":{"rendered":"<p>Habanero kaste on ideaalne valik t\u00f5elistele tuliste maitsete armastajatele!Kasuta seda marineerimiseks, salatikastmete valmistamiseks v\u00f5i maitsvaks lisandiks grillitud lihale, kalale ja k\u00f6\u00f6giviljadele. Koostis: vesi, rafineeritud ja deodoriseeritud p\u00e4evalille\u00f5li, suhkur, alkohol\u00e4\u00e4dikas, paksendajad (muundt\u00e4rklis, ksantaankummi), mango, tomatipasta, sool, munakollase pulber, muundt\u00e4rklis (emulgaatorina), v\u00fcrtsid (sisaldavad sinepit), kuivatatud k\u00f6\u00f6giviljad, happesuse regulaator: piimhape, s\u00e4ilitusaine: kaaliumsorbaat, habanero pipar 0,1%, paprikate ekstrakt, vadakupulber [&hellip;]<\/p>","protected":false},"featured_media":326692,"comment_status":"open","ping_status":"closed","template":"","meta":{"_acf_changed":false},"product_brand":[],"product_cat":[83],"product_tag":[],"class_list":{"0":"post-326688","1":"product","2":"type-product","3":"status-publish","4":"has-post-thumbnail","6":"product_cat-kastmed-olid","8":"first","9":"instock","10":"sale","11":"taxable","12":"shipping-taxable","13":"purchasable","14":"product-type-simple"},"supplier_id":null,"supplier_sku":"","barcode":null,"atum_controlled":true,"out_stock_date":null,"out_stock_threshold":null,"inheritable":false,"inbound_stock":0,"stock_on_hold":32,"sold_today":30,"sales_last_days":102,"reserved_stock":0,"customer_returns":0,"warehouse_damage":0,"lost_in_post":0,"other_logs":0,"out_stock_days":0,"lost_sales":0,"has_location":false,"update_date":"2026-02-12T09:13:06","atum_locations":[],"atum_stock_status":"instock","restock_status":false,"low_stock_amount":"","sales_update_date":"2026-02-12T09:12:56","calc_backorders":null,"acf":[],"_links":{"self":[{"href":"https:\/\/vbd.dev.sumena.ee\/en\/wp-json\/wp\/v2\/product\/326688","targetHints":{"allow":["GET"]}}],"collection":[{"href":"https:\/\/vbd.dev.sumena.ee\/en\/wp-json\/wp\/v2\/product"}],"about":[{"href":"https:\/\/vbd.dev.sumena.ee\/en\/wp-json\/wp\/v2\/types\/product"}],"replies":[{"embeddable":true,"href":"https:\/\/vbd.dev.sumena.ee\/en\/wp-json\/wp\/v2\/comments?post=326688"}],"wp:featuredmedia":[{"embeddable":true,"href":"https:\/\/vbd.dev.sumena.ee\/en\/wp-json\/wp\/v2\/media\/326692"}],"wp:attachment":[{"href":"https:\/\/vbd.dev.sumena.ee\/en\/wp-json\/wp\/v2\/media?parent=326688"}],"wp:term":[{"taxonomy":"product_brand","embeddable":true,"href":"https:\/\/vbd.dev.sumena.ee\/en\/wp-json\/wp\/v2\/product_brand?post=326688"},{"taxonomy":"product_cat","embeddable":true,"href":"https:\/\/vbd.dev.sumena.ee\/en\/wp-json\/wp\/v2\/product_cat?post=326688"},{"taxonomy":"product_tag","embeddable":true,"href":"https:\/\/vbd.dev.sumena.ee\/en\/wp-json\/wp\/v2\/product_tag?post=326688"}],"curies":[{"name":"wp","href":"https:\/\/api.w.org\/{rel}","templated":true}]}}