{"id":326120,"date":"2026-01-20T18:38:51","date_gmt":"2026-01-20T15:38:51","guid":{"rendered":"https:\/\/vbd.dev.sumena.ee\/?post_type=product&#038;p=326120"},"modified":"2026-02-12T18:17:47","modified_gmt":"2026-02-12T15:17:47","slug":"puuviljasnakk-nordthy-viigimarja-100g","status":"publish","type":"product","link":"https:\/\/vbd.dev.sumena.ee\/en\/product-2\/puuviljasnakk-nordthy-viigimarja-100g\/","title":{"rendered":"Puuviljasn\u00e4kk Nordthy \u2013 Viigimarja 100g"},"content":{"rendered":"<p data-start=\"0\" data-end=\"47\"><strong data-start=\"0\" data-end=\"45\">Puuviljasn\u00e4kk viigimarjaga \u2013 96% puuvilja<\/strong><\/p>\n<p data-start=\"49\" data-end=\"222\">Mini Frugt Snacks firmalt <strong data-start=\"75\" data-end=\"86\">My Bite<\/strong> on v\u00e4ikesed puuviljabatoonid, mis on <strong data-start=\"124\" data-end=\"142\">eraldi pakitud<\/strong> \u2013 ideaalsed <strong data-start=\"155\" data-end=\"177\">l\u00f5unas\u00f6\u00f6gi k\u00f5rvale<\/strong>v\u00f5i kiireks ampsuks, kui tekib v\u00e4ike n\u00e4lg.<\/p>\n<p data-start=\"224\" data-end=\"350\"><strong data-start=\"224\" data-end=\"251\">Mybite Mini Frugt Snack<\/strong> on valmistatud <strong data-start=\"267\" data-end=\"305\">ainult looduslikest koostisosadest<\/strong> ning sisaldab <strong data-start=\"320\" data-end=\"347\">96% kuivatatud puuvilju<\/strong>.<\/p>","protected":false},"excerpt":{"rendered":"<p>Puuviljasn\u00e4kk viigimarjaga \u2013 96% puuvilja Mini Frugt Snacks firmalt My Bite on v\u00e4ikesed puuviljabatoonid, mis on eraldi pakitud \u2013 ideaalsed l\u00f5unas\u00f6\u00f6gi k\u00f5rvalev\u00f5i kiireks ampsuks, kui tekib v\u00e4ike n\u00e4lg. Mybite Mini Frugt Snack on valmistatud ainult looduslikest koostisosadest ning sisaldab 96% kuivatatud puuvilju.<\/p>","protected":false},"featured_media":326123,"comment_status":"open","ping_status":"closed","template":"","meta":{"_acf_changed":false},"product_brand":[],"product_cat":[87,77,78],"product_tag":[],"class_list":{"0":"post-326120","1":"product","2":"type-product","3":"status-publish","4":"has-post-thumbnail","6":"product_cat-meie-lemmikud","7":"product_cat-maiustused","8":"product_cat-kommid","10":"first","11":"instock","12":"sale","13":"taxable","14":"shipping-taxable","15":"purchasable","16":"product-type-simple"},"supplier_id":null,"supplier_sku":"","barcode":null,"atum_controlled":true,"out_stock_date":null,"out_stock_threshold":null,"inheritable":false,"inbound_stock":0,"stock_on_hold":10,"sold_today":7,"sales_last_days":539,"reserved_stock":0,"customer_returns":0,"warehouse_damage":0,"lost_in_post":0,"other_logs":0,"out_stock_days":0,"lost_sales":0,"has_location":false,"update_date":"2026-02-12T15:18:10","atum_locations":[],"atum_stock_status":"instock","restock_status":false,"low_stock_amount":"","sales_update_date":"2026-02-12T15:18:01","calc_backorders":null,"acf":[],"_links":{"self":[{"href":"https:\/\/vbd.dev.sumena.ee\/en\/wp-json\/wp\/v2\/product\/326120","targetHints":{"allow":["GET"]}}],"collection":[{"href":"https:\/\/vbd.dev.sumena.ee\/en\/wp-json\/wp\/v2\/product"}],"about":[{"href":"https:\/\/vbd.dev.sumena.ee\/en\/wp-json\/wp\/v2\/types\/product"}],"replies":[{"embeddable":true,"href":"https:\/\/vbd.dev.sumena.ee\/en\/wp-json\/wp\/v2\/comments?post=326120"}],"wp:featuredmedia":[{"embeddable":true,"href":"https:\/\/vbd.dev.sumena.ee\/en\/wp-json\/wp\/v2\/media\/326123"}],"wp:attachment":[{"href":"https:\/\/vbd.dev.sumena.ee\/en\/wp-json\/wp\/v2\/media?parent=326120"}],"wp:term":[{"taxonomy":"product_brand","embeddable":true,"href":"https:\/\/vbd.dev.sumena.ee\/en\/wp-json\/wp\/v2\/product_brand?post=326120"},{"taxonomy":"product_cat","embeddable":true,"href":"https:\/\/vbd.dev.sumena.ee\/en\/wp-json\/wp\/v2\/product_cat?post=326120"},{"taxonomy":"product_tag","embeddable":true,"href":"https:\/\/vbd.dev.sumena.ee\/en\/wp-json\/wp\/v2\/product_tag?post=326120"}],"curies":[{"name":"wp","href":"https:\/\/api.w.org\/{rel}","templated":true}]}}