{"id":326117,"date":"2025-11-03T21:28:26","date_gmt":"2025-11-03T18:28:26","guid":{"rendered":"https:\/\/vbd.dev.sumena.ee\/?post_type=product&#038;p=326117"},"modified":"2026-02-11T09:30:36","modified_gmt":"2026-02-11T06:30:36","slug":"suuvesi-ecodenta-ekstra-black-valgendav","status":"publish","type":"product","link":"https:\/\/vbd.dev.sumena.ee\/en\/product-2\/suuvesi-ecodenta-ekstra-black-valgendav\/","title":{"rendered":"Suuvesi ECODENTA Ekstra Black Valgendav"},"content":{"rendered":"<h3 class=\"text-secondary-500 font-bold\">Koostis<\/h3>\n<p class=\"font-normal\">INGREDIENTS: Aqua*, Glycerin*, Polysorbate 20, Sodium Pyrophosphate*, Betaine*, Aroma, Ethylhexylglycerin, 1, 3-Propanediol, Salvia Officinalis Extract*, Mentha Arvensis (Mint) Oil*, Sodium Cocoyl Glutamate*, Sodium Saccharin. *95% ingredients of natural origin Nii lahe! See l\u00e4bipaistev suuvesi muutub raputades mustaks. Tamme s\u00fcsi, soolad ja piparm\u00fcndi eeterlik \u00f5li moodustavad erakordse koosluse, mis pakub eriti pikaajalise v\u00e4rskustunde ja kaitseb hambakatu eest. Ja see uskumatu koostis valgendab ka hambaid. *Tahad \u00fcleloomulikult h\u00e4id tulemusi? Soovitame kasutada seda suuvett koos ECODENTA musta v\u00e4rvi valgendava hambapastaga. Kasutamine: V\u00f5ta pudel k\u00e4tte ja raputa korralikult. Seej\u00e4rel pigista kergelt kuni jaotur t\u00e4itub. Kalla otse suhu. *P\u00e4rast loputa suud kindlasti veega<\/p>","protected":false},"excerpt":{"rendered":"<p>Parim enne: 30.11.2025 Hulgipakend: 10<\/p>","protected":false},"featured_media":326119,"comment_status":"open","ping_status":"closed","template":"","meta":{"_acf_changed":false},"product_brand":[],"product_cat":[155,104],"product_tag":[],"class_list":{"0":"post-326117","1":"product","2":"type-product","3":"status-publish","4":"has-post-thumbnail","6":"product_cat-suuhooldus","7":"product_cat-enesehooldus","9":"first","10":"instock","11":"sale","12":"taxable","13":"shipping-taxable","14":"purchasable","15":"product-type-simple"},"supplier_id":null,"supplier_sku":"","barcode":null,"atum_controlled":true,"out_stock_date":null,"out_stock_threshold":null,"inheritable":false,"inbound_stock":0,"stock_on_hold":1,"sold_today":0,"sales_last_days":7,"reserved_stock":0,"customer_returns":0,"warehouse_damage":0,"lost_in_post":0,"other_logs":0,"out_stock_days":0,"lost_sales":0,"has_location":false,"update_date":"2026-02-12T11:32:47","atum_locations":[],"atum_stock_status":"instock","restock_status":false,"low_stock_amount":"","sales_update_date":"2026-02-12T11:32:38","calc_backorders":null,"acf":[],"_links":{"self":[{"href":"https:\/\/vbd.dev.sumena.ee\/en\/wp-json\/wp\/v2\/product\/326117","targetHints":{"allow":["GET"]}}],"collection":[{"href":"https:\/\/vbd.dev.sumena.ee\/en\/wp-json\/wp\/v2\/product"}],"about":[{"href":"https:\/\/vbd.dev.sumena.ee\/en\/wp-json\/wp\/v2\/types\/product"}],"replies":[{"embeddable":true,"href":"https:\/\/vbd.dev.sumena.ee\/en\/wp-json\/wp\/v2\/comments?post=326117"}],"wp:featuredmedia":[{"embeddable":true,"href":"https:\/\/vbd.dev.sumena.ee\/en\/wp-json\/wp\/v2\/media\/326119"}],"wp:attachment":[{"href":"https:\/\/vbd.dev.sumena.ee\/en\/wp-json\/wp\/v2\/media?parent=326117"}],"wp:term":[{"taxonomy":"product_brand","embeddable":true,"href":"https:\/\/vbd.dev.sumena.ee\/en\/wp-json\/wp\/v2\/product_brand?post=326117"},{"taxonomy":"product_cat","embeddable":true,"href":"https:\/\/vbd.dev.sumena.ee\/en\/wp-json\/wp\/v2\/product_cat?post=326117"},{"taxonomy":"product_tag","embeddable":true,"href":"https:\/\/vbd.dev.sumena.ee\/en\/wp-json\/wp\/v2\/product_tag?post=326117"}],"curies":[{"name":"wp","href":"https:\/\/api.w.org\/{rel}","templated":true}]}}