{"id":325184,"date":"2025-12-22T14:00:12","date_gmt":"2025-12-22T11:00:12","guid":{"rendered":"https:\/\/vbd.dev.sumena.ee\/?post_type=product&#038;p=325184"},"modified":"2026-02-10T14:57:46","modified_gmt":"2026-02-10T11:57:46","slug":"juukselakk-taft-power-express-250ml","status":"publish","type":"product","link":"https:\/\/vbd.dev.sumena.ee\/en\/product-2\/juukselakk-taft-power-express-250ml\/","title":{"rendered":"Juukselakk Taft Power Express 250ml"},"content":{"rendered":"<p>Kiirelt toimiv tootevalem tagab fikseeritud soengu ja l\u00e4ikega l\u00f5ppviimistluse. 48 h p\u00fcsivus j\u00e4\u00e4ke j\u00e4tmata ja ilma, et juuksed kleepuksid. Aitab kaitsta juukseid liigse kuivuse eest, neid raskeks muutmata. TUGEVDAV TOOTEVALEM kaitseb juukseid tuule, niiskuse ja UVkiirguse eest. Pihusta lakki 30 cm kauguselt. Pihusta l\u00fchikese pahvakutena. Kohevuse lisamiseks pihusta otse juuksejuurtele.<\/p>","protected":false},"excerpt":{"rendered":"<p>Kiirelt toimiv tootevalem tagab fikseeritud soengu ja l\u00e4ikega l\u00f5ppviimistluse. 48 h p\u00fcsivus j\u00e4\u00e4ke j\u00e4tmata ja ilma, et juuksed kleepuksid. Aitab kaitsta juukseid liigse kuivuse eest, neid raskeks muutmata. TUGEVDAV TOOTEVALEM kaitseb juukseid tuule, niiskuse ja UVkiirguse eest. Pihusta lakki 30 cm kauguselt. Pihusta l\u00fchikese pahvakutena. Kohevuse lisamiseks pihusta otse juuksejuurtele.<\/p>","protected":false},"featured_media":325185,"comment_status":"open","ping_status":"closed","template":"","meta":{"_acf_changed":false},"product_brand":[],"product_cat":[157,104],"product_tag":[],"class_list":{"0":"post-325184","1":"product","2":"type-product","3":"status-publish","4":"has-post-thumbnail","6":"product_cat-juuksehooldus","7":"product_cat-enesehooldus","9":"first","10":"instock","11":"sale","12":"taxable","13":"shipping-taxable","14":"purchasable","15":"product-type-simple"},"supplier_id":null,"supplier_sku":"","barcode":null,"atum_controlled":true,"out_stock_date":null,"out_stock_threshold":null,"inheritable":false,"inbound_stock":0,"stock_on_hold":0,"sold_today":0,"sales_last_days":9,"reserved_stock":0,"customer_returns":0,"warehouse_damage":0,"lost_in_post":0,"other_logs":0,"out_stock_days":0,"lost_sales":0,"has_location":false,"update_date":"2026-02-12T11:25:17","atum_locations":[],"atum_stock_status":"instock","restock_status":false,"low_stock_amount":"","sales_update_date":"2026-02-12T11:25:08","calc_backorders":null,"acf":[],"_links":{"self":[{"href":"https:\/\/vbd.dev.sumena.ee\/en\/wp-json\/wp\/v2\/product\/325184","targetHints":{"allow":["GET"]}}],"collection":[{"href":"https:\/\/vbd.dev.sumena.ee\/en\/wp-json\/wp\/v2\/product"}],"about":[{"href":"https:\/\/vbd.dev.sumena.ee\/en\/wp-json\/wp\/v2\/types\/product"}],"replies":[{"embeddable":true,"href":"https:\/\/vbd.dev.sumena.ee\/en\/wp-json\/wp\/v2\/comments?post=325184"}],"wp:featuredmedia":[{"embeddable":true,"href":"https:\/\/vbd.dev.sumena.ee\/en\/wp-json\/wp\/v2\/media\/325185"}],"wp:attachment":[{"href":"https:\/\/vbd.dev.sumena.ee\/en\/wp-json\/wp\/v2\/media?parent=325184"}],"wp:term":[{"taxonomy":"product_brand","embeddable":true,"href":"https:\/\/vbd.dev.sumena.ee\/en\/wp-json\/wp\/v2\/product_brand?post=325184"},{"taxonomy":"product_cat","embeddable":true,"href":"https:\/\/vbd.dev.sumena.ee\/en\/wp-json\/wp\/v2\/product_cat?post=325184"},{"taxonomy":"product_tag","embeddable":true,"href":"https:\/\/vbd.dev.sumena.ee\/en\/wp-json\/wp\/v2\/product_tag?post=325184"}],"curies":[{"name":"wp","href":"https:\/\/api.w.org\/{rel}","templated":true}]}}