{"id":325181,"date":"2025-12-22T14:00:21","date_gmt":"2025-12-22T11:00:21","guid":{"rendered":"https:\/\/vbd.dev.sumena.ee\/?post_type=product&#038;p=325181"},"modified":"2026-02-11T01:58:03","modified_gmt":"2026-02-10T22:58:03","slug":"juuksekreem-taft-irresistible-power-4-100ml","status":"publish","type":"product","link":"https:\/\/vbd.dev.sumena.ee\/en\/product-2\/juuksekreem-taft-irresistible-power-4-100ml\/","title":{"rendered":"Juuksekreem Taft IRRESISTIBLE POWER 4 100ml"},"content":{"rendered":"<p>Taft Irresistible Power soengukreem annab sinu l\u00f5ikusele loomuliku ja kauap\u00fcsiva viimistluse. Niisutavat pantenooli sisaldav kreem on \u00f5rn juustele ja peanahale, lisaks kaitseb soengut niiskuse eest. Taft viimistlustooted sisaldavad vegan koostisaineid* ja need on PETA** poolt heaks kiidetud. Kasutamine: M\u00e4\u00e4ri soengukreemi peopessa. Kanna see s\u00f5rmeotstega kuivadele v\u00f5i niisketele juustele. Kujunda soengut vastavalt soovile. Kauap\u00fcsiv, aste: 4 *Ei sisalda loomset p\u00e4ritolu koostisaineid **\u00dclemaailmne loomkatsete poliitika<\/p>","protected":false},"excerpt":{"rendered":"<p>Taft Irresistible Power soengukreem annab sinu l\u00f5ikusele loomuliku ja kauap\u00fcsiva viimistluse. Niisutavat pantenooli sisaldav kreem on \u00f5rn juustele ja peanahale, lisaks kaitseb soengut niiskuse eest. Taft viimistlustooted sisaldavad vegan koostisaineid* ja need on PETA** poolt heaks kiidetud. Kasutamine: M\u00e4\u00e4ri soengukreemi peopessa. Kanna see s\u00f5rmeotstega kuivadele v\u00f5i niisketele juustele. Kujunda soengut vastavalt soovile. Kauap\u00fcsiv, aste: 4 [&hellip;]<\/p>","protected":false},"featured_media":325183,"comment_status":"open","ping_status":"closed","template":"","meta":{"_acf_changed":false},"product_brand":[],"product_cat":[157,104],"product_tag":[],"class_list":{"0":"post-325181","1":"product","2":"type-product","3":"status-publish","4":"has-post-thumbnail","6":"product_cat-juuksehooldus","7":"product_cat-enesehooldus","9":"first","10":"instock","11":"sale","12":"taxable","13":"shipping-taxable","14":"purchasable","15":"product-type-simple"},"supplier_id":null,"supplier_sku":"","barcode":null,"atum_controlled":true,"out_stock_date":null,"out_stock_threshold":null,"inheritable":false,"inbound_stock":0,"stock_on_hold":0,"sold_today":0,"sales_last_days":3,"reserved_stock":0,"customer_returns":0,"warehouse_damage":0,"lost_in_post":0,"other_logs":0,"out_stock_days":0,"lost_sales":0,"has_location":false,"update_date":"2026-02-12T12:44:49","atum_locations":[],"atum_stock_status":"instock","restock_status":false,"low_stock_amount":"","sales_update_date":"2026-02-12T12:44:40","calc_backorders":null,"acf":[],"_links":{"self":[{"href":"https:\/\/vbd.dev.sumena.ee\/en\/wp-json\/wp\/v2\/product\/325181","targetHints":{"allow":["GET"]}}],"collection":[{"href":"https:\/\/vbd.dev.sumena.ee\/en\/wp-json\/wp\/v2\/product"}],"about":[{"href":"https:\/\/vbd.dev.sumena.ee\/en\/wp-json\/wp\/v2\/types\/product"}],"replies":[{"embeddable":true,"href":"https:\/\/vbd.dev.sumena.ee\/en\/wp-json\/wp\/v2\/comments?post=325181"}],"wp:featuredmedia":[{"embeddable":true,"href":"https:\/\/vbd.dev.sumena.ee\/en\/wp-json\/wp\/v2\/media\/325183"}],"wp:attachment":[{"href":"https:\/\/vbd.dev.sumena.ee\/en\/wp-json\/wp\/v2\/media?parent=325181"}],"wp:term":[{"taxonomy":"product_brand","embeddable":true,"href":"https:\/\/vbd.dev.sumena.ee\/en\/wp-json\/wp\/v2\/product_brand?post=325181"},{"taxonomy":"product_cat","embeddable":true,"href":"https:\/\/vbd.dev.sumena.ee\/en\/wp-json\/wp\/v2\/product_cat?post=325181"},{"taxonomy":"product_tag","embeddable":true,"href":"https:\/\/vbd.dev.sumena.ee\/en\/wp-json\/wp\/v2\/product_tag?post=325181"}],"curies":[{"name":"wp","href":"https:\/\/api.w.org\/{rel}","templated":true}]}}