{"id":325147,"date":"2025-10-31T11:12:08","date_gmt":"2025-10-31T08:12:08","guid":{"rendered":"https:\/\/vbd.dev.sumena.ee\/?post_type=product&#038;p=325147"},"modified":"2026-02-08T15:22:54","modified_gmt":"2026-02-08T12:22:54","slug":"vedelseep-hygienefresh-lime-fa-385-ml-2","status":"publish","type":"product","link":"https:\/\/vbd.dev.sumena.ee\/en\/product-2\/vedelseep-hygienefresh-lime-fa-385-ml-2\/","title":{"rendered":"Vedelseep Hygiene&#038;Fresh Lime FA 385 ml"},"content":{"rendered":"<div class=\"Accordion AttributeAccordion\" data-v-28ef612e=\"\">\n<div class=\"Accordion__content\">\n<div data-v-28ef612e=\"\"><\/div>\n<div class=\"AttributeAccordion__content\" data-v-28ef612e=\"\">V\u00e4rske laimi l\u00f5hna ja antibakteriaalse toimega vedelseep k\u00e4te pesuks.<\/div>\n<\/div>\n<\/div>\n<div class=\"Accordion AttributeAccordion\" data-v-28ef612e=\"\"><\/div>\n<div data-v-28ef612e=\"\">Koostis:<\/div>\n<div data-v-28ef612e=\"\"><\/div>\n<div data-v-28ef612e=\"\">Aqua (Water, Eau)*Sodium Laureth Sulfate*Cocamidopropyl Betaine*Sodium Chloride*Guar Hydroxypropyltrimonium Chloride*Parfum (Fragrance)*Propylene Glycol*PEG-40 Hydrogenated Castor Oil*PEG-55 Propylene Glycol Oleate*Laureth-2*Tetrasodium EDTA*Benzophenone-4*Sodium Hydroxide*Citric Acid*Geraniol*Linalool*Limonene*Citronellol*Sodium Benzoate*Sodium Salicylate*Benzyl Alcohol*CI 47005 (Yellow 10)*CI 42090 (Blue 1)<\/div>","protected":false},"excerpt":{"rendered":"<p>Hulgipakend: 6<\/p>","protected":false},"featured_media":325154,"comment_status":"open","ping_status":"closed","template":"","meta":{"_acf_changed":false},"product_brand":[],"product_cat":[158,104],"product_tag":[],"class_list":{"0":"post-325147","1":"product","2":"type-product","3":"status-publish","4":"has-post-thumbnail","6":"product_cat-kehahooldus","7":"product_cat-enesehooldus","9":"first","10":"instock","11":"sale","12":"taxable","13":"shipping-taxable","14":"purchasable","15":"product-type-simple"},"supplier_id":null,"supplier_sku":"","barcode":null,"atum_controlled":true,"out_stock_date":null,"out_stock_threshold":null,"inheritable":false,"inbound_stock":0,"stock_on_hold":0,"sold_today":0,"sales_last_days":6,"reserved_stock":0,"customer_returns":0,"warehouse_damage":0,"lost_in_post":0,"other_logs":0,"out_stock_days":0,"lost_sales":0,"has_location":false,"update_date":"2026-02-11T11:26:13","atum_locations":[],"atum_stock_status":"instock","restock_status":true,"low_stock_amount":"","sales_update_date":"2026-02-11T11:26:03","calc_backorders":null,"acf":[],"_links":{"self":[{"href":"https:\/\/vbd.dev.sumena.ee\/en\/wp-json\/wp\/v2\/product\/325147","targetHints":{"allow":["GET"]}}],"collection":[{"href":"https:\/\/vbd.dev.sumena.ee\/en\/wp-json\/wp\/v2\/product"}],"about":[{"href":"https:\/\/vbd.dev.sumena.ee\/en\/wp-json\/wp\/v2\/types\/product"}],"replies":[{"embeddable":true,"href":"https:\/\/vbd.dev.sumena.ee\/en\/wp-json\/wp\/v2\/comments?post=325147"}],"wp:featuredmedia":[{"embeddable":true,"href":"https:\/\/vbd.dev.sumena.ee\/en\/wp-json\/wp\/v2\/media\/325154"}],"wp:attachment":[{"href":"https:\/\/vbd.dev.sumena.ee\/en\/wp-json\/wp\/v2\/media?parent=325147"}],"wp:term":[{"taxonomy":"product_brand","embeddable":true,"href":"https:\/\/vbd.dev.sumena.ee\/en\/wp-json\/wp\/v2\/product_brand?post=325147"},{"taxonomy":"product_cat","embeddable":true,"href":"https:\/\/vbd.dev.sumena.ee\/en\/wp-json\/wp\/v2\/product_cat?post=325147"},{"taxonomy":"product_tag","embeddable":true,"href":"https:\/\/vbd.dev.sumena.ee\/en\/wp-json\/wp\/v2\/product_tag?post=325147"}],"curies":[{"name":"wp","href":"https:\/\/api.w.org\/{rel}","templated":true}]}}