{"id":324592,"date":"2025-12-18T15:35:20","date_gmt":"2025-12-18T12:35:20","guid":{"rendered":"https:\/\/vbd.dev.sumena.ee\/?post_type=product&#038;p=324592"},"modified":"2026-02-11T15:21:23","modified_gmt":"2026-02-11T12:21:23","slug":"pesuloputusvahend-kontsentreeritud-fresh-sky-748ml","status":"publish","type":"product","link":"https:\/\/vbd.dev.sumena.ee\/en\/product-2\/pesuloputusvahend-kontsentreeritud-fresh-sky-748ml\/","title":{"rendered":"Pesuloputusvahend 68pk Kontsentreeritud Fresh Sky, SILAN, 748ml"},"content":{"rendered":"<p>Silani 2x kontsentreeritud pesupehmendaja Fresh Sky &#8211; uskumatult pehme pesu ja \u00fclimalt kauakestev v\u00e4rskus Nautige uskumatut pehmust ja \u00fclimat pikaajalist v\u00e4rskust Silani 2x kontsentreeritud koostisega \u2013 n\u00fc\u00fcd kahekordse pesukogusega pakendi kohta. T\u00e4nu uuele uuenduslikule tehnoloogiale annab see pesupehmendaja r\u00f5ivastele ja r\u00e4tikutele rohkem v\u00e4rskust kui kunagi varem, olles samal ajal \u00f5rn meie planeedi vastu, kasutades 70% v\u00e4hem plasti ja v\u00e4hem pakendeid. Muutke oma pesupesemine lihtsamaks \u2013 Silani j\u00e4tkusuutlik pehmendaja ei ole vaid keskkonnas\u00f5bralik, vaid ka uskumatult kergesti kasutatav ning seda ei ole tarvis segada ega lahjendada. Pesu ja planeedi vastu \u00f5rna kangapehmendi pakend on \u00fcmbert\u00f6\u00f6deldav ja sisaldab 97% biolagunevaid koostisosi, mis tagab j\u00e4tkusuutlikuma koostise. Teeme v\u00e4hemaga rohkem \u2013 keskkonna heaks. Silani doypack-kottide valik on laienenud: lisandunud on Silan Aromatherapy Magic Magnolia ja Silan Aromatherapy Fresh Ocean. Toote eelised. Kaks korda rohkem pesukordi t\u00e4nu kahekordselt kontsentreeritud koostisele V\u00e4hem pakendeid ja 70% v\u00e4hem plasti Ringlussev\u00f5etav pakend Lihtne kasutada 97% biolagunevad koostisained Kasutamine Valage pesupehmendi otse pakendist masina pesupehmendi sahtlisse. Pehmendi sobib suure t\u00f5hususega (HE) ja standardsete pesumasinatega. Doseerimine: tavalise pesuts\u00fckli jaoks kasutage 11 ml toodet. Suurema, \u00fcle 5 kg kaaluva pesukoguse korral kasutage 16 ml.<\/p>\n<h3 class=\"izDEqE llpRim gZSiXk kvXNxI lgoqEg fygOE ijAptY\">Koostisosad<\/h3>\n<div class=\"sc-57154a31-2 iJVmTs\">\n<p>5-15% katioonseid pindaktiivseid aineid; l\u00f5hnaained (Alpha-Isomethyl Ionone, Citral, Citronellol, Coumarin, Eugenol, Geraniol, Hexyl Cinnamal).<\/p>\n<\/div>","protected":false},"excerpt":{"rendered":"<p>Silani 2x kontsentreeritud pesupehmendaja Fresh Sky &#8211; uskumatult pehme pesu ja \u00fclimalt kauakestev v\u00e4rskus Nautige uskumatut pehmust ja \u00fclimat pikaajalist v\u00e4rskust Silani 2x kontsentreeritud koostisega \u2013 n\u00fc\u00fcd kahekordse pesukogusega pakendi kohta. T\u00e4nu uuele uuenduslikule tehnoloogiale annab see pesupehmendaja r\u00f5ivastele ja r\u00e4tikutele rohkem v\u00e4rskust kui kunagi varem, olles samal ajal \u00f5rn meie planeedi vastu, kasutades 70% [&hellip;]<\/p>","protected":false},"featured_media":324594,"comment_status":"open","ping_status":"closed","template":"","meta":{"_acf_changed":false},"product_brand":[],"product_cat":[185,88],"product_tag":[],"class_list":{"0":"post-324592","1":"product","2":"type-product","3":"status-publish","4":"has-post-thumbnail","6":"product_cat-puhastus-ja-koristusvahendid","7":"product_cat-tarbekaubad-tooted","9":"first","10":"instock","11":"sale","12":"taxable","13":"shipping-taxable","14":"purchasable","15":"product-type-simple"},"supplier_id":null,"supplier_sku":"","barcode":null,"atum_controlled":true,"out_stock_date":null,"out_stock_threshold":null,"inheritable":false,"inbound_stock":0,"stock_on_hold":0,"sold_today":1,"sales_last_days":22,"reserved_stock":0,"customer_returns":0,"warehouse_damage":0,"lost_in_post":0,"other_logs":0,"out_stock_days":0,"lost_sales":0,"has_location":false,"update_date":"2026-02-11T14:14:52","atum_locations":[],"atum_stock_status":"instock","restock_status":false,"low_stock_amount":"","sales_update_date":"2026-02-11T14:14:47","calc_backorders":null,"acf":[],"_links":{"self":[{"href":"https:\/\/vbd.dev.sumena.ee\/en\/wp-json\/wp\/v2\/product\/324592","targetHints":{"allow":["GET"]}}],"collection":[{"href":"https:\/\/vbd.dev.sumena.ee\/en\/wp-json\/wp\/v2\/product"}],"about":[{"href":"https:\/\/vbd.dev.sumena.ee\/en\/wp-json\/wp\/v2\/types\/product"}],"replies":[{"embeddable":true,"href":"https:\/\/vbd.dev.sumena.ee\/en\/wp-json\/wp\/v2\/comments?post=324592"}],"wp:featuredmedia":[{"embeddable":true,"href":"https:\/\/vbd.dev.sumena.ee\/en\/wp-json\/wp\/v2\/media\/324594"}],"wp:attachment":[{"href":"https:\/\/vbd.dev.sumena.ee\/en\/wp-json\/wp\/v2\/media?parent=324592"}],"wp:term":[{"taxonomy":"product_brand","embeddable":true,"href":"https:\/\/vbd.dev.sumena.ee\/en\/wp-json\/wp\/v2\/product_brand?post=324592"},{"taxonomy":"product_cat","embeddable":true,"href":"https:\/\/vbd.dev.sumena.ee\/en\/wp-json\/wp\/v2\/product_cat?post=324592"},{"taxonomy":"product_tag","embeddable":true,"href":"https:\/\/vbd.dev.sumena.ee\/en\/wp-json\/wp\/v2\/product_tag?post=324592"}],"curies":[{"name":"wp","href":"https:\/\/api.w.org\/{rel}","templated":true}]}}