{"id":324586,"date":"2025-12-18T15:34:12","date_gmt":"2025-12-18T12:34:12","guid":{"rendered":"https:\/\/vbd.dev.sumena.ee\/?post_type=product&#038;p=324586"},"modified":"2026-02-11T10:12:33","modified_gmt":"2026-02-11T07:12:33","slug":"wc-puhastusvahend-bref-pronature-grapefruit-0-7l","status":"publish","type":"product","link":"https:\/\/vbd.dev.sumena.ee\/en\/product-2\/wc-puhastusvahend-bref-pronature-grapefruit-0-7l\/","title":{"rendered":"WC puhastusvahend BREF ProNature Grapefruit 0.7l"},"content":{"rendered":"<p>Bref Pro Nature tualetipuhastusvahend: 90% looduslikku p\u00e4ritolu aktiivaineid sisaldav, lubjakivi vastase toimega tootevalemiga t\u00f5hus, loodusest inspireeritud puhastusvahend, millel on v\u00e4rskendav greipfruudi l\u00f5hn. 50 % \u00fcmbert\u00f6\u00f6deldud plastist pakend. \u00dcmbert\u00f6\u00f6tlusse suunamisel eemaldage eelnevalt pakendilt kilesilt.<\/p>","protected":false},"excerpt":{"rendered":"<p>Bref Pro Nature tualetipuhastusvahend: 90% looduslikku p\u00e4ritolu aktiivaineid sisaldav, lubjakivi vastase toimega tootevalemiga t\u00f5hus, loodusest inspireeritud puhastusvahend, millel on v\u00e4rskendav greipfruudi l\u00f5hn. 50 % \u00fcmbert\u00f6\u00f6deldud plastist pakend. \u00dcmbert\u00f6\u00f6tlusse suunamisel eemaldage eelnevalt pakendilt kilesilt.<\/p>","protected":false},"featured_media":324587,"comment_status":"open","ping_status":"closed","template":"","meta":{"_acf_changed":false},"product_brand":[],"product_cat":[185,88],"product_tag":[],"class_list":{"0":"post-324586","1":"product","2":"type-product","3":"status-publish","4":"has-post-thumbnail","6":"product_cat-puhastus-ja-koristusvahendid","7":"product_cat-tarbekaubad-tooted","9":"first","10":"instock","11":"sale","12":"taxable","13":"shipping-taxable","14":"purchasable","15":"product-type-simple"},"supplier_id":null,"supplier_sku":"","barcode":null,"atum_controlled":true,"out_stock_date":null,"out_stock_threshold":null,"inheritable":false,"inbound_stock":0,"stock_on_hold":0,"sold_today":0,"sales_last_days":9,"reserved_stock":0,"customer_returns":0,"warehouse_damage":0,"lost_in_post":0,"other_logs":0,"out_stock_days":0,"lost_sales":0,"has_location":false,"update_date":"2026-02-12T10:32:28","atum_locations":[],"atum_stock_status":"instock","restock_status":false,"low_stock_amount":"","sales_update_date":"2026-02-12T10:32:19","calc_backorders":null,"acf":[],"_links":{"self":[{"href":"https:\/\/vbd.dev.sumena.ee\/en\/wp-json\/wp\/v2\/product\/324586","targetHints":{"allow":["GET"]}}],"collection":[{"href":"https:\/\/vbd.dev.sumena.ee\/en\/wp-json\/wp\/v2\/product"}],"about":[{"href":"https:\/\/vbd.dev.sumena.ee\/en\/wp-json\/wp\/v2\/types\/product"}],"replies":[{"embeddable":true,"href":"https:\/\/vbd.dev.sumena.ee\/en\/wp-json\/wp\/v2\/comments?post=324586"}],"wp:featuredmedia":[{"embeddable":true,"href":"https:\/\/vbd.dev.sumena.ee\/en\/wp-json\/wp\/v2\/media\/324587"}],"wp:attachment":[{"href":"https:\/\/vbd.dev.sumena.ee\/en\/wp-json\/wp\/v2\/media?parent=324586"}],"wp:term":[{"taxonomy":"product_brand","embeddable":true,"href":"https:\/\/vbd.dev.sumena.ee\/en\/wp-json\/wp\/v2\/product_brand?post=324586"},{"taxonomy":"product_cat","embeddable":true,"href":"https:\/\/vbd.dev.sumena.ee\/en\/wp-json\/wp\/v2\/product_cat?post=324586"},{"taxonomy":"product_tag","embeddable":true,"href":"https:\/\/vbd.dev.sumena.ee\/en\/wp-json\/wp\/v2\/product_tag?post=324586"}],"curies":[{"name":"wp","href":"https:\/\/api.w.org\/{rel}","templated":true}]}}