{"id":324577,"date":"2025-12-18T15:30:15","date_gmt":"2025-12-18T12:30:15","guid":{"rendered":"https:\/\/vbd.dev.sumena.ee\/?post_type=product&#038;p=324577"},"modified":"2026-02-10T19:14:35","modified_gmt":"2026-02-10T16:14:35","slug":"wc-varskendaja-bref-pro-nature-mint-2x50g","status":"publish","type":"product","link":"https:\/\/vbd.dev.sumena.ee\/en\/product-2\/wc-varskendaja-bref-pro-nature-mint-2x50g\/","title":{"rendered":"WC V\u00e4rskendaja BREF Pro Nature Mint 2x50g"},"content":{"rendered":"<p>Kas otsite s\u00e4\u00e4stlikku viisi, kuidas tualett iga loputusega puhta ja v\u00e4rskena hoida? Bref Pro Nature tualetiv\u00e4rskendaja hoiab \u00e4ra lub jasette tekke, tekitab puhastusvahu, kaitseb mustuse eest ja tagab teie tualetis erilise v\u00e4rskuse. See on valmistatud 100% \u00fcmbert\u00f6\u00f6d eldud ja \u00fcmbert\u00f6\u00f6deldavast plastist * ja 100% \u00fcmbert\u00f6\u00f6deldud ja \u00fcmbert\u00f6\u00f6deldavast kartongist ning tekitab oma v\u00e4rskendava m\u00fcndi ja e ukal\u00fcpti l\u00f5hnaga loodusv\u00e4rske tunde. Pange toode lihtsalt tualetipotti ja seadke see veevoolu j\u00e4rgi paika. * v.a lisaained<\/p>\n<p>&nbsp;<\/p>","protected":false},"excerpt":{"rendered":"<p>Kas otsite s\u00e4\u00e4stlikku viisi, kuidas tualett iga loputusega puhta ja v\u00e4rskena hoida? Bref Pro Nature tualetiv\u00e4rskendaja hoiab \u00e4ra lub jasette tekke, tekitab puhastusvahu, kaitseb mustuse eest ja tagab teie tualetis erilise v\u00e4rskuse. See on valmistatud 100% \u00fcmbert\u00f6\u00f6d eldud ja \u00fcmbert\u00f6\u00f6deldavast plastist * ja 100% \u00fcmbert\u00f6\u00f6deldud ja \u00fcmbert\u00f6\u00f6deldavast kartongist ning tekitab oma v\u00e4rskendava m\u00fcndi ja e [&hellip;]<\/p>","protected":false},"featured_media":324582,"comment_status":"open","ping_status":"closed","template":"","meta":{"_acf_changed":false},"product_brand":[],"product_cat":[185,88],"product_tag":[],"class_list":{"0":"post-324577","1":"product","2":"type-product","3":"status-publish","4":"has-post-thumbnail","6":"product_cat-puhastus-ja-koristusvahendid","7":"product_cat-tarbekaubad-tooted","9":"first","10":"instock","11":"sale","12":"taxable","13":"shipping-taxable","14":"purchasable","15":"product-type-simple"},"supplier_id":null,"supplier_sku":"","barcode":null,"atum_controlled":true,"out_stock_date":null,"out_stock_threshold":null,"inheritable":false,"inbound_stock":0,"stock_on_hold":0,"sold_today":0,"sales_last_days":15,"reserved_stock":0,"customer_returns":0,"warehouse_damage":0,"lost_in_post":0,"other_logs":0,"out_stock_days":0,"lost_sales":0,"has_location":false,"update_date":"2026-02-12T12:24:02","atum_locations":[],"atum_stock_status":"instock","restock_status":false,"low_stock_amount":"","sales_update_date":"2026-02-12T12:23:53","calc_backorders":null,"acf":[],"_links":{"self":[{"href":"https:\/\/vbd.dev.sumena.ee\/en\/wp-json\/wp\/v2\/product\/324577","targetHints":{"allow":["GET"]}}],"collection":[{"href":"https:\/\/vbd.dev.sumena.ee\/en\/wp-json\/wp\/v2\/product"}],"about":[{"href":"https:\/\/vbd.dev.sumena.ee\/en\/wp-json\/wp\/v2\/types\/product"}],"replies":[{"embeddable":true,"href":"https:\/\/vbd.dev.sumena.ee\/en\/wp-json\/wp\/v2\/comments?post=324577"}],"wp:featuredmedia":[{"embeddable":true,"href":"https:\/\/vbd.dev.sumena.ee\/en\/wp-json\/wp\/v2\/media\/324582"}],"wp:attachment":[{"href":"https:\/\/vbd.dev.sumena.ee\/en\/wp-json\/wp\/v2\/media?parent=324577"}],"wp:term":[{"taxonomy":"product_brand","embeddable":true,"href":"https:\/\/vbd.dev.sumena.ee\/en\/wp-json\/wp\/v2\/product_brand?post=324577"},{"taxonomy":"product_cat","embeddable":true,"href":"https:\/\/vbd.dev.sumena.ee\/en\/wp-json\/wp\/v2\/product_cat?post=324577"},{"taxonomy":"product_tag","embeddable":true,"href":"https:\/\/vbd.dev.sumena.ee\/en\/wp-json\/wp\/v2\/product_tag?post=324577"}],"curies":[{"name":"wp","href":"https:\/\/api.w.org\/{rel}","templated":true}]}}