{"id":324573,"date":"2025-10-29T23:15:34","date_gmt":"2025-10-29T20:15:34","guid":{"rendered":"https:\/\/vbd.dev.sumena.ee\/?post_type=product&#038;p=324573"},"modified":"2026-02-10T11:24:18","modified_gmt":"2026-02-10T08:24:18","slug":"pesukapslid-persil-discs-expert-sensitive-22tk","status":"publish","type":"product","link":"https:\/\/vbd.dev.sumena.ee\/en\/product-2\/pesukapslid-persil-discs-expert-sensitive-22tk\/","title":{"rendered":"Pesukapslid Persil Discs Expert Sensitive 22tk"},"content":{"rendered":"<p>Persil Discs Sensitive pesukapslid on loodud spetsiaalselt tundliku nahaga inimestele, pakkudes t\u00f5husat ja \u00f5rna pesutulemust igal pesukorral. Need uuenduslikud neljakambrilised pesukapslid \u00fchendavad endas neli v\u00f5imsat funktsiooni: plekieemaldus, s\u00fcgavpuhastus, v\u00e4rskuse s\u00e4ilitamine ja kiudude kaitse. T\u00e4nu allergiavastasele koostisele sobivad Persil Sensitive pesukapslid ideaalselt ka beebiriiete ja allergikute r\u00f5ivaste pesemiseks, olles dermatoloogiliselt testitud ning l\u00f5hna- ja v\u00e4rvainetevabad.<\/p>\n<p>Persil Discs Sensitive pesukapslid lahustuvad kiiresti vees, tagades pesuvahendi \u00fchtlase jaotumise kogu pesuts\u00fckli v\u00e4ltel. See tagab, et ka k\u00f5ige \u00f5rnemad kangad saavad puhtaks ilma j\u00e4\u00e4kaineteta. Kapslid on mugavad kasutada \u2013 lihtsalt aseta \u00fcks kapsel otse trumlisse enne pesu lisamist. Nii v\u00e4ldid \u00fcledoseerimist ja s\u00e4\u00e4stad aega. Lisaks on toode pakendatud praktilisse ja turvalisse karpi, mis hoiab kapslid v\u00e4rskena ning kaitseb niiskuse eest.<\/p>\n<p>Persil Discs Sensitive pesukapslid on t\u00f5husad ka madalatel temperatuuridel (alates 20\u00b0C), aidates s\u00e4\u00e4sta energiat ning pikendada r\u00f5ivaste eluiga. Toode on sobilik nii valgete kui ka v\u00e4rviliste r\u00f5ivaste pesemiseks. T\u00e4nu oma spetsiaalsele koostisele eemaldab see t\u00f5husalt ka raskemad plekid, j\u00e4ttes pesu v\u00e4rskeks ja pehmeks. Persil Discs Sensitive pesukapslid on usaldusv\u00e4\u00e4rne valik k\u00f5igile, kes hindavad puhtust, mugavust ja naha heaolu.<\/p>","protected":false},"excerpt":{"rendered":"<p>Persil Discs Sensitive pesukapslid on loodud spetsiaalselt tundliku nahaga inimestele, pakkudes t\u00f5husat ja \u00f5rna pesutulemust igal pesukorral. Need uuenduslikud neljakambrilised pesukapslid \u00fchendavad endas neli v\u00f5imsat funktsiooni: plekieemaldus, s\u00fcgavpuhastus, v\u00e4rskuse s\u00e4ilitamine ja kiudude kaitse. T\u00e4nu allergiavastasele koostisele sobivad Persil Sensitive pesukapslid ideaalselt ka beebiriiete ja allergikute r\u00f5ivaste pesemiseks, olles dermatoloogiliselt testitud ning l\u00f5hna- ja v\u00e4rvainetevabad. Persil [&hellip;]<\/p>","protected":false},"featured_media":324575,"comment_status":"open","ping_status":"closed","template":"","meta":{"_acf_changed":false},"product_brand":[],"product_cat":[185,88],"product_tag":[],"class_list":{"0":"post-324573","1":"product","2":"type-product","3":"status-publish","4":"has-post-thumbnail","6":"product_cat-puhastus-ja-koristusvahendid","7":"product_cat-tarbekaubad-tooted","9":"first","10":"instock","11":"sale","12":"taxable","13":"shipping-taxable","14":"purchasable","15":"product-type-simple"},"supplier_id":null,"supplier_sku":"","barcode":null,"atum_controlled":true,"out_stock_date":null,"out_stock_threshold":null,"inheritable":false,"inbound_stock":0,"stock_on_hold":0,"sold_today":0,"sales_last_days":2,"reserved_stock":0,"customer_returns":0,"warehouse_damage":0,"lost_in_post":0,"other_logs":0,"out_stock_days":0,"lost_sales":0,"has_location":false,"update_date":"2026-02-12T11:09:39","atum_locations":[],"atum_stock_status":"instock","restock_status":false,"low_stock_amount":"","sales_update_date":"2026-02-12T11:09:30","calc_backorders":null,"acf":[],"_links":{"self":[{"href":"https:\/\/vbd.dev.sumena.ee\/en\/wp-json\/wp\/v2\/product\/324573","targetHints":{"allow":["GET"]}}],"collection":[{"href":"https:\/\/vbd.dev.sumena.ee\/en\/wp-json\/wp\/v2\/product"}],"about":[{"href":"https:\/\/vbd.dev.sumena.ee\/en\/wp-json\/wp\/v2\/types\/product"}],"replies":[{"embeddable":true,"href":"https:\/\/vbd.dev.sumena.ee\/en\/wp-json\/wp\/v2\/comments?post=324573"}],"wp:featuredmedia":[{"embeddable":true,"href":"https:\/\/vbd.dev.sumena.ee\/en\/wp-json\/wp\/v2\/media\/324575"}],"wp:attachment":[{"href":"https:\/\/vbd.dev.sumena.ee\/en\/wp-json\/wp\/v2\/media?parent=324573"}],"wp:term":[{"taxonomy":"product_brand","embeddable":true,"href":"https:\/\/vbd.dev.sumena.ee\/en\/wp-json\/wp\/v2\/product_brand?post=324573"},{"taxonomy":"product_cat","embeddable":true,"href":"https:\/\/vbd.dev.sumena.ee\/en\/wp-json\/wp\/v2\/product_cat?post=324573"},{"taxonomy":"product_tag","embeddable":true,"href":"https:\/\/vbd.dev.sumena.ee\/en\/wp-json\/wp\/v2\/product_tag?post=324573"}],"curies":[{"name":"wp","href":"https:\/\/api.w.org\/{rel}","templated":true}]}}