{"id":324571,"date":"2025-10-29T23:07:05","date_gmt":"2025-10-29T20:07:05","guid":{"rendered":"https:\/\/vbd.dev.sumena.ee\/?post_type=product&#038;p=324571"},"modified":"2026-02-10T13:25:02","modified_gmt":"2026-02-10T10:25:02","slug":"pesukapslid-persil-discs-color-54-pesukorda","status":"publish","type":"product","link":"https:\/\/vbd.dev.sumena.ee\/en\/product-2\/pesukapslid-persil-discs-color-54-pesukorda\/","title":{"rendered":"Pesukapslid Persil Discs Color 54 pesukorda"},"content":{"rendered":"<p>Persili v\u00f5imas 4-kambriline geelkapsel on n\u00fc\u00fcd kompaktsem. See tagab erakordse j\u00f5udluse ja t\u00e4nu v\u00e4iksemale materjalikulule ka v\u00e4iksema keskkonnam\u00f5ju. Isegi p\u00e4rast pesemist v\u00f5ib pesumasinast tulla ebameeldivat l\u00f5hna, kuna pesult eralduv mustus v\u00f5ib aja jooksul p\u00f5hjustada j\u00e4\u00e4kide ladestumist, mis koguneb kord-korralt peale pesu. Oma riiete t\u00f5elise puhtuse saavutamiseks v\u00f5ite alati loota Persil Deep Cleanile. R\u00f5ivaste pesuvahendi ainulaadne koostis tungib s\u00fcgavale kiududesse, et l\u00f5hustada ka k\u00f5ige tugevamad plekid ja need eemaldada. Pesukapslid on loodud selleks, et teie riided l\u00f5hnaksid puhtalt ja v\u00e4rskelt ning selle m\u00f5ju ulatub veelgi s\u00fcgavamale pesumasinasse, eemaldades sealt t\u00f5husalt halvasti l\u00f5hnavad j\u00e4\u00e4kained.<\/p>","protected":false},"excerpt":{"rendered":"<p>Persili v\u00f5imas 4-kambriline geelkapsel on n\u00fc\u00fcd kompaktsem. See tagab erakordse j\u00f5udluse ja t\u00e4nu v\u00e4iksemale materjalikulule ka v\u00e4iksema keskkonnam\u00f5ju. Isegi p\u00e4rast pesemist v\u00f5ib pesumasinast tulla ebameeldivat l\u00f5hna, kuna pesult eralduv mustus v\u00f5ib aja jooksul p\u00f5hjustada j\u00e4\u00e4kide ladestumist, mis koguneb kord-korralt peale pesu. Oma riiete t\u00f5elise puhtuse saavutamiseks v\u00f5ite alati loota Persil Deep Cleanile. R\u00f5ivaste pesuvahendi ainulaadne [&hellip;]<\/p>","protected":false},"featured_media":324572,"comment_status":"open","ping_status":"closed","template":"","meta":{"_acf_changed":false},"product_brand":[],"product_cat":[185,88],"product_tag":[],"class_list":{"0":"post-324571","1":"product","2":"type-product","3":"status-publish","4":"has-post-thumbnail","6":"product_cat-puhastus-ja-koristusvahendid","7":"product_cat-tarbekaubad-tooted","9":"first","10":"instock","11":"sale","12":"taxable","13":"shipping-taxable","14":"purchasable","15":"product-type-simple"},"supplier_id":null,"supplier_sku":"","barcode":null,"atum_controlled":true,"out_stock_date":null,"out_stock_threshold":null,"inheritable":false,"inbound_stock":0,"stock_on_hold":0,"sold_today":0,"sales_last_days":0,"reserved_stock":0,"customer_returns":0,"warehouse_damage":0,"lost_in_post":0,"other_logs":0,"out_stock_days":64,"lost_sales":309,"has_location":false,"update_date":"2026-02-10T10:25:09","atum_locations":[],"atum_stock_status":"instock","restock_status":false,"low_stock_amount":"","sales_update_date":"2026-02-04T13:21:44","calc_backorders":null,"acf":[],"_links":{"self":[{"href":"https:\/\/vbd.dev.sumena.ee\/en\/wp-json\/wp\/v2\/product\/324571","targetHints":{"allow":["GET"]}}],"collection":[{"href":"https:\/\/vbd.dev.sumena.ee\/en\/wp-json\/wp\/v2\/product"}],"about":[{"href":"https:\/\/vbd.dev.sumena.ee\/en\/wp-json\/wp\/v2\/types\/product"}],"replies":[{"embeddable":true,"href":"https:\/\/vbd.dev.sumena.ee\/en\/wp-json\/wp\/v2\/comments?post=324571"}],"wp:featuredmedia":[{"embeddable":true,"href":"https:\/\/vbd.dev.sumena.ee\/en\/wp-json\/wp\/v2\/media\/324572"}],"wp:attachment":[{"href":"https:\/\/vbd.dev.sumena.ee\/en\/wp-json\/wp\/v2\/media?parent=324571"}],"wp:term":[{"taxonomy":"product_brand","embeddable":true,"href":"https:\/\/vbd.dev.sumena.ee\/en\/wp-json\/wp\/v2\/product_brand?post=324571"},{"taxonomy":"product_cat","embeddable":true,"href":"https:\/\/vbd.dev.sumena.ee\/en\/wp-json\/wp\/v2\/product_cat?post=324571"},{"taxonomy":"product_tag","embeddable":true,"href":"https:\/\/vbd.dev.sumena.ee\/en\/wp-json\/wp\/v2\/product_tag?post=324571"}],"curies":[{"name":"wp","href":"https:\/\/api.w.org\/{rel}","templated":true}]}}