{"id":324494,"date":"2026-02-06T16:47:04","date_gmt":"2026-02-06T13:47:04","guid":{"rendered":"https:\/\/vbd.dev.sumena.ee\/?post_type=product&#038;p=324494"},"modified":"2026-02-11T23:20:52","modified_gmt":"2026-02-11T20:20:52","slug":"sokolaadisuflee-ulker-olala-vaarikaga-70g","status":"publish","type":"product","link":"https:\/\/vbd.dev.sumena.ee\/en\/product-2\/sokolaadisuflee-ulker-olala-vaarikaga-70g\/","title":{"rendered":"\u0160okolaadisuflee ULKER O\u2019lala Vaarikaga 70g"},"content":{"rendered":"<p data-start=\"0\" data-end=\"103\"><strong data-start=\"0\" data-end=\"59\">Ulker Olala Souffl\u00e9 vaarika ja vedela \u0161okolaadikreemiga<\/strong> pakub iga ampsuga intensiivset naudingut, millele \u0161okolaadis\u00f5brad vastu panna ei suuda, saab kindlasti \u00fcheks lemmikuks maiustuseks tee- ja kohvipausidel.<\/p>\n<p data-start=\"0\" data-end=\"103\"><strong data-start=\"0\" data-end=\"12\" data-is-only-node=\"\">Koostis:<\/strong><br data-start=\"12\" data-end=\"15\" \/>Suhkur, vesi, taimsed \u00f5lid (palm), nisujahu, gl\u00fckoosisiirup, invertsuhkrusiirup, niisutajad (gl\u00fctserool, sorbitool), v\u00e4hendatud rasvasisaldusega kakaopulber (3%), muna, t\u00e4rklis, muudetud t\u00e4rklis, sarapuup\u00e4hklip\u00fcree, nisujahu t\u00e4rklis, emulgaatorid (taimsete rasvhapete mono- ja digl\u00fctseriidid, naatriumstearo\u00fc\u00fcl-2-laktaat, soja letsitiin), paksendajad (tselluloos, tsellulooskumm, ksantaankumm, guarkumm), sool, l\u00f5ssipulber, vaarikap\u00fcree (0,4%), paisutusaine (naatriumdiposfaat, naatriumvesinikkarbonaat), tume \u0161okolaad (piima sisaldav) (0,3%), maitseained, s\u00e4ilitusained (kaaliumsorbaat, naatriumpropionaat, sorbiinhape), nisukiud, happesuse regulaator (sidrunhape), musta porgandi kontsentraat.<\/p>","protected":false},"excerpt":{"rendered":"<p>Parim enne: 28.06.2028 Hulgipakend: 12<\/p>","protected":false},"featured_media":324495,"comment_status":"open","ping_status":"closed","template":"","meta":{"_acf_changed":false},"product_brand":[],"product_cat":[77],"product_tag":[],"class_list":{"0":"post-324494","1":"product","2":"type-product","3":"status-publish","4":"has-post-thumbnail","6":"product_cat-maiustused","8":"first","9":"instock","10":"sale","11":"taxable","12":"shipping-taxable","13":"purchasable","14":"product-type-simple"},"supplier_id":null,"supplier_sku":"","barcode":null,"atum_controlled":true,"out_stock_date":null,"out_stock_threshold":null,"inheritable":false,"inbound_stock":0,"stock_on_hold":0,"sold_today":0,"sales_last_days":71,"reserved_stock":0,"customer_returns":0,"warehouse_damage":0,"lost_in_post":0,"other_logs":0,"out_stock_days":0,"lost_sales":0,"has_location":false,"update_date":"2026-02-12T10:42:58","atum_locations":[],"atum_stock_status":"instock","restock_status":true,"low_stock_amount":"","sales_update_date":"2026-02-12T10:42:50","calc_backorders":null,"acf":[],"_links":{"self":[{"href":"https:\/\/vbd.dev.sumena.ee\/en\/wp-json\/wp\/v2\/product\/324494","targetHints":{"allow":["GET"]}}],"collection":[{"href":"https:\/\/vbd.dev.sumena.ee\/en\/wp-json\/wp\/v2\/product"}],"about":[{"href":"https:\/\/vbd.dev.sumena.ee\/en\/wp-json\/wp\/v2\/types\/product"}],"replies":[{"embeddable":true,"href":"https:\/\/vbd.dev.sumena.ee\/en\/wp-json\/wp\/v2\/comments?post=324494"}],"wp:featuredmedia":[{"embeddable":true,"href":"https:\/\/vbd.dev.sumena.ee\/en\/wp-json\/wp\/v2\/media\/324495"}],"wp:attachment":[{"href":"https:\/\/vbd.dev.sumena.ee\/en\/wp-json\/wp\/v2\/media?parent=324494"}],"wp:term":[{"taxonomy":"product_brand","embeddable":true,"href":"https:\/\/vbd.dev.sumena.ee\/en\/wp-json\/wp\/v2\/product_brand?post=324494"},{"taxonomy":"product_cat","embeddable":true,"href":"https:\/\/vbd.dev.sumena.ee\/en\/wp-json\/wp\/v2\/product_cat?post=324494"},{"taxonomy":"product_tag","embeddable":true,"href":"https:\/\/vbd.dev.sumena.ee\/en\/wp-json\/wp\/v2\/product_tag?post=324494"}],"curies":[{"name":"wp","href":"https:\/\/api.w.org\/{rel}","templated":true}]}}