{"id":324473,"date":"2025-10-29T11:11:04","date_gmt":"2025-10-29T08:11:04","guid":{"rendered":"https:\/\/vbd.dev.sumena.ee\/?post_type=product&#038;p=324473"},"modified":"2026-02-11T00:30:04","modified_gmt":"2026-02-10T21:30:04","slug":"raseerimisvaht-gillette-sensitive-300ml","status":"publish","type":"product","link":"https:\/\/vbd.dev.sumena.ee\/en\/product-2\/raseerimisvaht-gillette-sensitive-300ml\/","title":{"rendered":"Raseerimisvaht GILLETTE Sensitive 300ml"},"content":{"rendered":"<p>Gillette Classic Sensitive raseerimisvaht on klassikaline p\u00f5hjusega &#8211; see on kombinatsioon kasutamise lihtsusest ja soovitud kaitsest sinu tundlikule nahale. Gillette Comfort Glide Formula koostis aitab oma puhta ja kiire \u017eiletitera niisutusribaga v\u00e4hendada raseerimis\u00e4rritust, sissel\u00f5ikeid, punetust ja kipitust. N\u00e4ita maailmale oma parimat n\u00e4gu Gillette Classic Sensitive raseerimisvahu abil, mille on meestele valmistanud maailma raseerimisgeeli ja raseerimisvahu kaubam\u00e4rk nr 1.<\/p>","protected":false},"excerpt":{"rendered":"<p>Hulgipakend: 6<\/p>","protected":false},"featured_media":324475,"comment_status":"open","ping_status":"closed","template":"","meta":{"_acf_changed":false},"product_brand":[],"product_cat":[156,104],"product_tag":[],"class_list":{"0":"post-324473","1":"product","2":"type-product","3":"status-publish","4":"has-post-thumbnail","6":"product_cat-naohooldus","7":"product_cat-enesehooldus","9":"first","10":"instock","11":"sale","12":"taxable","13":"shipping-taxable","14":"purchasable","15":"product-type-simple"},"supplier_id":null,"supplier_sku":"","barcode":null,"atum_controlled":true,"out_stock_date":null,"out_stock_threshold":null,"inheritable":false,"inbound_stock":0,"stock_on_hold":0,"sold_today":0,"sales_last_days":9,"reserved_stock":0,"customer_returns":0,"warehouse_damage":0,"lost_in_post":0,"other_logs":0,"out_stock_days":0,"lost_sales":0,"has_location":false,"update_date":"2026-02-12T11:41:49","atum_locations":[],"atum_stock_status":"instock","restock_status":false,"low_stock_amount":"","sales_update_date":"2026-02-12T11:41:40","calc_backorders":null,"acf":[],"_links":{"self":[{"href":"https:\/\/vbd.dev.sumena.ee\/en\/wp-json\/wp\/v2\/product\/324473","targetHints":{"allow":["GET"]}}],"collection":[{"href":"https:\/\/vbd.dev.sumena.ee\/en\/wp-json\/wp\/v2\/product"}],"about":[{"href":"https:\/\/vbd.dev.sumena.ee\/en\/wp-json\/wp\/v2\/types\/product"}],"replies":[{"embeddable":true,"href":"https:\/\/vbd.dev.sumena.ee\/en\/wp-json\/wp\/v2\/comments?post=324473"}],"wp:featuredmedia":[{"embeddable":true,"href":"https:\/\/vbd.dev.sumena.ee\/en\/wp-json\/wp\/v2\/media\/324475"}],"wp:attachment":[{"href":"https:\/\/vbd.dev.sumena.ee\/en\/wp-json\/wp\/v2\/media?parent=324473"}],"wp:term":[{"taxonomy":"product_brand","embeddable":true,"href":"https:\/\/vbd.dev.sumena.ee\/en\/wp-json\/wp\/v2\/product_brand?post=324473"},{"taxonomy":"product_cat","embeddable":true,"href":"https:\/\/vbd.dev.sumena.ee\/en\/wp-json\/wp\/v2\/product_cat?post=324473"},{"taxonomy":"product_tag","embeddable":true,"href":"https:\/\/vbd.dev.sumena.ee\/en\/wp-json\/wp\/v2\/product_tag?post=324473"}],"curies":[{"name":"wp","href":"https:\/\/api.w.org\/{rel}","templated":true}]}}