{"id":324226,"date":"2025-12-21T20:37:16","date_gmt":"2025-12-21T17:37:16","guid":{"rendered":"https:\/\/vbd.dev.sumena.ee\/?post_type=product&#038;p=324226"},"modified":"2026-02-12T12:09:48","modified_gmt":"2026-02-12T09:09:48","slug":"kupsised-oreo-original-176g","status":"publish","type":"product","link":"https:\/\/vbd.dev.sumena.ee\/en\/product-2\/kupsised-oreo-original-176g\/","title":{"rendered":"K\u00fcpsised Oreo Original 176g"},"content":{"rendered":"<h4 class=\"heading\">Koostisosad<\/h4>\n<div class=\"text\">\n<p>NISUJAHU, suhkur, palmi\u00f5li, rapsi\u00f5li, NISUT\u00c4RKLIS, v\u00e4hendatud rasvasisaldusega kakaopulber (4,7%), gl\u00fckoosi-fruktoosisiirup, kergitusained (ammooniumkarbonaadid, kaaliumkarbonaadid, naatriumkarbonaadid), sool, emulgaator (SOJALETSITIINID), happesuse regulaator (naatriumh\u00fcdroksiid), l\u00f5hna- ja maitseained<\/p>\n<\/div>","protected":false},"excerpt":{"rendered":"<p>Koostisosad NISUJAHU, suhkur, palmi\u00f5li, rapsi\u00f5li, NISUT\u00c4RKLIS, v\u00e4hendatud rasvasisaldusega kakaopulber (4,7%), gl\u00fckoosi-fruktoosisiirup, kergitusained (ammooniumkarbonaadid, kaaliumkarbonaadid, naatriumkarbonaadid), sool, emulgaator (SOJALETSITIINID), happesuse regulaator (naatriumh\u00fcdroksiid), l\u00f5hna- ja maitseained<\/p>","protected":false},"featured_media":324227,"comment_status":"open","ping_status":"closed","template":"","meta":{"_acf_changed":false},"product_brand":[],"product_cat":[117,77,80],"product_tag":[],"class_list":{"0":"post-324226","1":"product","2":"type-product","3":"status-publish","4":"has-post-thumbnail","6":"product_cat-kupsised","7":"product_cat-maiustused","8":"product_cat-snakid","10":"first","11":"instock","12":"sale","13":"taxable","14":"shipping-taxable","15":"purchasable","16":"product-type-simple"},"supplier_id":null,"supplier_sku":"","barcode":null,"atum_controlled":true,"out_stock_date":null,"out_stock_threshold":null,"inheritable":false,"inbound_stock":0,"stock_on_hold":39,"sold_today":34,"sales_last_days":133,"reserved_stock":0,"customer_returns":0,"warehouse_damage":0,"lost_in_post":0,"other_logs":0,"out_stock_days":0,"lost_sales":0,"has_location":false,"update_date":"2026-02-12T10:33:58","atum_locations":[],"atum_stock_status":"instock","restock_status":false,"low_stock_amount":"","sales_update_date":"2026-02-12T10:33:48","calc_backorders":null,"acf":[],"_links":{"self":[{"href":"https:\/\/vbd.dev.sumena.ee\/en\/wp-json\/wp\/v2\/product\/324226","targetHints":{"allow":["GET"]}}],"collection":[{"href":"https:\/\/vbd.dev.sumena.ee\/en\/wp-json\/wp\/v2\/product"}],"about":[{"href":"https:\/\/vbd.dev.sumena.ee\/en\/wp-json\/wp\/v2\/types\/product"}],"replies":[{"embeddable":true,"href":"https:\/\/vbd.dev.sumena.ee\/en\/wp-json\/wp\/v2\/comments?post=324226"}],"wp:featuredmedia":[{"embeddable":true,"href":"https:\/\/vbd.dev.sumena.ee\/en\/wp-json\/wp\/v2\/media\/324227"}],"wp:attachment":[{"href":"https:\/\/vbd.dev.sumena.ee\/en\/wp-json\/wp\/v2\/media?parent=324226"}],"wp:term":[{"taxonomy":"product_brand","embeddable":true,"href":"https:\/\/vbd.dev.sumena.ee\/en\/wp-json\/wp\/v2\/product_brand?post=324226"},{"taxonomy":"product_cat","embeddable":true,"href":"https:\/\/vbd.dev.sumena.ee\/en\/wp-json\/wp\/v2\/product_cat?post=324226"},{"taxonomy":"product_tag","embeddable":true,"href":"https:\/\/vbd.dev.sumena.ee\/en\/wp-json\/wp\/v2\/product_tag?post=324226"}],"curies":[{"name":"wp","href":"https:\/\/api.w.org\/{rel}","templated":true}]}}