{"id":324203,"date":"2026-02-06T16:10:53","date_gmt":"2026-02-06T13:10:53","guid":{"rendered":"https:\/\/vbd.dev.sumena.ee\/?post_type=product&#038;p=324203"},"modified":"2026-02-11T21:50:19","modified_gmt":"2026-02-11T18:50:19","slug":"naokreem-byphasse-q10-ja-hualuroonhappega-tostev-oine-60ml","status":"publish","type":"product","link":"https:\/\/vbd.dev.sumena.ee\/en\/product-2\/naokreem-byphasse-q10-ja-hualuroonhappega-tostev-oine-60ml\/","title":{"rendered":"N\u00e4okreem Byphasse Q10 ja H\u00fcaluroonhappega T\u00f5stev \u00d6ine 60ml"},"content":{"rendered":"<div class=\"post-content woocommerce-product-details__short-description\">\n<p>Lift Instant Q10 \u00f6\u00f6kreem \u00fchendab pinguldavate omadustega Q10 koens\u00fc\u00fcmi h\u00fcaluroonhappega. Selle rikkalik tekstuur j\u00e4tab naha siledamaks, pakkudes t\u00e4iendavat hooldust, mida teie n\u00e4gu \u00f6\u00f6sel vajab. Kanna \u00f5htul n\u00e4ole ja kaelale puhtale nahale.<\/p>\n<p>Aqua (Water), Cetearyl Alcohol, Octyldodecanol, Glycerin, Caprylic\/Capric Triglyceride, Propylene Glycol Dicaprylate\/Dicaprate, Butylene Glycol, Glyceryl Stearate, Cyclopentasiloxane, C10-18 Triglycerides, Phenoxyethanol, PEG-40 Stearate, Cyclohexasiloxane, Xanthan Gum, Ceteareth-20, Parfum (Fragrance), Imidazolidinyl Urea, Tocopheryl Acetate, Ethylhexylglycerin, Beeswax, Disodium EDTA, Sodium Hyaluronate, Sodium Hydroxide, Ubiquinone, Linalool, Citronellol, Geraniol, Benzyl Salicylate, Hydroxycitronellal, Benzyl Alcohol, Alpha-Isomethyl Ionone, Limonene, Amyl Cinnamal, Cinnamyl Alcohol.<\/p>\n<\/div>","protected":false},"excerpt":{"rendered":"<p>Lift Instant Q10 \u00f6\u00f6kreem \u00fchendab pinguldavate omadustega Q10 koens\u00fc\u00fcmi h\u00fcaluroonhappega. Selle rikkalik tekstuur j\u00e4tab naha siledamaks, pakkudes t\u00e4iendavat hooldust, mida teie n\u00e4gu \u00f6\u00f6sel vajab. Kanna \u00f5htul n\u00e4ole ja kaelale puhtale nahale. Aqua (Water), Cetearyl Alcohol, Octyldodecanol, Glycerin, Caprylic\/Capric Triglyceride, Propylene Glycol Dicaprylate\/Dicaprate, Butylene Glycol, Glyceryl Stearate, Cyclopentasiloxane, C10-18 Triglycerides, Phenoxyethanol, PEG-40 Stearate, Cyclohexasiloxane, Xanthan Gum, [&hellip;]<\/p>","protected":false},"featured_media":324204,"comment_status":"open","ping_status":"closed","template":"","meta":{"_acf_changed":false},"product_brand":[],"product_cat":[158,104],"product_tag":[],"class_list":{"0":"post-324203","1":"product","2":"type-product","3":"status-publish","4":"has-post-thumbnail","6":"product_cat-kehahooldus","7":"product_cat-enesehooldus","9":"first","10":"instock","11":"sale","12":"taxable","13":"shipping-taxable","14":"purchasable","15":"product-type-simple"},"supplier_id":null,"supplier_sku":"","barcode":null,"atum_controlled":true,"out_stock_date":null,"out_stock_threshold":null,"inheritable":false,"inbound_stock":0,"stock_on_hold":1,"sold_today":1,"sales_last_days":8,"reserved_stock":0,"customer_returns":0,"warehouse_damage":0,"lost_in_post":0,"other_logs":0,"out_stock_days":0,"lost_sales":0,"has_location":false,"update_date":"2026-02-11T18:51:22","atum_locations":[],"atum_stock_status":"instock","restock_status":false,"low_stock_amount":"","sales_update_date":"2026-02-11T18:51:14","calc_backorders":null,"acf":[],"_links":{"self":[{"href":"https:\/\/vbd.dev.sumena.ee\/en\/wp-json\/wp\/v2\/product\/324203","targetHints":{"allow":["GET"]}}],"collection":[{"href":"https:\/\/vbd.dev.sumena.ee\/en\/wp-json\/wp\/v2\/product"}],"about":[{"href":"https:\/\/vbd.dev.sumena.ee\/en\/wp-json\/wp\/v2\/types\/product"}],"replies":[{"embeddable":true,"href":"https:\/\/vbd.dev.sumena.ee\/en\/wp-json\/wp\/v2\/comments?post=324203"}],"wp:featuredmedia":[{"embeddable":true,"href":"https:\/\/vbd.dev.sumena.ee\/en\/wp-json\/wp\/v2\/media\/324204"}],"wp:attachment":[{"href":"https:\/\/vbd.dev.sumena.ee\/en\/wp-json\/wp\/v2\/media?parent=324203"}],"wp:term":[{"taxonomy":"product_brand","embeddable":true,"href":"https:\/\/vbd.dev.sumena.ee\/en\/wp-json\/wp\/v2\/product_brand?post=324203"},{"taxonomy":"product_cat","embeddable":true,"href":"https:\/\/vbd.dev.sumena.ee\/en\/wp-json\/wp\/v2\/product_cat?post=324203"},{"taxonomy":"product_tag","embeddable":true,"href":"https:\/\/vbd.dev.sumena.ee\/en\/wp-json\/wp\/v2\/product_tag?post=324203"}],"curies":[{"name":"wp","href":"https:\/\/api.w.org\/{rel}","templated":true}]}}