{"id":324200,"date":"2026-02-06T16:10:53","date_gmt":"2026-02-06T13:10:53","guid":{"rendered":"https:\/\/vbd.dev.sumena.ee\/?post_type=product&#038;p=324200"},"modified":"2026-02-11T21:50:19","modified_gmt":"2026-02-11T18:50:19","slug":"naokreem-byphasse-q10-ja-hualuroonhappega-tostev-paevane-60ml","status":"publish","type":"product","link":"https:\/\/vbd.dev.sumena.ee\/en\/product-2\/naokreem-byphasse-q10-ja-hualuroonhappega-tostev-paevane-60ml\/","title":{"rendered":"N\u00e4okreem Byphasse Q10 ja H\u00fcaluroonhappega T\u00f5stev P\u00e4evane 60ml"},"content":{"rendered":"<p>Byphasse t\u00f5stev ja niisutav p\u00e4evakreem koens\u00fc\u00fcm Q10 ja h\u00fcaluroonhappega k\u00f5ikidele nahat\u00fc\u00fcpidele. Byphasse Instant Lift p\u00e4evakreem \u00fchendab endas efektiivse koens\u00fc\u00fcm Q10 toimeained naha pinguldamiseks h\u00fcaluroonhappega, mille tulemusel paraneb naha elastsus. Kreem on kerge tekstuuriga ning h\u00e4sti imenduv.<br \/>\nKoens\u00fc\u00fcm Q10 omadused:<br \/>\nV\u00f5itleb naha enneaegse vananemise vastu ning hoiab \u00e4ra kortsude teket.<br \/>\nErgutab kollageeni ja elastiini tootmist nahas. Aitab taastada naharakke ja v\u00e4hendab kortsude ilminguid igas vanuses inimestel.<br \/>\nAaitab hoida nooruslikku v\u00e4limust taastades loomulikult naha elastsuse.<br \/>\nToetab naha \u00f5iget ainevahetust.<br \/>\nH\u00fcaluroonhappe omadused:<br \/>\nH\u00fcaluroonhape muudab naha elastseks ja annab sellele liikuvuse, kaitseb vabade radikaalide p\u00f5hjustatud kahju ehk kortsude tekkimise eest eest, stimuleerib elastsust andva kollageeni tootmist. On imehea kudede taastaja, naha niisutaja ja siluja.<br \/>\nKasutamine: Kanna hommikul h\u00e4sti puhastatud n\u00e4o ja kaela nahale ning masseeri \u00f5rnade ringjate liigutustega kreemi imendumiseni.<\/p>","protected":false},"excerpt":{"rendered":"<p>Byphasse t\u00f5stev ja niisutav p\u00e4evakreem koens\u00fc\u00fcm Q10 ja h\u00fcaluroonhappega k\u00f5ikidele nahat\u00fc\u00fcpidele. Byphasse Instant Lift p\u00e4evakreem \u00fchendab endas efektiivse koens\u00fc\u00fcm Q10 toimeained naha pinguldamiseks h\u00fcaluroonhappega, mille tulemusel paraneb naha elastsus. Kreem on kerge tekstuuriga ning h\u00e4sti imenduv. Koens\u00fc\u00fcm Q10 omadused: V\u00f5itleb naha enneaegse vananemise vastu ning hoiab \u00e4ra kortsude teket. Ergutab kollageeni ja elastiini tootmist nahas. [&hellip;]<\/p>","protected":false},"featured_media":324201,"comment_status":"open","ping_status":"closed","template":"","meta":{"_acf_changed":false},"product_brand":[],"product_cat":[158,104],"product_tag":[],"class_list":{"0":"post-324200","1":"product","2":"type-product","3":"status-publish","4":"has-post-thumbnail","6":"product_cat-kehahooldus","7":"product_cat-enesehooldus","9":"first","10":"instock","11":"sale","12":"taxable","13":"shipping-taxable","14":"purchasable","15":"product-type-simple"},"supplier_id":null,"supplier_sku":"","barcode":null,"atum_controlled":true,"out_stock_date":null,"out_stock_threshold":null,"inheritable":false,"inbound_stock":0,"stock_on_hold":1,"sold_today":1,"sales_last_days":7,"reserved_stock":0,"customer_returns":0,"warehouse_damage":0,"lost_in_post":0,"other_logs":0,"out_stock_days":0,"lost_sales":0,"has_location":false,"update_date":"2026-02-11T20:25:55","atum_locations":[],"atum_stock_status":"instock","restock_status":false,"low_stock_amount":"","sales_update_date":"2026-02-11T20:25:48","calc_backorders":null,"acf":[],"_links":{"self":[{"href":"https:\/\/vbd.dev.sumena.ee\/en\/wp-json\/wp\/v2\/product\/324200","targetHints":{"allow":["GET"]}}],"collection":[{"href":"https:\/\/vbd.dev.sumena.ee\/en\/wp-json\/wp\/v2\/product"}],"about":[{"href":"https:\/\/vbd.dev.sumena.ee\/en\/wp-json\/wp\/v2\/types\/product"}],"replies":[{"embeddable":true,"href":"https:\/\/vbd.dev.sumena.ee\/en\/wp-json\/wp\/v2\/comments?post=324200"}],"wp:featuredmedia":[{"embeddable":true,"href":"https:\/\/vbd.dev.sumena.ee\/en\/wp-json\/wp\/v2\/media\/324201"}],"wp:attachment":[{"href":"https:\/\/vbd.dev.sumena.ee\/en\/wp-json\/wp\/v2\/media?parent=324200"}],"wp:term":[{"taxonomy":"product_brand","embeddable":true,"href":"https:\/\/vbd.dev.sumena.ee\/en\/wp-json\/wp\/v2\/product_brand?post=324200"},{"taxonomy":"product_cat","embeddable":true,"href":"https:\/\/vbd.dev.sumena.ee\/en\/wp-json\/wp\/v2\/product_cat?post=324200"},{"taxonomy":"product_tag","embeddable":true,"href":"https:\/\/vbd.dev.sumena.ee\/en\/wp-json\/wp\/v2\/product_tag?post=324200"}],"curies":[{"name":"wp","href":"https:\/\/api.w.org\/{rel}","templated":true}]}}