{"id":322451,"date":"2025-10-23T15:30:50","date_gmt":"2025-10-23T12:30:50","guid":{"rendered":"https:\/\/vbd.dev.sumena.ee\/?post_type=product&#038;p=322451"},"modified":"2026-02-12T13:32:55","modified_gmt":"2026-02-12T10:32:55","slug":"pesupulber-minirisk-universal-650-g","status":"publish","type":"product","link":"https:\/\/vbd.dev.sumena.ee\/en\/product-2\/pesupulber-minirisk-universal-650-g\/","title":{"rendered":"Pesupulber MiniRisk Universal 650 g"},"content":{"rendered":"<p>PESUPULBER UNIVERSAL. Universaalne pesupulber valgete ja v\u00e4rviliste riiete pesemiseks pesumasinas v\u00f5i k\u00e4sitsi. Ei sisalda lo\u0303hna- ega va\u0308rvaineid. Sobilik va\u0308ikelaste ja allergikute riiete pesemiseks. Eemaldab efektiivselt mustuse nii leige kui ka kuuma veega pestes. Sisaldab hapnikup\u00f5hist pleegitusainet, mis eemaldab plekid nagu kohvi ja tee ning ens\u00fc\u00fcme, mis aitavad lagundada tugevaid plekke (nt \u0161okolaad, muna, veri jms). Sisaldab veepehmendajat, mis kaitseb pesumasinat katlakivi tekke eest. Koostises on pesumasinat s\u00e4\u00e4stev korrosiooniinhibiitor<\/p>","protected":false},"excerpt":{"rendered":"<p>Hulgipakend: 6<\/p>","protected":false},"featured_media":322455,"comment_status":"open","ping_status":"closed","template":"","meta":{"_acf_changed":false},"product_brand":[],"product_cat":[185,88],"product_tag":[],"class_list":{"0":"post-322451","1":"product","2":"type-product","3":"status-publish","4":"has-post-thumbnail","6":"product_cat-puhastus-ja-koristusvahendid","7":"product_cat-tarbekaubad-tooted","9":"first","10":"instock","11":"sale","12":"taxable","13":"shipping-taxable","14":"purchasable","15":"product-type-simple"},"supplier_id":null,"supplier_sku":"","barcode":null,"atum_controlled":true,"out_stock_date":null,"out_stock_threshold":null,"inheritable":false,"inbound_stock":0,"stock_on_hold":7,"sold_today":11,"sales_last_days":103,"reserved_stock":0,"customer_returns":0,"warehouse_damage":0,"lost_in_post":0,"other_logs":0,"out_stock_days":0,"lost_sales":0,"has_location":false,"update_date":"2026-02-12T13:21:03","atum_locations":[],"atum_stock_status":"instock","restock_status":true,"low_stock_amount":"","sales_update_date":"2026-02-12T13:20:55","calc_backorders":null,"acf":[],"_links":{"self":[{"href":"https:\/\/vbd.dev.sumena.ee\/en\/wp-json\/wp\/v2\/product\/322451","targetHints":{"allow":["GET"]}}],"collection":[{"href":"https:\/\/vbd.dev.sumena.ee\/en\/wp-json\/wp\/v2\/product"}],"about":[{"href":"https:\/\/vbd.dev.sumena.ee\/en\/wp-json\/wp\/v2\/types\/product"}],"replies":[{"embeddable":true,"href":"https:\/\/vbd.dev.sumena.ee\/en\/wp-json\/wp\/v2\/comments?post=322451"}],"wp:featuredmedia":[{"embeddable":true,"href":"https:\/\/vbd.dev.sumena.ee\/en\/wp-json\/wp\/v2\/media\/322455"}],"wp:attachment":[{"href":"https:\/\/vbd.dev.sumena.ee\/en\/wp-json\/wp\/v2\/media?parent=322451"}],"wp:term":[{"taxonomy":"product_brand","embeddable":true,"href":"https:\/\/vbd.dev.sumena.ee\/en\/wp-json\/wp\/v2\/product_brand?post=322451"},{"taxonomy":"product_cat","embeddable":true,"href":"https:\/\/vbd.dev.sumena.ee\/en\/wp-json\/wp\/v2\/product_cat?post=322451"},{"taxonomy":"product_tag","embeddable":true,"href":"https:\/\/vbd.dev.sumena.ee\/en\/wp-json\/wp\/v2\/product_tag?post=322451"}],"curies":[{"name":"wp","href":"https:\/\/api.w.org\/{rel}","templated":true}]}}