{"id":321429,"date":"2025-10-20T11:05:14","date_gmt":"2025-10-20T08:05:14","guid":{"rendered":"https:\/\/vbd.dev.sumena.ee\/?post_type=product&#038;p=321429"},"modified":"2026-02-09T23:53:02","modified_gmt":"2026-02-09T20:53:02","slug":"magneesiumisprei-100-ml","status":"publish","type":"product","link":"https:\/\/vbd.dev.sumena.ee\/en\/product-2\/magneesiumisprei-100-ml\/","title":{"rendered":"Magneesiumisprei 100 ml"},"content":{"rendered":"<p>Magneesiumisprei on valmistatud kontsentreeritud magneesiumkloriidist ja m\u00f5eldud pihustamiseks nahale p\u00e4rast erinevaid f\u00fc\u00fcsilisi tegevusi v\u00f5i enne magamaminekut. See toode l\u00f5\u00f5gastab ja v\u00e4rskendab, ning selles sisalduvad elektrol\u00fc\u00fcdid \u2013 naatrium, kaalium, Epsomi sool \u2013 aitavad s\u00e4ilitada \u00f5rna mugavustunde, v\u00e4rskuse ja naha tasakaalu.<\/p>\n<p><b>Naudi seda alati, kui vajad l\u00f5\u00f5gastust&#8230;<\/b><\/p>\n<p>\u2022 Elusta nahka p\u00e4rast treeningut v\u00f5i sportimist<br \/>\n\u2022 Tunneta kerget l\u00f5\u00f5gastustunnet enne magamaminekut<br \/>\n\u2022 Rahusta nahka p\u00e4rast pikka v\u00f5i stressirohket p\u00e4eva<br \/>\n\u2022 Paku nahale niiskust ja mugavust p\u00e4rast v\u00e4sitavat p\u00e4eva<br \/>\n\u2022 Naudi v\u00e4rskendavat tunnet kuumadel p\u00e4evadel<br \/>\n\u2022 Taasta naha tasakaal p\u00e4rast du\u0161i all v\u00f5i vannis k\u00e4imist<\/p>\n<p><b>Ingredients:<\/b><br \/>\nVesi, magneesiumkloriid, magneesiumsulfaat (Epsomi sool), naatriumkloriid, naatriumbensoaat, kaaliumsorbaat, kaaliumkloriid, piimhape.<\/p>\n<p><b>Kasutamine<\/b><br \/>\n<b>1. n\u00e4dal:<\/b> Pihusta 2\u20134 korda jalgadele \u00fcks kord p\u00e4evas ja masseeri \u00f5rnalt sisse. Jalgade nahk on v\u00e4hem tundlik, seet\u00f5ttu on hea alustada sealt.<\/p>\n<p><b>2. n\u00e4dal:<\/b> Kui talud h\u00e4sti, pihusta 4\u20136 korda k\u00f5hupiirkonnale \u00fcks kord p\u00e4evas.<\/p>\n<p><b>J\u00e4tkuv kasutamine:<\/b> Kui nahk on harjunud, v\u00f5ib pihustada ka teistele kehapiirkondadele, n\u00e4iteks k\u00e4sivartele, jalgadele v\u00f5i \u00f5lgadele \u2013 vastavalt vajadusele.<\/p>\n<p><b>Soovi korral:<\/b> Loputa v\u00f5i p\u00fchi maha 20 minuti p\u00e4rast. V\u00e4ltida silma ja kahjustatud naha piirkonda sattumist.<\/p>\n<p><b>S\u00e4ilitamine<\/b><br \/>\nHoida jahedas ja kuivas kohas temperatuuril 5\u201325\u202f\u00b0C, eemal otsesest p\u00e4ikesevalgusest ja soojusallikatest. Mitte lahjendada ega segada teiste toodetega.<\/p>","protected":false},"excerpt":{"rendered":"<p>Hulgipakend: 9<\/p>","protected":false},"featured_media":321434,"comment_status":"open","ping_status":"closed","template":"","meta":{"_acf_changed":false},"product_brand":[],"product_cat":[160,104],"product_tag":[],"class_list":{"0":"post-321429","1":"product","2":"type-product","3":"status-publish","4":"has-post-thumbnail","6":"product_cat-tervisekaubad","7":"product_cat-enesehooldus","9":"first","10":"instock","11":"sale","12":"taxable","13":"shipping-taxable","14":"purchasable","15":"product-type-simple"},"supplier_id":null,"supplier_sku":"","barcode":null,"atum_controlled":true,"out_stock_date":null,"out_stock_threshold":null,"inheritable":false,"inbound_stock":0,"stock_on_hold":0,"sold_today":0,"sales_last_days":7,"reserved_stock":0,"customer_returns":0,"warehouse_damage":0,"lost_in_post":0,"other_logs":0,"out_stock_days":0,"lost_sales":0,"has_location":false,"update_date":"2026-02-10T13:58:23","atum_locations":[],"atum_stock_status":"instock","restock_status":false,"low_stock_amount":"","sales_update_date":"2026-02-10T13:58:05","calc_backorders":null,"acf":[],"_links":{"self":[{"href":"https:\/\/vbd.dev.sumena.ee\/en\/wp-json\/wp\/v2\/product\/321429","targetHints":{"allow":["GET"]}}],"collection":[{"href":"https:\/\/vbd.dev.sumena.ee\/en\/wp-json\/wp\/v2\/product"}],"about":[{"href":"https:\/\/vbd.dev.sumena.ee\/en\/wp-json\/wp\/v2\/types\/product"}],"replies":[{"embeddable":true,"href":"https:\/\/vbd.dev.sumena.ee\/en\/wp-json\/wp\/v2\/comments?post=321429"}],"wp:featuredmedia":[{"embeddable":true,"href":"https:\/\/vbd.dev.sumena.ee\/en\/wp-json\/wp\/v2\/media\/321434"}],"wp:attachment":[{"href":"https:\/\/vbd.dev.sumena.ee\/en\/wp-json\/wp\/v2\/media?parent=321429"}],"wp:term":[{"taxonomy":"product_brand","embeddable":true,"href":"https:\/\/vbd.dev.sumena.ee\/en\/wp-json\/wp\/v2\/product_brand?post=321429"},{"taxonomy":"product_cat","embeddable":true,"href":"https:\/\/vbd.dev.sumena.ee\/en\/wp-json\/wp\/v2\/product_cat?post=321429"},{"taxonomy":"product_tag","embeddable":true,"href":"https:\/\/vbd.dev.sumena.ee\/en\/wp-json\/wp\/v2\/product_tag?post=321429"}],"curies":[{"name":"wp","href":"https:\/\/api.w.org\/{rel}","templated":true}]}}