{"id":319854,"date":"2026-01-29T13:13:43","date_gmt":"2026-01-29T10:13:43","guid":{"rendered":"https:\/\/vbd.dev.sumena.ee\/?post_type=product&#038;p=319854"},"modified":"2026-02-12T18:40:36","modified_gmt":"2026-02-12T15:40:36","slug":"haribo-wummis-kummikommiussid-100g","status":"publish","type":"product","link":"https:\/\/vbd.dev.sumena.ee\/en\/product-2\/haribo-wummis-kummikommiussid-100g\/","title":{"rendered":"HARIBO Wummis Kummikommiussid 100G"},"content":{"rendered":"<p>Puuviljamaitselised kummikommid<\/p>\n<h3 class=\"sc-d9655132-0 cSOuJU sc-83d34b4b-0 gHeBlt\">Koostisosad<\/h3>\n<div class=\"sc-f5482c8c-2 cSayeY\">\n<p>Gl\u00fckoosisiirup. suhkur, \u017eelatiin. dekstroos. hape: sidrunhape. puuvilja-ja taimekontsentraadid: leedrimari, aroonia, must s\u00f5star, ap elsin, sidrun, mango, passionvili, \u00f5un, kiivi, spirulina, v\u00e4rvohakas, porgand, hibisk. p\u00e4evalille\u00f5li. glaseerained: valge ja kollan e meevaha. karamelliseeritud suhkrusiirup. leedrimarja ekstrakt.<\/p>\n<\/div>","protected":false},"excerpt":{"rendered":"<p>Puuviljamaitselised kummikommid Koostisosad Gl\u00fckoosisiirup. suhkur, \u017eelatiin. dekstroos. hape: sidrunhape. puuvilja-ja taimekontsentraadid: leedrimari, aroonia, must s\u00f5star, ap elsin, sidrun, mango, passionvili, \u00f5un, kiivi, spirulina, v\u00e4rvohakas, porgand, hibisk. p\u00e4evalille\u00f5li. glaseerained: valge ja kollan e meevaha. karamelliseeritud suhkrusiirup. leedrimarja ekstrakt.<\/p>","protected":false},"featured_media":319855,"comment_status":"open","ping_status":"closed","template":"","meta":{"_acf_changed":false},"product_brand":[],"product_cat":[77,78],"product_tag":[],"class_list":{"0":"post-319854","1":"product","2":"type-product","3":"status-publish","4":"has-post-thumbnail","6":"product_cat-maiustused","7":"product_cat-kommid","9":"first","10":"instock","11":"sale","12":"taxable","13":"shipping-taxable","14":"purchasable","15":"product-type-simple"},"supplier_id":null,"supplier_sku":"","barcode":null,"atum_controlled":true,"out_stock_date":null,"out_stock_threshold":null,"inheritable":false,"inbound_stock":0,"stock_on_hold":42,"sold_today":12,"sales_last_days":732,"reserved_stock":0,"customer_returns":0,"warehouse_damage":0,"lost_in_post":0,"other_logs":0,"out_stock_days":0,"lost_sales":0,"has_location":false,"update_date":"2026-02-12T15:42:50","atum_locations":[],"atum_stock_status":"instock","restock_status":true,"low_stock_amount":"","sales_update_date":"2026-02-12T15:42:39","calc_backorders":null,"acf":[],"_links":{"self":[{"href":"https:\/\/vbd.dev.sumena.ee\/en\/wp-json\/wp\/v2\/product\/319854","targetHints":{"allow":["GET"]}}],"collection":[{"href":"https:\/\/vbd.dev.sumena.ee\/en\/wp-json\/wp\/v2\/product"}],"about":[{"href":"https:\/\/vbd.dev.sumena.ee\/en\/wp-json\/wp\/v2\/types\/product"}],"replies":[{"embeddable":true,"href":"https:\/\/vbd.dev.sumena.ee\/en\/wp-json\/wp\/v2\/comments?post=319854"}],"wp:featuredmedia":[{"embeddable":true,"href":"https:\/\/vbd.dev.sumena.ee\/en\/wp-json\/wp\/v2\/media\/319855"}],"wp:attachment":[{"href":"https:\/\/vbd.dev.sumena.ee\/en\/wp-json\/wp\/v2\/media?parent=319854"}],"wp:term":[{"taxonomy":"product_brand","embeddable":true,"href":"https:\/\/vbd.dev.sumena.ee\/en\/wp-json\/wp\/v2\/product_brand?post=319854"},{"taxonomy":"product_cat","embeddable":true,"href":"https:\/\/vbd.dev.sumena.ee\/en\/wp-json\/wp\/v2\/product_cat?post=319854"},{"taxonomy":"product_tag","embeddable":true,"href":"https:\/\/vbd.dev.sumena.ee\/en\/wp-json\/wp\/v2\/product_tag?post=319854"}],"curies":[{"name":"wp","href":"https:\/\/api.w.org\/{rel}","templated":true}]}}