{"id":319504,"date":"2025-10-14T13:50:47","date_gmt":"2025-10-14T10:50:47","guid":{"rendered":"https:\/\/vbd.dev.sumena.ee\/?post_type=product&#038;p=319504"},"modified":"2026-02-12T16:10:02","modified_gmt":"2026-02-12T13:10:02","slug":"fuzetea-jaatee-mustika-lavendel-500-ml","status":"publish","type":"product","link":"https:\/\/vbd.dev.sumena.ee\/en\/product-2\/fuzetea-jaatee-mustika-lavendel-500-ml\/","title":{"rendered":"FUZETEA J\u00e4\u00e4tee Mustika &amp; Lavendel 500 ml"},"content":{"rendered":"<p>Mustikamaitseline energiavaba karboniseerimata jook rohelise tee ja lavendli ekstraktidega. Magusainetega ja pastoriseeritud.<\/p>\n<p>Ingredients:<\/p>\n<p>Vesi, happed (sidrunihape, \u00f5unhape), rohelise tee**ekstrakt (0,14%), mustikamahl kontsendreeritud mahlast (0,1%), happesuse regulaatorid (naatriumtsitaadid, naatriumgl\u00fckonaat), looduslik mustika l\u00f5hna- ja maitseaine, antioks\u00fcdant (askorbiinhape), magusained (sukraloos, steviast saadud stevioolgl\u00fckosiidid), lavendli ekstrakt.<\/p>\n<p>* Toote koostisosade loetelu v\u00f5ib muutuda. Kontrollige enne toote tarbimist pakendil esitatud koostisosi.<\/p>","protected":false},"excerpt":{"rendered":"<p>Parim enne: 16.12.2025 Hulgipakend: 12<\/p>","protected":false},"featured_media":319507,"comment_status":"open","ping_status":"closed","template":"","meta":{"_acf_changed":false},"product_brand":[],"product_cat":[177,79],"product_tag":[],"class_list":{"0":"post-319504","1":"product","2":"type-product","3":"status-publish","4":"has-post-thumbnail","6":"product_cat-karastus-ja-energiajoogid-toonikud-muu","7":"product_cat-joogid","9":"first","10":"instock","11":"sale","12":"taxable","13":"shipping-taxable","14":"purchasable","15":"product-type-simple"},"supplier_id":null,"supplier_sku":"","barcode":null,"atum_controlled":true,"out_stock_date":null,"out_stock_threshold":null,"inheritable":false,"inbound_stock":0,"stock_on_hold":6,"sold_today":25,"sales_last_days":277,"reserved_stock":0,"customer_returns":0,"warehouse_damage":0,"lost_in_post":0,"other_logs":0,"out_stock_days":0,"lost_sales":0,"has_location":false,"update_date":"2026-02-12T15:03:42","atum_locations":[],"atum_stock_status":"instock","restock_status":true,"low_stock_amount":"","sales_update_date":"2026-02-12T15:03:33","calc_backorders":null,"acf":[],"_links":{"self":[{"href":"https:\/\/vbd.dev.sumena.ee\/en\/wp-json\/wp\/v2\/product\/319504","targetHints":{"allow":["GET"]}}],"collection":[{"href":"https:\/\/vbd.dev.sumena.ee\/en\/wp-json\/wp\/v2\/product"}],"about":[{"href":"https:\/\/vbd.dev.sumena.ee\/en\/wp-json\/wp\/v2\/types\/product"}],"replies":[{"embeddable":true,"href":"https:\/\/vbd.dev.sumena.ee\/en\/wp-json\/wp\/v2\/comments?post=319504"}],"wp:featuredmedia":[{"embeddable":true,"href":"https:\/\/vbd.dev.sumena.ee\/en\/wp-json\/wp\/v2\/media\/319507"}],"wp:attachment":[{"href":"https:\/\/vbd.dev.sumena.ee\/en\/wp-json\/wp\/v2\/media?parent=319504"}],"wp:term":[{"taxonomy":"product_brand","embeddable":true,"href":"https:\/\/vbd.dev.sumena.ee\/en\/wp-json\/wp\/v2\/product_brand?post=319504"},{"taxonomy":"product_cat","embeddable":true,"href":"https:\/\/vbd.dev.sumena.ee\/en\/wp-json\/wp\/v2\/product_cat?post=319504"},{"taxonomy":"product_tag","embeddable":true,"href":"https:\/\/vbd.dev.sumena.ee\/en\/wp-json\/wp\/v2\/product_tag?post=319504"}],"curies":[{"name":"wp","href":"https:\/\/api.w.org\/{rel}","templated":true}]}}