{"id":317502,"date":"2026-02-11T14:23:41","date_gmt":"2026-02-11T11:23:41","guid":{"rendered":"https:\/\/vbd.dev.sumena.ee\/?post_type=product&#038;p=317502"},"modified":"2026-02-12T11:26:53","modified_gmt":"2026-02-12T08:26:53","slug":"pure-balsamiko-kaste-270-g","status":"publish","type":"product","link":"https:\/\/vbd.dev.sumena.ee\/en\/product-2\/pure-balsamiko-kaste-270-g\/","title":{"rendered":"Pure Balsamiko kaste, 270 g"},"content":{"rendered":"<h2 class=\"font-light text-xl mb-3\">Koostisosad<\/h2>\n<div class=\"text-sm\">Rapsi\u00f5li (43%), vesi, suhkur, SINEP (vesi, SINEPISEEMNED, \u00e4\u00e4dikas, sool, happesuse regulaator: sidrunhape (E330), suhkur, kurkum, antioks\u00fcdant: KAALIUMMETABISULFIIT (E224) (sisaldab SULFIITE), l\u00f5hna- ja maitseained), palsami\u00e4\u00e4dikas (5%) (valgeveini \u00e4\u00e4dikas, gl\u00fckoos, kontsentreeritud viinamarjavirre), alkoholi\u00e4\u00e4dikas, sool, paksendaja (modifitseeritud t\u00e4rklis), valge pipar, happesuse regulaator: sidrunhape (E330), stabilisaator: ksantaankummi (E415), s\u00e4ilitusained: kaaliumsorbaat (E202) ja naatriumbensoaat (E211).* Toote koostisosade loetelu v\u00f5ib muutuda. Kontrollige enne toote tarbimist pakendil esitatud koostisosi.<\/div>","protected":false},"excerpt":{"rendered":"<p>Parim enne: 06.02.2026 Hulgipakend: 12<\/p>","protected":false},"featured_media":317503,"comment_status":"open","ping_status":"closed","template":"","meta":{"_acf_changed":false},"product_brand":[],"product_cat":[83],"product_tag":[],"class_list":{"0":"post-317502","1":"product","2":"type-product","3":"status-publish","4":"has-post-thumbnail","6":"product_cat-kastmed-olid","8":"first","9":"instock","10":"sale","11":"taxable","12":"shipping-taxable","13":"purchasable","14":"product-type-simple"},"supplier_id":null,"supplier_sku":"","barcode":null,"atum_controlled":true,"out_stock_date":null,"out_stock_threshold":null,"inheritable":false,"inbound_stock":0,"stock_on_hold":12,"sold_today":24,"sales_last_days":36,"reserved_stock":0,"customer_returns":0,"warehouse_damage":0,"lost_in_post":0,"other_logs":0,"out_stock_days":0,"lost_sales":0,"has_location":false,"update_date":"2026-02-12T12:42:31","atum_locations":[],"atum_stock_status":"instock","restock_status":true,"low_stock_amount":"","sales_update_date":"2026-02-12T12:42:21","calc_backorders":null,"acf":[],"_links":{"self":[{"href":"https:\/\/vbd.dev.sumena.ee\/en\/wp-json\/wp\/v2\/product\/317502","targetHints":{"allow":["GET"]}}],"collection":[{"href":"https:\/\/vbd.dev.sumena.ee\/en\/wp-json\/wp\/v2\/product"}],"about":[{"href":"https:\/\/vbd.dev.sumena.ee\/en\/wp-json\/wp\/v2\/types\/product"}],"replies":[{"embeddable":true,"href":"https:\/\/vbd.dev.sumena.ee\/en\/wp-json\/wp\/v2\/comments?post=317502"}],"wp:featuredmedia":[{"embeddable":true,"href":"https:\/\/vbd.dev.sumena.ee\/en\/wp-json\/wp\/v2\/media\/317503"}],"wp:attachment":[{"href":"https:\/\/vbd.dev.sumena.ee\/en\/wp-json\/wp\/v2\/media?parent=317502"}],"wp:term":[{"taxonomy":"product_brand","embeddable":true,"href":"https:\/\/vbd.dev.sumena.ee\/en\/wp-json\/wp\/v2\/product_brand?post=317502"},{"taxonomy":"product_cat","embeddable":true,"href":"https:\/\/vbd.dev.sumena.ee\/en\/wp-json\/wp\/v2\/product_cat?post=317502"},{"taxonomy":"product_tag","embeddable":true,"href":"https:\/\/vbd.dev.sumena.ee\/en\/wp-json\/wp\/v2\/product_tag?post=317502"}],"curies":[{"name":"wp","href":"https:\/\/api.w.org\/{rel}","templated":true}]}}