{"id":315040,"date":"2025-01-13T21:19:30","date_gmt":"2025-01-13T18:19:30","guid":{"rendered":"https:\/\/vbd.dev.sumena.ee\/?post_type=product&#038;p=315040"},"modified":"2026-02-12T11:27:06","modified_gmt":"2026-02-12T08:27:06","slug":"pringles-kartulikropsud-hot-mexican-chilli-and-lime-160-g","status":"publish","type":"product","link":"https:\/\/vbd.dev.sumena.ee\/en\/product-2\/pringles-kartulikropsud-hot-mexican-chilli-and-lime-160-g\/","title":{"rendered":"PRINGLES kartulikr\u00f5psud Hot Mexican Chilli and Lime, 160 g"},"content":{"rendered":"<h3 class=\"sc-d9655132-0 cSOuJU sc-83d34b4b-0 gHeBlt\">Koostisosad<\/h3>\n<div class=\"sc-f5482c8c-2 cSayeY\">\n<p>Kuivatatud kartul, p\u00e4evalille\u00f5li (p\u00e4evalille\u00f5li), NISUJAhu, maisijahu, riisijahu, t\u0161illi ja laimi maitseaine (vadakupermeaadi pulber {PIIM}, v\u00fcrtsid {suitsupaprika, k\u00fc\u00fcslauk, sibul, juustu k\u00f6\u00f6mned, paprika, must pipar, cayenne pipar}, suhkur, sool, maltodekstriin, kaaliumkloriid, l\u00f5hna- ja maitseained, happesuse regulaatorid {sidrunhape, naatriumdiatsetaat, piimhape}, petipiimapulber {PIIM}, t omatipulber rapsi\u00f5li, v\u00e4rvaine {paprikate}, suitsutatud maltodekstriin, suitsusool), maltodekstriin, emulgaator (E471), v\u00e4rvaine (an natto norbiksiin). V\u00f5ib sisaldada SOJA<\/p>\n<\/div>","protected":false},"excerpt":{"rendered":"<p>Koostisosad Kuivatatud kartul, p\u00e4evalille\u00f5li (p\u00e4evalille\u00f5li), NISUJAhu, maisijahu, riisijahu, t\u0161illi ja laimi maitseaine (vadakupermeaadi pulber {PIIM}, v\u00fcrtsid {suitsupaprika, k\u00fc\u00fcslauk, sibul, juustu k\u00f6\u00f6mned, paprika, must pipar, cayenne pipar}, suhkur, sool, maltodekstriin, kaaliumkloriid, l\u00f5hna- ja maitseained, happesuse regulaatorid {sidrunhape, naatriumdiatsetaat, piimhape}, petipiimapulber {PIIM}, t omatipulber rapsi\u00f5li, v\u00e4rvaine {paprikate}, suitsutatud maltodekstriin, suitsusool), maltodekstriin, emulgaator (E471), v\u00e4rvaine (an natto norbiksiin). [&hellip;]<\/p>","protected":false},"featured_media":315044,"comment_status":"open","ping_status":"closed","template":"","meta":{"_acf_changed":false},"product_brand":[],"product_cat":[80,81],"product_tag":[],"class_list":{"0":"post-315040","1":"product","2":"type-product","3":"status-publish","4":"has-post-thumbnail","6":"product_cat-snakid","7":"product_cat-kropsud","9":"first","10":"instock","11":"sale","12":"taxable","13":"shipping-taxable","14":"purchasable","15":"product-type-simple"},"supplier_id":null,"supplier_sku":"","barcode":null,"atum_controlled":true,"out_stock_date":null,"out_stock_threshold":null,"inheritable":false,"inbound_stock":0,"stock_on_hold":20,"sold_today":20,"sales_last_days":177,"reserved_stock":0,"customer_returns":0,"warehouse_damage":0,"lost_in_post":0,"other_logs":0,"out_stock_days":0,"lost_sales":0,"has_location":false,"update_date":"2026-02-12T09:26:51","atum_locations":[],"atum_stock_status":"instock","restock_status":false,"low_stock_amount":"","sales_update_date":"2026-02-12T09:26:43","calc_backorders":null,"acf":[],"_links":{"self":[{"href":"https:\/\/vbd.dev.sumena.ee\/en\/wp-json\/wp\/v2\/product\/315040","targetHints":{"allow":["GET"]}}],"collection":[{"href":"https:\/\/vbd.dev.sumena.ee\/en\/wp-json\/wp\/v2\/product"}],"about":[{"href":"https:\/\/vbd.dev.sumena.ee\/en\/wp-json\/wp\/v2\/types\/product"}],"replies":[{"embeddable":true,"href":"https:\/\/vbd.dev.sumena.ee\/en\/wp-json\/wp\/v2\/comments?post=315040"}],"wp:featuredmedia":[{"embeddable":true,"href":"https:\/\/vbd.dev.sumena.ee\/en\/wp-json\/wp\/v2\/media\/315044"}],"wp:attachment":[{"href":"https:\/\/vbd.dev.sumena.ee\/en\/wp-json\/wp\/v2\/media?parent=315040"}],"wp:term":[{"taxonomy":"product_brand","embeddable":true,"href":"https:\/\/vbd.dev.sumena.ee\/en\/wp-json\/wp\/v2\/product_brand?post=315040"},{"taxonomy":"product_cat","embeddable":true,"href":"https:\/\/vbd.dev.sumena.ee\/en\/wp-json\/wp\/v2\/product_cat?post=315040"},{"taxonomy":"product_tag","embeddable":true,"href":"https:\/\/vbd.dev.sumena.ee\/en\/wp-json\/wp\/v2\/product_tag?post=315040"}],"curies":[{"name":"wp","href":"https:\/\/api.w.org\/{rel}","templated":true}]}}