{"id":314631,"date":"2025-09-30T18:34:43","date_gmt":"2025-09-30T15:34:43","guid":{"rendered":"https:\/\/vbd.dev.sumena.ee\/?post_type=product&#038;p=314631"},"modified":"2026-02-12T12:09:39","modified_gmt":"2026-02-12T09:09:39","slug":"aquanine-greip-sidrun-ingver-karastusjook-0-5l","status":"publish","type":"product","link":"https:\/\/vbd.dev.sumena.ee\/en\/product-2\/aquanine-greip-sidrun-ingver-karastusjook-0-5l\/","title":{"rendered":"Aquanine Greip-sidrun-ingver karastusjook 0.5L"},"content":{"rendered":"<h2 class=\"font-light text-xl mb-3\">Koostisosad<\/h2>\n<div class=\"text-sm\">Vesi, suhkur, happesuse regulaator sidrunhape, looduslik l\u00f5hna- ja maitseaine greip ja laim, looduslik toidumaitseaine ingveri ekstrakt, toiduv\u00e4rv karamell (E150d), toiduv\u00e4rv beetakaroteen E160a, s\u00e4ilitusained &#8211; naatriumbensoaat, kaaliumsorbaat, stabilisaatorid: kummiaraabik (E414), puidukampoli gl\u00fctseroolestrid E445.<\/div>","protected":false},"excerpt":{"rendered":"<p>Parim enne: 11.09.2025 Hulgipakend: 12<\/p>","protected":false},"featured_media":314632,"comment_status":"open","ping_status":"closed","template":"","meta":{"_acf_changed":false},"product_brand":[],"product_cat":[177,87,90,79],"product_tag":[],"class_list":{"0":"post-314631","1":"product","2":"type-product","3":"status-publish","4":"has-post-thumbnail","6":"product_cat-karastus-ja-energiajoogid-toonikud-muu","7":"product_cat-meie-lemmikud","8":"product_cat-pant","9":"product_cat-joogid","11":"first","12":"instock","13":"sale","14":"taxable","15":"shipping-taxable","16":"purchasable","17":"product-type-simple"},"supplier_id":null,"supplier_sku":"","barcode":null,"atum_controlled":true,"out_stock_date":null,"out_stock_threshold":null,"inheritable":false,"inbound_stock":0,"stock_on_hold":60,"sold_today":36,"sales_last_days":192,"reserved_stock":0,"customer_returns":0,"warehouse_damage":0,"lost_in_post":0,"other_logs":0,"out_stock_days":0,"lost_sales":0,"has_location":false,"update_date":"2026-02-12T09:15:45","atum_locations":[],"atum_stock_status":"instock","restock_status":false,"low_stock_amount":"","sales_update_date":"2026-02-12T09:15:36","calc_backorders":null,"acf":[],"_links":{"self":[{"href":"https:\/\/vbd.dev.sumena.ee\/en\/wp-json\/wp\/v2\/product\/314631","targetHints":{"allow":["GET"]}}],"collection":[{"href":"https:\/\/vbd.dev.sumena.ee\/en\/wp-json\/wp\/v2\/product"}],"about":[{"href":"https:\/\/vbd.dev.sumena.ee\/en\/wp-json\/wp\/v2\/types\/product"}],"replies":[{"embeddable":true,"href":"https:\/\/vbd.dev.sumena.ee\/en\/wp-json\/wp\/v2\/comments?post=314631"}],"wp:featuredmedia":[{"embeddable":true,"href":"https:\/\/vbd.dev.sumena.ee\/en\/wp-json\/wp\/v2\/media\/314632"}],"wp:attachment":[{"href":"https:\/\/vbd.dev.sumena.ee\/en\/wp-json\/wp\/v2\/media?parent=314631"}],"wp:term":[{"taxonomy":"product_brand","embeddable":true,"href":"https:\/\/vbd.dev.sumena.ee\/en\/wp-json\/wp\/v2\/product_brand?post=314631"},{"taxonomy":"product_cat","embeddable":true,"href":"https:\/\/vbd.dev.sumena.ee\/en\/wp-json\/wp\/v2\/product_cat?post=314631"},{"taxonomy":"product_tag","embeddable":true,"href":"https:\/\/vbd.dev.sumena.ee\/en\/wp-json\/wp\/v2\/product_tag?post=314631"}],"curies":[{"name":"wp","href":"https:\/\/api.w.org\/{rel}","templated":true}]}}