{"id":312391,"date":"2025-09-23T22:37:59","date_gmt":"2025-09-23T19:37:59","guid":{"rendered":"https:\/\/vbd.dev.sumena.ee\/?post_type=product&#038;p=312391"},"modified":"2026-02-11T23:48:44","modified_gmt":"2026-02-11T20:48:44","slug":"adidas-dusigeel-adipure-women-250ml","status":"publish","type":"product","link":"https:\/\/vbd.dev.sumena.ee\/en\/product-2\/adidas-dusigeel-adipure-women-250ml\/","title":{"rendered":"Adidas Du\u0161igeel Adipure Women 250mL"},"content":{"rendered":"<div class=\"product-description-wrapper\">\n<div class=\"product attribute description\">\n<div class=\"value\">Adidas 3in1 Adipure du\u0161igeel naistele igap\u00e4evaseks kasutamiseks spetsiaalse Cotton-Tech kompleksiga puhastab ja hoolitseb sinu naha eest j\u00e4ttes selle terveks ja eluj\u00f5uliseks. Dermatoloogiliselt testitud!<\/div>\n<\/div>\n<\/div>\n<div class=\"product info detailed\">\n<div class=\"product data items mage-tabs-disabled\" role=\"tablist\">\n<div id=\"tab-label-related\" class=\"data item title\" tabindex=\"0\" role=\"tab\" data-name=\"related-products.tab\" aria-labelledby=\"tab-label-related-title\" data-role=\"collapsible\" data-collapsible=\"true\" aria-controls=\"related\" aria-selected=\"false\" aria-expanded=\"false\"><\/div>\n<\/div>\n<\/div>","protected":false},"excerpt":{"rendered":"<p>Parim enne: 08.06.2026 Hulgipakend: 12<\/p>","protected":false},"featured_media":312393,"comment_status":"open","ping_status":"closed","template":"","meta":{"_acf_changed":false},"product_brand":[],"product_cat":[158,104],"product_tag":[],"class_list":{"0":"post-312391","1":"product","2":"type-product","3":"status-publish","4":"has-post-thumbnail","6":"product_cat-kehahooldus","7":"product_cat-enesehooldus","9":"first","10":"instock","11":"sale","12":"taxable","13":"shipping-taxable","14":"purchasable","15":"product-type-simple"},"supplier_id":null,"supplier_sku":"","barcode":null,"atum_controlled":true,"out_stock_date":null,"out_stock_threshold":null,"inheritable":false,"inbound_stock":0,"stock_on_hold":10,"sold_today":0,"sales_last_days":20,"reserved_stock":0,"customer_returns":0,"warehouse_damage":0,"lost_in_post":0,"other_logs":0,"out_stock_days":0,"lost_sales":0,"has_location":false,"update_date":"2026-02-12T06:53:04","atum_locations":[],"atum_stock_status":"instock","restock_status":false,"low_stock_amount":"","sales_update_date":"2026-02-12T06:52:56","calc_backorders":null,"acf":[],"_links":{"self":[{"href":"https:\/\/vbd.dev.sumena.ee\/en\/wp-json\/wp\/v2\/product\/312391","targetHints":{"allow":["GET"]}}],"collection":[{"href":"https:\/\/vbd.dev.sumena.ee\/en\/wp-json\/wp\/v2\/product"}],"about":[{"href":"https:\/\/vbd.dev.sumena.ee\/en\/wp-json\/wp\/v2\/types\/product"}],"replies":[{"embeddable":true,"href":"https:\/\/vbd.dev.sumena.ee\/en\/wp-json\/wp\/v2\/comments?post=312391"}],"wp:featuredmedia":[{"embeddable":true,"href":"https:\/\/vbd.dev.sumena.ee\/en\/wp-json\/wp\/v2\/media\/312393"}],"wp:attachment":[{"href":"https:\/\/vbd.dev.sumena.ee\/en\/wp-json\/wp\/v2\/media?parent=312391"}],"wp:term":[{"taxonomy":"product_brand","embeddable":true,"href":"https:\/\/vbd.dev.sumena.ee\/en\/wp-json\/wp\/v2\/product_brand?post=312391"},{"taxonomy":"product_cat","embeddable":true,"href":"https:\/\/vbd.dev.sumena.ee\/en\/wp-json\/wp\/v2\/product_cat?post=312391"},{"taxonomy":"product_tag","embeddable":true,"href":"https:\/\/vbd.dev.sumena.ee\/en\/wp-json\/wp\/v2\/product_tag?post=312391"}],"curies":[{"name":"wp","href":"https:\/\/api.w.org\/{rel}","templated":true}]}}