{"id":312379,"date":"2025-09-23T22:28:43","date_gmt":"2025-09-23T19:28:43","guid":{"rendered":"https:\/\/vbd.dev.sumena.ee\/?post_type=product&#038;p=312379"},"modified":"2026-02-08T20:44:12","modified_gmt":"2026-02-08T17:44:12","slug":"adidas-dusigeel-pre-sleep-calm-250ml","status":"publish","type":"product","link":"https:\/\/vbd.dev.sumena.ee\/en\/product-2\/adidas-dusigeel-pre-sleep-calm-250ml\/","title":{"rendered":"Adidas Du\u0161igeel Pre-Sleep Calm 250ml"},"content":{"rendered":"<p>Rikastatud lavendli eeterliku \u00f5liga ja l\u00f5\u00f5gastab meelt. Uneeelse rahuliku du\u0161igeeli dermatoloogiliselt testitud koostisosad sobivad ideaalselt tundlikule nahale: gl\u00fctseriini-h\u00fcaluroonne kompleks toidab, tagab naha kiire taastumise ja s\u00e4ilitab naha loomuliku niiskuse \u2013 isegi sageli du\u0161i all k\u00e4ies.\u00a0Vegan koostis ilma seebi, mineraal\u00f5li ja sulfaadip\u00f5histe pindaktiivsete aineteta ning 98 protsenti biolagunev. J\u00e4tkusuutlik pudel on ka korduvt\u00e4idetav ja koosneb 100% taaskasutatud materjalist (v\u00e4lja arvatud lisaained, kork ja etikett). Koostis: AQUA\/WATER\/EAU, CITRIC ACID, COCAMIDOPROPYL BETAINE, DISODIUM EDTA, PARFUM\/FRAGRANCE, PENTYLENE GLYCOL, SODIUM C14-16 OLEFIN SULFONATE, SODIUM CHLORIDE, SODIUM HYALURONATE.<\/p>","protected":false},"excerpt":{"rendered":"<p>Parim enne: 10.03.2026 Hulgipakend: 12<\/p>","protected":false},"featured_media":312380,"comment_status":"open","ping_status":"closed","template":"","meta":{"_acf_changed":false},"product_brand":[],"product_cat":[158,104],"product_tag":[],"class_list":{"0":"post-312379","1":"product","2":"type-product","3":"status-publish","4":"has-post-thumbnail","6":"product_cat-kehahooldus","7":"product_cat-enesehooldus","9":"first","10":"instock","11":"sale","12":"taxable","13":"shipping-taxable","14":"purchasable","15":"product-type-simple"},"supplier_id":null,"supplier_sku":"","barcode":null,"atum_controlled":true,"out_stock_date":null,"out_stock_threshold":null,"inheritable":false,"inbound_stock":0,"stock_on_hold":0,"sold_today":0,"sales_last_days":24,"reserved_stock":0,"customer_returns":0,"warehouse_damage":0,"lost_in_post":0,"other_logs":0,"out_stock_days":0,"lost_sales":0,"has_location":false,"update_date":"2026-02-11T10:46:28","atum_locations":[],"atum_stock_status":"instock","restock_status":false,"low_stock_amount":"","sales_update_date":"2026-02-11T10:46:19","calc_backorders":null,"acf":[],"_links":{"self":[{"href":"https:\/\/vbd.dev.sumena.ee\/en\/wp-json\/wp\/v2\/product\/312379","targetHints":{"allow":["GET"]}}],"collection":[{"href":"https:\/\/vbd.dev.sumena.ee\/en\/wp-json\/wp\/v2\/product"}],"about":[{"href":"https:\/\/vbd.dev.sumena.ee\/en\/wp-json\/wp\/v2\/types\/product"}],"replies":[{"embeddable":true,"href":"https:\/\/vbd.dev.sumena.ee\/en\/wp-json\/wp\/v2\/comments?post=312379"}],"wp:featuredmedia":[{"embeddable":true,"href":"https:\/\/vbd.dev.sumena.ee\/en\/wp-json\/wp\/v2\/media\/312380"}],"wp:attachment":[{"href":"https:\/\/vbd.dev.sumena.ee\/en\/wp-json\/wp\/v2\/media?parent=312379"}],"wp:term":[{"taxonomy":"product_brand","embeddable":true,"href":"https:\/\/vbd.dev.sumena.ee\/en\/wp-json\/wp\/v2\/product_brand?post=312379"},{"taxonomy":"product_cat","embeddable":true,"href":"https:\/\/vbd.dev.sumena.ee\/en\/wp-json\/wp\/v2\/product_cat?post=312379"},{"taxonomy":"product_tag","embeddable":true,"href":"https:\/\/vbd.dev.sumena.ee\/en\/wp-json\/wp\/v2\/product_tag?post=312379"}],"curies":[{"name":"wp","href":"https:\/\/api.w.org\/{rel}","templated":true}]}}