{"id":311083,"date":"2025-09-19T12:39:32","date_gmt":"2025-09-19T09:39:32","guid":{"rendered":"https:\/\/vbd.dev.sumena.ee\/?post_type=product&#038;p=311083"},"modified":"2026-02-11T10:28:07","modified_gmt":"2026-02-11T07:28:07","slug":"dusigeel-niisutav-ja-toitev-woods-x-vetiver-rich-280-ml","status":"publish","type":"product","link":"https:\/\/vbd.dev.sumena.ee\/en\/product-2\/dusigeel-niisutav-ja-toitev-woods-x-vetiver-rich-280-ml\/","title":{"rendered":"Du\u0161igeel niisutav ja toitev Woods x Vetiver, RICH, 280 ml"},"content":{"rendered":"<p>Sobib ideaalselt mahedate ja puiduste aroomide austajatele. Polyplant Marine\u2122 taimeekstraktide kompleksiga (p\u00f5isadru, nori, wakame, rohevetikad, punavetikad) rikastatud du\u0161igeel j\u00e4tab naha pehmeks ja niisutatuks. Merevetikad sisaldavad palju vitamiine ja mineraalaineid, mis toidavad nahka.<\/p>\n<p>Koostis: AQUA\/WATER\/EAU, SODIUM MYRETH SULFATE, COCOAMIDO PROPYL BETAINE, COCO-GLUCOSIDE, GLYCERYL OLEATE, GLYCERIN, PARFUM (FRAGRANCE), SODIUM CHLORIDE, CAPRYLYL GLYCOL, GUAR HYDROXYPROPYLTRIMONIUM CHLORIDE, ETHYLHEXYLGLYCERIN, CITRIC ACID, SODIUM HYDROXIDE, ENTEROMORPHA COMPRESSA EXTRACT, FUCUS VESICULOSUS EXTRACT, LITHOTHAMNION CALCAREUM EXTRACT, PORPHYRA UMBILICALIS EXTRACT, UNDARIA PINNATIFIDA EXTRACT, POTASSIUM SORBATE, SODIUM BENZOATE, LINALOOL, LIMONENE, ALPHA-ISOMETHYL IONONE<\/p>","protected":false},"excerpt":{"rendered":"<p>Hulgipakend: 6<\/p>","protected":false},"featured_media":311084,"comment_status":"open","ping_status":"closed","template":"","meta":{"_acf_changed":false},"product_brand":[],"product_cat":[158,104],"product_tag":[],"class_list":{"0":"post-311083","1":"product","2":"type-product","3":"status-publish","4":"has-post-thumbnail","6":"product_cat-kehahooldus","7":"product_cat-enesehooldus","9":"first","10":"instock","11":"sale","12":"taxable","13":"shipping-taxable","14":"purchasable","15":"product-type-simple"},"supplier_id":null,"supplier_sku":"","barcode":null,"atum_controlled":true,"out_stock_date":null,"out_stock_threshold":null,"inheritable":false,"inbound_stock":0,"stock_on_hold":0,"sold_today":1,"sales_last_days":16,"reserved_stock":0,"customer_returns":0,"warehouse_damage":0,"lost_in_post":0,"other_logs":0,"out_stock_days":0,"lost_sales":0,"has_location":false,"update_date":"2026-02-11T11:48:30","atum_locations":[],"atum_stock_status":"instock","restock_status":false,"low_stock_amount":"","sales_update_date":"2026-02-11T11:48:20","calc_backorders":null,"acf":[],"_links":{"self":[{"href":"https:\/\/vbd.dev.sumena.ee\/en\/wp-json\/wp\/v2\/product\/311083","targetHints":{"allow":["GET"]}}],"collection":[{"href":"https:\/\/vbd.dev.sumena.ee\/en\/wp-json\/wp\/v2\/product"}],"about":[{"href":"https:\/\/vbd.dev.sumena.ee\/en\/wp-json\/wp\/v2\/types\/product"}],"replies":[{"embeddable":true,"href":"https:\/\/vbd.dev.sumena.ee\/en\/wp-json\/wp\/v2\/comments?post=311083"}],"wp:featuredmedia":[{"embeddable":true,"href":"https:\/\/vbd.dev.sumena.ee\/en\/wp-json\/wp\/v2\/media\/311084"}],"wp:attachment":[{"href":"https:\/\/vbd.dev.sumena.ee\/en\/wp-json\/wp\/v2\/media?parent=311083"}],"wp:term":[{"taxonomy":"product_brand","embeddable":true,"href":"https:\/\/vbd.dev.sumena.ee\/en\/wp-json\/wp\/v2\/product_brand?post=311083"},{"taxonomy":"product_cat","embeddable":true,"href":"https:\/\/vbd.dev.sumena.ee\/en\/wp-json\/wp\/v2\/product_cat?post=311083"},{"taxonomy":"product_tag","embeddable":true,"href":"https:\/\/vbd.dev.sumena.ee\/en\/wp-json\/wp\/v2\/product_tag?post=311083"}],"curies":[{"name":"wp","href":"https:\/\/api.w.org\/{rel}","templated":true}]}}