{"id":311079,"date":"2025-09-19T12:33:07","date_gmt":"2025-09-19T09:33:07","guid":{"rendered":"https:\/\/vbd.dev.sumena.ee\/?post_type=product&#038;p=311079"},"modified":"2026-02-06T21:28:21","modified_gmt":"2026-02-06T18:28:21","slug":"dusigeel-niisutav-ja-toitev-valge-roos-mandlipiim-rich-280-ml","status":"publish","type":"product","link":"https:\/\/vbd.dev.sumena.ee\/en\/product-2\/dusigeel-niisutav-ja-toitev-valge-roos-mandlipiim-rich-280-ml\/","title":{"rendered":"Du\u0161igeel niisutav ja toitev (valge roos-mandlipiim), RICH, 280 ml"},"content":{"rendered":"<p>Muutke du\u0161i all k\u00e4imine veelgi meeldivamaks selle White Rose &amp; Almond Milk du\u0161igeeliga. Ideaalne lille- ja peente aroomide austajatele. Du\u0161igeel, mis on rikastatud Polyplant Marine\u2122 taimeekstraktide kompleksiga (suured pruunvetikad, nori, wakame, rohevetikad, punavetikad), annab teie nahale \u00f5rnuse ja niisutab seda. Looduslikult vitamiini- ja mineraalainerikkad merevetikad toidavad nahka.<br \/>\nKasutamine: kasutada niiskel nahal. Masseerida kuni vahu tekkimiseni, loputada veega.<br \/>\nKoostisained: AQUA\/WATER\/EAU, SODIUM MYRETH SULFATE, COCOAMIDO PROPYL BETAINE, COCO-GLUCOSIDE, GLYCERYL OLEATE, GLYCERIN, PARFUM (FRAGRANCE), SODIUM CHLORIDE, CAPRYLYL GLYCOL, GUAR HYDROXYPROPYLTRIMONIUM CHLORIDE, ETHYLHEXYLGLYCERIN, CITRIC ACID, SODIUM HYDROXIDE, ENTEROMORPHA COMPRESSA EXTRACT, FUCUS VESICULOSUS EXTRACT, LITHOTHAMNION CALCAREUM EXTRACT, PORPHYRA UMBILICALIS EXTRACT, UNDARIA PINNATIFIDA EXTRACT, POTASSIUM SORBATE, SODIUM BENZOATE, CITRONELLOL, LIMONENE.<br \/>\nT\u00e4helepanu! Tuletame meelde, et toodete koostis v\u00f5ib muutuda. K\u00f5ige v\u00e4rskem koostisainete loetelu on teie ostetud toote pakendil. Kui veebis loetletud toote koostis erineb pakendil olevast, vaadake ostetud tootel olevat nimekirja.<\/p>","protected":false},"excerpt":{"rendered":"<p>Hulgipakend: 6<\/p>","protected":false},"featured_media":311080,"comment_status":"open","ping_status":"closed","template":"","meta":{"_acf_changed":false},"product_brand":[],"product_cat":[158,104],"product_tag":[],"class_list":{"0":"post-311079","1":"product","2":"type-product","3":"status-publish","4":"has-post-thumbnail","6":"product_cat-kehahooldus","7":"product_cat-enesehooldus","9":"first","10":"instock","11":"sale","12":"taxable","13":"shipping-taxable","14":"purchasable","15":"product-type-simple"},"supplier_id":null,"supplier_sku":"","barcode":null,"atum_controlled":true,"out_stock_date":null,"out_stock_threshold":null,"inheritable":false,"inbound_stock":0,"stock_on_hold":0,"sold_today":0,"sales_last_days":15,"reserved_stock":0,"customer_returns":0,"warehouse_damage":0,"lost_in_post":0,"other_logs":0,"out_stock_days":0,"lost_sales":0,"has_location":false,"update_date":"2026-02-11T09:18:56","atum_locations":[],"atum_stock_status":"instock","restock_status":false,"low_stock_amount":"","sales_update_date":"2026-02-11T09:18:56","calc_backorders":null,"acf":[],"_links":{"self":[{"href":"https:\/\/vbd.dev.sumena.ee\/en\/wp-json\/wp\/v2\/product\/311079","targetHints":{"allow":["GET"]}}],"collection":[{"href":"https:\/\/vbd.dev.sumena.ee\/en\/wp-json\/wp\/v2\/product"}],"about":[{"href":"https:\/\/vbd.dev.sumena.ee\/en\/wp-json\/wp\/v2\/types\/product"}],"replies":[{"embeddable":true,"href":"https:\/\/vbd.dev.sumena.ee\/en\/wp-json\/wp\/v2\/comments?post=311079"}],"wp:featuredmedia":[{"embeddable":true,"href":"https:\/\/vbd.dev.sumena.ee\/en\/wp-json\/wp\/v2\/media\/311080"}],"wp:attachment":[{"href":"https:\/\/vbd.dev.sumena.ee\/en\/wp-json\/wp\/v2\/media?parent=311079"}],"wp:term":[{"taxonomy":"product_brand","embeddable":true,"href":"https:\/\/vbd.dev.sumena.ee\/en\/wp-json\/wp\/v2\/product_brand?post=311079"},{"taxonomy":"product_cat","embeddable":true,"href":"https:\/\/vbd.dev.sumena.ee\/en\/wp-json\/wp\/v2\/product_cat?post=311079"},{"taxonomy":"product_tag","embeddable":true,"href":"https:\/\/vbd.dev.sumena.ee\/en\/wp-json\/wp\/v2\/product_tag?post=311079"}],"curies":[{"name":"wp","href":"https:\/\/api.w.org\/{rel}","templated":true}]}}