{"id":311077,"date":"2025-09-19T12:30:01","date_gmt":"2025-09-19T09:30:01","guid":{"rendered":"https:\/\/vbd.dev.sumena.ee\/?post_type=product&#038;p=311077"},"modified":"2026-02-11T23:48:44","modified_gmt":"2026-02-11T20:48:44","slug":"dusigeel-niisutav-ja-toitev-piparmunt-mimoos-rich-280-ml","status":"publish","type":"product","link":"https:\/\/vbd.dev.sumena.ee\/en\/product-2\/dusigeel-niisutav-ja-toitev-piparmunt-mimoos-rich-280-ml\/","title":{"rendered":"Du\u0161igeel niisutav ja toitev (piparm\u00fcnt-mimoos), RICH, 280 ml"},"content":{"rendered":"<div class=\"product-description\">\n<div>\n<div>V\u00e4rske l\u00f5hnaga parf\u00fcmeeritud du\u0161igeel, mis on rikastatud Polyplant Marine\u2122 taimeekstraktide kompleksiga (kelp, nori, wakame, rohevetikas, punavetikad), et pehmendada ja niisutada nahka. Looduslikult rikkalikult vitamiine ja mineraalaineid sisaldav astelpaju toidab teie nahka.<br \/>\nKasutamine: kasutage niiskele nahale. Masseerige, kuni see on vahustatud, loputage veega.<br \/>\nKoostisosad: Koorematerjalid: AQUA\/VESI\/EAU, NAATRIUMM\u00dc\u00dcRESULFAAT, KOOKOSAMIDO PROP\u00dc\u00dcLBETAIIN, KOOKOSGL\u00dcKOSIID, GL\u00dcTSER\u00dc\u00dcLOLEAAT, GL\u00dcTSERIIN, PARF\u00dc\u00dcM (L\u00d5HNAAINE), NAATRIUMKLORIID, KAPR\u00dc\u00dcLGL\u00dcKOOL, GUARH\u00dcDROKS\u00dcPROP\u00dc\u00dcLTRIMONIUMKLORIID, ET\u00dc\u00dcLHEKS\u00dc\u00dcLGL\u00dcTSERIIN, SIDRUNHAPE, NAATRIUMH\u00dcDROKSIID, ENTEROMORPHA COMPRESSA EKSTRAKT, FUCUS VESICULOSUS EKSTRAKT, LITHOTHAMNION CALCAREUM EKSTRAKT, PORPHYRA UMBILICALIS EKSTRAKT, UNDARIA PINNATIFIDA EKSTRAKT, KAALIUMSORBAAT, NAATRIUMBENSOAAT, BENS\u00dc\u00dcLSALITS\u00dcLAAT, LINALOOL, LIMONEEN, ALFA-ISOMET\u00dc\u00dcLIONOON.<br \/>\nEttevaatust! Pange t\u00e4hele, et toodete koostis v\u00f5ib muutuda. Viimane koostisainete loetelu on saadaval ostetud toote pakendil. Kui internetis loetletud koostisained erinevad pakendil olevatest koostisainetest, vaadake palun ostetud toote nimekirja.<br \/>\nS\u00e4ilivusaeg: toode kehtib 12 kuud alates avamise kuup\u00e4evast.<\/div>\n<\/div>\n<\/div>\n<div class=\"product-description\"><\/div>","protected":false},"excerpt":{"rendered":"<p>Hulgipakend: 6<\/p>","protected":false},"featured_media":311078,"comment_status":"open","ping_status":"closed","template":"","meta":{"_acf_changed":false},"product_brand":[],"product_cat":[158,104],"product_tag":[],"class_list":{"0":"post-311077","1":"product","2":"type-product","3":"status-publish","4":"has-post-thumbnail","6":"product_cat-kehahooldus","7":"product_cat-enesehooldus","9":"first","10":"instock","11":"sale","12":"taxable","13":"shipping-taxable","14":"purchasable","15":"product-type-simple"},"supplier_id":null,"supplier_sku":"","barcode":null,"atum_controlled":true,"out_stock_date":null,"out_stock_threshold":null,"inheritable":false,"inbound_stock":0,"stock_on_hold":0,"sold_today":0,"sales_last_days":10,"reserved_stock":0,"customer_returns":0,"warehouse_damage":0,"lost_in_post":0,"other_logs":0,"out_stock_days":0,"lost_sales":0,"has_location":false,"update_date":"2026-02-12T06:53:12","atum_locations":[],"atum_stock_status":"instock","restock_status":false,"low_stock_amount":"","sales_update_date":"2026-02-12T06:53:04","calc_backorders":null,"acf":[],"_links":{"self":[{"href":"https:\/\/vbd.dev.sumena.ee\/en\/wp-json\/wp\/v2\/product\/311077","targetHints":{"allow":["GET"]}}],"collection":[{"href":"https:\/\/vbd.dev.sumena.ee\/en\/wp-json\/wp\/v2\/product"}],"about":[{"href":"https:\/\/vbd.dev.sumena.ee\/en\/wp-json\/wp\/v2\/types\/product"}],"replies":[{"embeddable":true,"href":"https:\/\/vbd.dev.sumena.ee\/en\/wp-json\/wp\/v2\/comments?post=311077"}],"wp:featuredmedia":[{"embeddable":true,"href":"https:\/\/vbd.dev.sumena.ee\/en\/wp-json\/wp\/v2\/media\/311078"}],"wp:attachment":[{"href":"https:\/\/vbd.dev.sumena.ee\/en\/wp-json\/wp\/v2\/media?parent=311077"}],"wp:term":[{"taxonomy":"product_brand","embeddable":true,"href":"https:\/\/vbd.dev.sumena.ee\/en\/wp-json\/wp\/v2\/product_brand?post=311077"},{"taxonomy":"product_cat","embeddable":true,"href":"https:\/\/vbd.dev.sumena.ee\/en\/wp-json\/wp\/v2\/product_cat?post=311077"},{"taxonomy":"product_tag","embeddable":true,"href":"https:\/\/vbd.dev.sumena.ee\/en\/wp-json\/wp\/v2\/product_tag?post=311077"}],"curies":[{"name":"wp","href":"https:\/\/api.w.org\/{rel}","templated":true}]}}