{"id":311054,"date":"2025-11-19T14:29:13","date_gmt":"2025-11-19T11:29:13","guid":{"rendered":"https:\/\/vbd.dev.sumena.ee\/?post_type=product&#038;p=311054"},"modified":"2026-02-12T12:32:30","modified_gmt":"2026-02-12T09:32:30","slug":"thai-choice-ploomikaste-200ml","status":"publish","type":"product","link":"https:\/\/vbd.dev.sumena.ee\/en\/product-2\/thai-choice-ploomikaste-200ml\/","title":{"rendered":"THAI CHOICE ploomikaste 200ml"},"content":{"rendered":"<p>Ploomikaste sobib kastmeks igat liiki liha, mereandide ja kevadrullide juurde. See on puuviljase, magusa ja m\u00f5nusalt hapuka maitse ja aroomiga. Proovi ka dipikastmena, salati maitsestamiseks v\u00f5i lisa pannkookidele!<\/p>\n<p><strong>Ingredients:<\/strong> suhkur, vesi, fruktoos, gl\u00fckoos, ploom 5%, sool, happesuse regulaator: sidrunhape E330, stabilisaator: guarkummi E412, ksantaankummi E415, geelistusaine: gellaankumm E418, ploomi maitseaine, magusaine: aspartaam E 951. Toode v\u00f5ib sisaldada P\u00c4HKLI osakesi, ei sisalda s\u00e4ilitusained, MSG-d ega kunstlikke v\u00e4rvaineid.<\/p>\n<p><strong>Toitumisalane teave 100ml toote kohta:<\/strong> energiasisaldus 1177 kJ\/277 kcal, rasvad 0 g, millest k\u00fcllastunud rasvhapped 0 g; s\u00fcsivesikud 68,9 g, millest suhkrud 63,3 g; kiudained 0,8 g; valgud 0 g; sool 2,2 g.<\/p>","protected":false},"excerpt":{"rendered":"<p>Parim enne: 14.12.2025<\/p>","protected":false},"featured_media":311055,"comment_status":"open","ping_status":"closed","template":"","meta":{"_acf_changed":false},"product_brand":[],"product_cat":[83],"product_tag":[],"class_list":{"0":"post-311054","1":"product","2":"type-product","3":"status-publish","4":"has-post-thumbnail","6":"product_cat-kastmed-olid","8":"first","9":"instock","10":"sale","11":"taxable","12":"shipping-taxable","13":"purchasable","14":"product-type-simple"},"supplier_id":null,"supplier_sku":"","barcode":null,"atum_controlled":true,"out_stock_date":null,"out_stock_threshold":null,"inheritable":false,"inbound_stock":0,"stock_on_hold":38,"sold_today":13,"sales_last_days":81,"reserved_stock":0,"customer_returns":0,"warehouse_damage":0,"lost_in_post":0,"other_logs":0,"out_stock_days":0,"lost_sales":0,"has_location":false,"update_date":"2026-02-12T10:37:12","atum_locations":[],"atum_stock_status":"instock","restock_status":true,"low_stock_amount":"","sales_update_date":"2026-02-12T10:37:03","calc_backorders":null,"acf":[],"_links":{"self":[{"href":"https:\/\/vbd.dev.sumena.ee\/en\/wp-json\/wp\/v2\/product\/311054","targetHints":{"allow":["GET"]}}],"collection":[{"href":"https:\/\/vbd.dev.sumena.ee\/en\/wp-json\/wp\/v2\/product"}],"about":[{"href":"https:\/\/vbd.dev.sumena.ee\/en\/wp-json\/wp\/v2\/types\/product"}],"replies":[{"embeddable":true,"href":"https:\/\/vbd.dev.sumena.ee\/en\/wp-json\/wp\/v2\/comments?post=311054"}],"wp:featuredmedia":[{"embeddable":true,"href":"https:\/\/vbd.dev.sumena.ee\/en\/wp-json\/wp\/v2\/media\/311055"}],"wp:attachment":[{"href":"https:\/\/vbd.dev.sumena.ee\/en\/wp-json\/wp\/v2\/media?parent=311054"}],"wp:term":[{"taxonomy":"product_brand","embeddable":true,"href":"https:\/\/vbd.dev.sumena.ee\/en\/wp-json\/wp\/v2\/product_brand?post=311054"},{"taxonomy":"product_cat","embeddable":true,"href":"https:\/\/vbd.dev.sumena.ee\/en\/wp-json\/wp\/v2\/product_cat?post=311054"},{"taxonomy":"product_tag","embeddable":true,"href":"https:\/\/vbd.dev.sumena.ee\/en\/wp-json\/wp\/v2\/product_tag?post=311054"}],"curies":[{"name":"wp","href":"https:\/\/api.w.org\/{rel}","templated":true}]}}