{"id":303704,"date":"2025-10-08T14:38:57","date_gmt":"2025-10-08T11:38:57","guid":{"rendered":"https:\/\/vbd.dev.sumena.ee\/?post_type=product&#038;p=303704"},"modified":"2026-02-11T23:21:09","modified_gmt":"2026-02-11T20:21:09","slug":"tsillikaste-mangoga-thai-choice-200ml","status":"publish","type":"product","link":"https:\/\/vbd.dev.sumena.ee\/en\/product-2\/tsillikaste-mangoga-thai-choice-200ml\/","title":{"rendered":"T\u0161illikaste mangoga, THAI CHOICE, 200ml"},"content":{"rendered":"<p>V\u00e4ikese t\u0161illi lisandiga mangokaste on ideaalne dipikaste kevadrullidele, mereandidele ja kanale, salati maitsestamiseks ning marinaadidesse.<\/p>\n<p><strong>Ingredients:<\/strong> k\u00fcps mango (46%), vesi, suhkur, sool, punane t\u0161illi 1,5%, happesuse regulaator: sidrunhape E330, paksendaja: modifitseeritud t\u00e4rklis E1442, stabilisaator: ksantaankumm E415. Toode v\u00f5ib sisaldada P\u00c4HKLI t\u00fckikesi. Ei sisalda kunstlikke v\u00e4rvaineid. Ei sisalda s\u00e4ilitusaineid ja MSG-d.<\/p>\n<p><strong>Toitumisalane teave 100ml toote kohta:<\/strong> energiasisaldus 610 kJ\/146 kcal, rasvad 0,01 g, millest k\u00fcllastunud rasvhapped 0 g; s\u00fcsivesikud 30 g, millest suhkrud 20 g; kiudained 0,6 g; valgud 0,25 g; sool 1,9 g.<\/p>","protected":false},"excerpt":{"rendered":"<p>Parim enne: 04.12.2025 Hulgipakend: 12<\/p>","protected":false},"featured_media":303705,"comment_status":"open","ping_status":"closed","template":"","meta":{"_acf_changed":false},"product_brand":[],"product_cat":[83],"product_tag":[],"class_list":{"0":"post-303704","1":"product","2":"type-product","3":"status-publish","4":"has-post-thumbnail","6":"product_cat-kastmed-olid","8":"first","9":"instock","10":"sale","11":"taxable","12":"shipping-taxable","13":"purchasable","14":"product-type-simple"},"supplier_id":null,"supplier_sku":"","barcode":null,"atum_controlled":true,"out_stock_date":null,"out_stock_threshold":null,"inheritable":false,"inbound_stock":0,"stock_on_hold":2,"sold_today":0,"sales_last_days":104,"reserved_stock":0,"customer_returns":0,"warehouse_damage":0,"lost_in_post":0,"other_logs":0,"out_stock_days":0,"lost_sales":0,"has_location":false,"update_date":"2026-02-12T14:27:57","atum_locations":[],"atum_stock_status":"instock","restock_status":false,"low_stock_amount":"","sales_update_date":"2026-02-12T14:27:48","calc_backorders":null,"acf":[],"_links":{"self":[{"href":"https:\/\/vbd.dev.sumena.ee\/en\/wp-json\/wp\/v2\/product\/303704","targetHints":{"allow":["GET"]}}],"collection":[{"href":"https:\/\/vbd.dev.sumena.ee\/en\/wp-json\/wp\/v2\/product"}],"about":[{"href":"https:\/\/vbd.dev.sumena.ee\/en\/wp-json\/wp\/v2\/types\/product"}],"replies":[{"embeddable":true,"href":"https:\/\/vbd.dev.sumena.ee\/en\/wp-json\/wp\/v2\/comments?post=303704"}],"wp:featuredmedia":[{"embeddable":true,"href":"https:\/\/vbd.dev.sumena.ee\/en\/wp-json\/wp\/v2\/media\/303705"}],"wp:attachment":[{"href":"https:\/\/vbd.dev.sumena.ee\/en\/wp-json\/wp\/v2\/media?parent=303704"}],"wp:term":[{"taxonomy":"product_brand","embeddable":true,"href":"https:\/\/vbd.dev.sumena.ee\/en\/wp-json\/wp\/v2\/product_brand?post=303704"},{"taxonomy":"product_cat","embeddable":true,"href":"https:\/\/vbd.dev.sumena.ee\/en\/wp-json\/wp\/v2\/product_cat?post=303704"},{"taxonomy":"product_tag","embeddable":true,"href":"https:\/\/vbd.dev.sumena.ee\/en\/wp-json\/wp\/v2\/product_tag?post=303704"}],"curies":[{"name":"wp","href":"https:\/\/api.w.org\/{rel}","templated":true}]}}