{"id":294086,"date":"2025-08-01T14:58:15","date_gmt":"2025-08-01T11:58:15","guid":{"rendered":"https:\/\/vbd.dev.sumena.ee\/?post_type=product&#038;p=294086"},"modified":"2026-02-12T00:32:19","modified_gmt":"2026-02-11T21:32:19","slug":"kupsisdykanske-145-gr","status":"publish","type":"product","link":"https:\/\/vbd.dev.sumena.ee\/en\/product-2\/kupsisdykanske-145-gr\/","title":{"rendered":"K\u00fcpsis&#8221;Dykanske\u00bb&#8221; 145 gr"},"content":{"rendered":"<p class=\"p1\"><span class=\"s1\">Ingredients:<\/span><span class=\"s2\"> nisujahu, suhkur, palm\u00f5li, vesi, kergitusained E500(ii), E503, E450, sool, emulgaator sojaletsitiin, l\u00f5hna- ja maitseaine, happesuse regulaator E270.<\/span><\/p>\n<p class=\"p1\"><span class=\"s1\">V\u00f5ib sisaldada v\u00e4hesel m\u00e4\u00e4ral:<\/span><span class=\"s2\"> p\u00e4hklite, maap\u00e4hklite, seesamiseemnete, odra, piima- ja munatoodete j\u00e4\u00e4ke.<\/span><\/p>\n<p class=\"p1\"><span class=\"s1\">Toitumisalane info 100g toote kohta:<\/span><\/p>\n<p class=\"p1\"><span class=\"s2\">Energia 1694 kJ \/ 401 kcal<\/span><\/p>\n<p class=\"p1\"><span class=\"s2\">Rasvad 8,81 g (millest k\u00fcllastunud rasvhapped 3,97 g)<\/span><\/p>\n<p class=\"p1\"><span class=\"s2\">S\u00fcsivesikud 71,45 g (millest suhkrud 23,85 g)<\/span><\/p>\n<p class=\"p1\"><span class=\"s2\">Valgud 9,02 g<\/span><\/p>\n<p class=\"p1\"><span class=\"s2\">Sool 0,68 g<\/span><\/p>","protected":false},"excerpt":{"rendered":"<p>Koostisosad: nisujahu, suhkur, palm\u00f5li, vesi, kergitusained E500(ii), E503, E450, sool, emulgaator sojaletsitiin, l\u00f5hna- ja maitseaine, happesuse regulaator E270. V\u00f5ib sisaldada v\u00e4hesel m\u00e4\u00e4ral: p\u00e4hklite, maap\u00e4hklite, seesamiseemnete, odra, piima- ja munatoodete j\u00e4\u00e4ke. Toitumisalane info 100g toote kohta: Energia 1694 kJ \/ 401 kcal Rasvad 8,81 g (millest k\u00fcllastunud rasvhapped 3,97 g) S\u00fcsivesikud 71,45 g (millest suhkrud 23,85 [&hellip;]<\/p>","protected":false},"featured_media":294094,"comment_status":"open","ping_status":"closed","template":"","meta":{"_acf_changed":false},"product_brand":[],"product_cat":[117,80],"product_tag":[],"class_list":{"0":"post-294086","1":"product","2":"type-product","3":"status-publish","4":"has-post-thumbnail","6":"product_cat-kupsised","7":"product_cat-snakid","9":"first","10":"instock","11":"sale","12":"taxable","13":"shipping-taxable","14":"purchasable","15":"product-type-simple"},"supplier_id":null,"supplier_sku":"","barcode":null,"atum_controlled":true,"out_stock_date":null,"out_stock_threshold":null,"inheritable":false,"inbound_stock":0,"stock_on_hold":12,"sold_today":3,"sales_last_days":150,"reserved_stock":0,"customer_returns":0,"warehouse_damage":0,"lost_in_post":0,"other_logs":0,"out_stock_days":0,"lost_sales":0,"has_location":false,"update_date":"2026-02-12T14:54:35","atum_locations":[],"atum_stock_status":"instock","restock_status":true,"low_stock_amount":"","sales_update_date":"2026-02-12T14:54:25","calc_backorders":null,"acf":[],"_links":{"self":[{"href":"https:\/\/vbd.dev.sumena.ee\/en\/wp-json\/wp\/v2\/product\/294086","targetHints":{"allow":["GET"]}}],"collection":[{"href":"https:\/\/vbd.dev.sumena.ee\/en\/wp-json\/wp\/v2\/product"}],"about":[{"href":"https:\/\/vbd.dev.sumena.ee\/en\/wp-json\/wp\/v2\/types\/product"}],"replies":[{"embeddable":true,"href":"https:\/\/vbd.dev.sumena.ee\/en\/wp-json\/wp\/v2\/comments?post=294086"}],"wp:featuredmedia":[{"embeddable":true,"href":"https:\/\/vbd.dev.sumena.ee\/en\/wp-json\/wp\/v2\/media\/294094"}],"wp:attachment":[{"href":"https:\/\/vbd.dev.sumena.ee\/en\/wp-json\/wp\/v2\/media?parent=294086"}],"wp:term":[{"taxonomy":"product_brand","embeddable":true,"href":"https:\/\/vbd.dev.sumena.ee\/en\/wp-json\/wp\/v2\/product_brand?post=294086"},{"taxonomy":"product_cat","embeddable":true,"href":"https:\/\/vbd.dev.sumena.ee\/en\/wp-json\/wp\/v2\/product_cat?post=294086"},{"taxonomy":"product_tag","embeddable":true,"href":"https:\/\/vbd.dev.sumena.ee\/en\/wp-json\/wp\/v2\/product_tag?post=294086"}],"curies":[{"name":"wp","href":"https:\/\/api.w.org\/{rel}","templated":true}]}}