{"id":294075,"date":"2026-01-19T20:13:45","date_gmt":"2026-01-19T17:13:45","guid":{"rendered":"https:\/\/vbd.dev.sumena.ee\/?post_type=product&#038;p=294075"},"modified":"2026-02-12T14:46:15","modified_gmt":"2026-02-12T11:46:15","slug":"vannitoapuhastusvahend-all-care-mayeri-750ml","status":"publish","type":"product","link":"https:\/\/vbd.dev.sumena.ee\/en\/product-2\/vannitoapuhastusvahend-all-care-mayeri-750ml\/","title":{"rendered":"Vannitoapuhastusvahend All-Care, MAYERI, 750ml"},"content":{"rendered":"<p>PUHASTUSVAHEND VANNITOALE. T\u00f5hus puhastusvahend mustuse (seebij\u00e4\u00e4gid, veeplekid, lubjasetted, katlakivi jms.) eemaldamiseks vannitoast. Kasutamine: Pihustada vahend puhastatavatele pindadele ning seej\u00e4rel lasta toimida 5-10 minutit, pesta pind, loputada rohke veega ja kuivatada lapiga. Toode ei ole ette n\u00e4htud suurte pindade puhastamiseks. ETTEVAATUST! Toode on happeline! Mitte kasutada lubjap\u00f5histest materjalidest, looduslikust kivist ja emailitud pindade puhastamiseks.<\/p>","protected":false},"excerpt":{"rendered":"<p>PUHASTUSVAHEND VANNITOALE. T\u00f5hus puhastusvahend mustuse (seebij\u00e4\u00e4gid, veeplekid, lubjasetted, katlakivi jms.) eemaldamiseks vannitoast. Kasutamine: Pihustada vahend puhastatavatele pindadele ning seej\u00e4rel lasta toimida 5-10 minutit, pesta pind, loputada rohke veega ja kuivatada lapiga. Toode ei ole ette n\u00e4htud suurte pindade puhastamiseks. ETTEVAATUST! Toode on happeline! Mitte kasutada lubjap\u00f5histest materjalidest, looduslikust kivist ja emailitud pindade puhastamiseks.<\/p>","protected":false},"featured_media":294076,"comment_status":"open","ping_status":"closed","template":"","meta":{"_acf_changed":false},"product_brand":[],"product_cat":[185,88],"product_tag":[],"class_list":{"0":"post-294075","1":"product","2":"type-product","3":"status-publish","4":"has-post-thumbnail","6":"product_cat-puhastus-ja-koristusvahendid","7":"product_cat-tarbekaubad-tooted","9":"first","10":"instock","11":"sale","12":"taxable","13":"shipping-taxable","14":"purchasable","15":"product-type-simple"},"supplier_id":null,"supplier_sku":"","barcode":null,"atum_controlled":true,"out_stock_date":null,"out_stock_threshold":null,"inheritable":false,"inbound_stock":0,"stock_on_hold":3,"sold_today":3,"sales_last_days":128,"reserved_stock":0,"customer_returns":0,"warehouse_damage":0,"lost_in_post":0,"other_logs":0,"out_stock_days":0,"lost_sales":0,"has_location":false,"update_date":"2026-02-12T11:46:58","atum_locations":[],"atum_stock_status":"instock","restock_status":false,"low_stock_amount":"","sales_update_date":"2026-02-12T11:46:49","calc_backorders":null,"acf":[],"_links":{"self":[{"href":"https:\/\/vbd.dev.sumena.ee\/en\/wp-json\/wp\/v2\/product\/294075","targetHints":{"allow":["GET"]}}],"collection":[{"href":"https:\/\/vbd.dev.sumena.ee\/en\/wp-json\/wp\/v2\/product"}],"about":[{"href":"https:\/\/vbd.dev.sumena.ee\/en\/wp-json\/wp\/v2\/types\/product"}],"replies":[{"embeddable":true,"href":"https:\/\/vbd.dev.sumena.ee\/en\/wp-json\/wp\/v2\/comments?post=294075"}],"wp:featuredmedia":[{"embeddable":true,"href":"https:\/\/vbd.dev.sumena.ee\/en\/wp-json\/wp\/v2\/media\/294076"}],"wp:attachment":[{"href":"https:\/\/vbd.dev.sumena.ee\/en\/wp-json\/wp\/v2\/media?parent=294075"}],"wp:term":[{"taxonomy":"product_brand","embeddable":true,"href":"https:\/\/vbd.dev.sumena.ee\/en\/wp-json\/wp\/v2\/product_brand?post=294075"},{"taxonomy":"product_cat","embeddable":true,"href":"https:\/\/vbd.dev.sumena.ee\/en\/wp-json\/wp\/v2\/product_cat?post=294075"},{"taxonomy":"product_tag","embeddable":true,"href":"https:\/\/vbd.dev.sumena.ee\/en\/wp-json\/wp\/v2\/product_tag?post=294075"}],"curies":[{"name":"wp","href":"https:\/\/api.w.org\/{rel}","templated":true}]}}